{"id":1167,"date":"2023-05-27T11:04:21","date_gmt":"2023-05-27T11:04:21","guid":{"rendered":"https:\/\/yournordichome.com\/product\/wall-shelf-with-drawers\/"},"modified":"2025-08-06T15:57:03","modified_gmt":"2025-08-06T15:57:03","slug":"polka-scienna-z-szufladami","status":"publish","type":"product","link":"https:\/\/yournordichome.com\/pl\/product\/wall-shelf-with-drawers\/","title":{"rendered":"P\u00f3\u0142ka \u015bcienna z szufladami"},"content":{"rendered":"<p>Wymiary produktu: H50,5\/L71,5\/W18 cm<br \/>\nSk\u0142ad: Drewno jod\u0142owe, Ceramika, \u017belazo<\/p>","protected":false},"excerpt":{"rendered":"<p>P\u00f3\u0142ka \u015bcienna z szufladami w stylu vintage. Drewniane schowki i metalowe szuflady tworz\u0105 wyj\u0105tkowy element, kt\u00f3ry mo\u017ce by\u0107 u\u017cywany praktycznie.<\/p>","protected":false},"featured_media":701,"comment_status":"closed","ping_status":"closed","template":"","meta":{"_acf_changed":false,"_kad_post_transparent":"default","_kad_post_title":"","_kad_post_layout":"default","_kad_post_sidebar_id":"","_kad_post_content_style":"default","_kad_post_vertical_padding":"default","_kad_post_feature":"","_kad_post_feature_position":"","_kad_post_header":false,"_kad_post_footer":false,"_kad_post_classname":""},"pwb-brand":[19],"product_brand":[],"product_cat":[94,167],"product_tag":[34,98],"gyarto":[],"class_list":{"0":"post-1167","1":"product","2":"type-product","3":"status-publish","4":"has-post-thumbnail","6":"pwb-brand-chic-antique","7":"product_cat-furniture","8":"product_cat-wall-shelf","9":"product_tag-nordic-interior-design","10":"product_tag-vintage-style","11":"pa_colour-black","12":"pa_colour-nature","13":"pa_material-metal","14":"pa_material-pine-wood","16":"first","17":"instock","18":"taxable","19":"shipping-taxable","20":"purchasable","21":"product-type-simple","22":"entry","23":"content-bg","24":"loop-entry"},"acf":[],"brands":[{"id":19,"name":"Chic Antique","slug":"szykowny-antyk"}],"_links":{"self":[{"href":"https:\/\/yournordichome.com\/pl\/wp-json\/wp\/v2\/product\/1167","targetHints":{"allow":["GET"]}}],"collection":[{"href":"https:\/\/yournordichome.com\/pl\/wp-json\/wp\/v2\/product"}],"about":[{"href":"https:\/\/yournordichome.com\/pl\/wp-json\/wp\/v2\/types\/product"}],"replies":[{"embeddable":true,"href":"https:\/\/yournordichome.com\/pl\/wp-json\/wp\/v2\/comments?post=1167"}],"wp:featuredmedia":[{"embeddable":true,"href":"https:\/\/yournordichome.com\/pl\/wp-json\/wp\/v2\/media\/701"}],"wp:attachment":[{"href":"https:\/\/yournordichome.com\/pl\/wp-json\/wp\/v2\/media?parent=1167"}],"wp:term":[{"taxonomy":"pwb-brand","embeddable":true,"href":"https:\/\/yournordichome.com\/pl\/wp-json\/wp\/v2\/pwb-brand?post=1167"},{"taxonomy":"product_brand","embeddable":true,"href":"https:\/\/yournordichome.com\/pl\/wp-json\/wp\/v2\/product_brand?post=1167"},{"taxonomy":"product_cat","embeddable":true,"href":"https:\/\/yournordichome.com\/pl\/wp-json\/wp\/v2\/product_cat?post=1167"},{"taxonomy":"product_tag","embeddable":true,"href":"https:\/\/yournordichome.com\/pl\/wp-json\/wp\/v2\/product_tag?post=1167"},{"taxonomy":"gyarto","embeddable":true,"href":"https:\/\/yournordichome.com\/pl\/wp-json\/wp\/v2\/gyarto?post=1167"}],"curies":[{"name":"wp","href":"https:\/\/api.w.org\/{rel}","templated":true}]}}