{"id":1161,"date":"2023-05-27T11:04:21","date_gmt":"2023-05-27T11:04:21","guid":{"rendered":"https:\/\/yournordichome.com\/product\/basket-with-lid-panda\/"},"modified":"2025-08-03T10:34:42","modified_gmt":"2025-08-03T10:34:42","slug":"koszyk-z-pokrywka-panda","status":"publish","type":"product","link":"https:\/\/yournordichome.com\/pl\/product\/basket-with-lid-panda\/","title":{"rendered":"Koszyk z pokrywk\u0105 Panda"},"content":{"rendered":"<p>Kosz z pokryw\u0105 i wzorem twarzy pandy wykonany z naturalnego materia\u0142u hiacyntu wodnego. Jest praktyczny, poniewa\u017c poch\u0142ania wiele zabawek, jest wykonany z naturalnego materia\u0142u, dlatego promuje zr\u00f3wnowa\u017cony rozw\u00f3j. Urocza twarz pandy sprawia, \u017ce opr\u00f3cz funkcjonalno\u015bci jest to zar\u00f3wno dekoracja, jak i przyjaciel.<\/p>\n<p>Wymiary produktu: D36xH42 cm<br \/>\nSk\u0142ad: Hiacynt wodny<br \/>\nZe wzgl\u0119du na materia\u0142y mog\u0105 wyst\u0105pi\u0107 r\u00f3\u017cnice<\/p>","protected":false},"excerpt":{"rendered":"<p>Kosz do przechowywania z uroczym wizerunkiem pandy do pokoju dzieci\u0119cego. Dzi\u0119ki naturalnemu materia\u0142owi z hiacyntu wodnego i bajkowemu kszta\u0142towi jest wspania\u0142ym dodatkiem do pokoju dzieci\u0119cego, a tak\u017ce jest niezwykle praktyczny - poch\u0142ania du\u017c\u0105 ilo\u015b\u0107 zabawek.<\/p>","protected":false},"featured_media":82,"comment_status":"closed","ping_status":"closed","template":"","meta":{"_acf_changed":false,"_kad_post_transparent":"default","_kad_post_title":"","_kad_post_layout":"default","_kad_post_sidebar_id":"","_kad_post_content_style":"default","_kad_post_vertical_padding":"default","_kad_post_feature":"","_kad_post_feature_position":"","_kad_post_header":false,"_kad_post_footer":false,"_kad_post_classname":""},"pwb-brand":[17],"product_brand":[],"product_cat":[77,47],"product_tag":[148],"gyarto":[],"class_list":{"0":"post-1161","1":"product","2":"type-product","3":"status-publish","4":"has-post-thumbnail","6":"pwb-brand-bloomingville","7":"product_cat-childrens-furniture","8":"product_cat-kids","9":"product_tag-kids-room-storage","10":"pa_colour-black","11":"pa_colour-nature","12":"pa_material-water-hyacinth","14":"first","15":"instock","16":"taxable","17":"shipping-taxable","18":"purchasable","19":"product-type-simple","20":"entry","21":"content-bg","22":"loop-entry"},"acf":[],"brands":[{"id":17,"name":"Bloomingville","slug":"bloomingville"}],"_links":{"self":[{"href":"https:\/\/yournordichome.com\/pl\/wp-json\/wp\/v2\/product\/1161","targetHints":{"allow":["GET"]}}],"collection":[{"href":"https:\/\/yournordichome.com\/pl\/wp-json\/wp\/v2\/product"}],"about":[{"href":"https:\/\/yournordichome.com\/pl\/wp-json\/wp\/v2\/types\/product"}],"replies":[{"embeddable":true,"href":"https:\/\/yournordichome.com\/pl\/wp-json\/wp\/v2\/comments?post=1161"}],"wp:featuredmedia":[{"embeddable":true,"href":"https:\/\/yournordichome.com\/pl\/wp-json\/wp\/v2\/media\/82"}],"wp:attachment":[{"href":"https:\/\/yournordichome.com\/pl\/wp-json\/wp\/v2\/media?parent=1161"}],"wp:term":[{"taxonomy":"pwb-brand","embeddable":true,"href":"https:\/\/yournordichome.com\/pl\/wp-json\/wp\/v2\/pwb-brand?post=1161"},{"taxonomy":"product_brand","embeddable":true,"href":"https:\/\/yournordichome.com\/pl\/wp-json\/wp\/v2\/product_brand?post=1161"},{"taxonomy":"product_cat","embeddable":true,"href":"https:\/\/yournordichome.com\/pl\/wp-json\/wp\/v2\/product_cat?post=1161"},{"taxonomy":"product_tag","embeddable":true,"href":"https:\/\/yournordichome.com\/pl\/wp-json\/wp\/v2\/product_tag?post=1161"},{"taxonomy":"gyarto","embeddable":true,"href":"https:\/\/yournordichome.com\/pl\/wp-json\/wp\/v2\/gyarto?post=1161"}],"curies":[{"name":"wp","href":"https:\/\/api.w.org\/{rel}","templated":true}]}}