{"id":1127,"date":"2023-05-27T08:18:29","date_gmt":"2023-05-27T08:18:29","guid":{"rendered":"https:\/\/yournordichome.com\/product\/bar-stool-with-shell-shaped-seat\/"},"modified":"2025-08-03T11:00:53","modified_gmt":"2025-08-03T11:00:53","slug":"stolek-barowy-z-siedziskiem-w-ksztalcie-muszli","status":"publish","type":"product","link":"https:\/\/yournordichome.com\/pl\/product\/bar-stool-with-shell-shaped-seat\/","title":{"rendered":"Sto\u0142ek barowy z siedziskiem w kszta\u0142cie muszli"},"content":{"rendered":"<p>Sto\u0142ek barowy z siedziskiem w kszta\u0142cie muszli, pi\u0119kny design i wygodne siedzenie w tym samym czasie.<\/p>\n<p>Wymiary produktu: L54xH94xW52 cm<br \/>\nWysoko\u015b\u0107 siedziska cm: 72<br \/>\nSk\u0142ad: Rattan, \u017belazo<br \/>\nInstrukcja piel\u0119gnacji: Przetrze\u0107 wilgotn\u0105 szmatk\u0105.<br \/>\nPowalenie: Nie<br \/>\nMaksymalna waga: 110 kg<br \/>\nDo u\u017cytku na zewn\u0105trz: Nie<br \/>\nZe wzgl\u0119du na materia\u0142 mog\u0105 wyst\u0105pi\u0107 r\u00f3\u017cnice w rozmiarze i kszta\u0142cie.<\/p>","protected":false},"excerpt":{"rendered":"<p>Sto\u0142ek barowy z siedziskiem w kszta\u0142cie muszli<\/p>","protected":false},"featured_media":66,"comment_status":"closed","ping_status":"closed","template":"","meta":{"_acf_changed":false,"_kad_post_transparent":"default","_kad_post_title":"","_kad_post_layout":"default","_kad_post_sidebar_id":"","_kad_post_content_style":"default","_kad_post_vertical_padding":"default","_kad_post_feature":"","_kad_post_feature_position":"","_kad_post_header":false,"_kad_post_footer":false,"_kad_post_classname":""},"pwb-brand":[17],"product_brand":[],"product_cat":[188,152],"product_tag":[34,134],"gyarto":[],"class_list":{"0":"post-1127","1":"product","2":"type-product","3":"status-publish","4":"has-post-thumbnail","6":"pwb-brand-bloomingville","7":"product_cat-bar-stool","8":"product_cat-chair","9":"product_tag-nordic-interior-design","10":"product_tag-rattan-furniture","11":"pa_colour-nature","12":"pa_material-rattan","14":"first","15":"instock","16":"taxable","17":"shipping-taxable","18":"purchasable","19":"product-type-simple","20":"entry","21":"content-bg","22":"loop-entry"},"acf":[],"brands":[{"id":17,"name":"Bloomingville","slug":"bloomingville"}],"_links":{"self":[{"href":"https:\/\/yournordichome.com\/pl\/wp-json\/wp\/v2\/product\/1127","targetHints":{"allow":["GET"]}}],"collection":[{"href":"https:\/\/yournordichome.com\/pl\/wp-json\/wp\/v2\/product"}],"about":[{"href":"https:\/\/yournordichome.com\/pl\/wp-json\/wp\/v2\/types\/product"}],"replies":[{"embeddable":true,"href":"https:\/\/yournordichome.com\/pl\/wp-json\/wp\/v2\/comments?post=1127"}],"wp:featuredmedia":[{"embeddable":true,"href":"https:\/\/yournordichome.com\/pl\/wp-json\/wp\/v2\/media\/66"}],"wp:attachment":[{"href":"https:\/\/yournordichome.com\/pl\/wp-json\/wp\/v2\/media?parent=1127"}],"wp:term":[{"taxonomy":"pwb-brand","embeddable":true,"href":"https:\/\/yournordichome.com\/pl\/wp-json\/wp\/v2\/pwb-brand?post=1127"},{"taxonomy":"product_brand","embeddable":true,"href":"https:\/\/yournordichome.com\/pl\/wp-json\/wp\/v2\/product_brand?post=1127"},{"taxonomy":"product_cat","embeddable":true,"href":"https:\/\/yournordichome.com\/pl\/wp-json\/wp\/v2\/product_cat?post=1127"},{"taxonomy":"product_tag","embeddable":true,"href":"https:\/\/yournordichome.com\/pl\/wp-json\/wp\/v2\/product_tag?post=1127"},{"taxonomy":"gyarto","embeddable":true,"href":"https:\/\/yournordichome.com\/pl\/wp-json\/wp\/v2\/gyarto?post=1127"}],"curies":[{"name":"wp","href":"https:\/\/api.w.org\/{rel}","templated":true}]}}