{"id":1125,"date":"2023-05-27T08:18:29","date_gmt":"2023-05-27T08:18:29","guid":{"rendered":"https:\/\/yournordichome.com\/product\/rocking-toy-lama\/"},"modified":"2025-08-03T10:59:51","modified_gmt":"2025-08-03T10:59:51","slug":"bujana-zabawka-lama","status":"publish","type":"product","link":"https:\/\/yournordichome.com\/pl\/product\/rocking-toy-lama\/","title":{"rendered":"Bujana zabawka lama"},"content":{"rendered":"<p>Wymiary produktu: L65xH45xW25 cm<br \/>\nKolor: bia\u0142y<br \/>\nSk\u0142ad: Poliester, Drewno topolowe<br \/>\nMaksymalna waga: 40 kg.<br \/>\nZalecany wiek: + 12 miesi\u0119cy<br \/>\nPrzed u\u017cyciem zabawka musi zosta\u0107 z\u0142o\u017cona przez osob\u0119 doros\u0142\u0105<\/p>","protected":false},"excerpt":{"rendered":"<p>Fotel bujany, czyli bujana lama do pokoju dzieci\u0119cego w stylu skandynawskim. Urocza zabawka i akcesorium, wykonane z wysokiej jako\u015bci drewna.<\/p>","protected":false},"featured_media":560,"comment_status":"closed","ping_status":"closed","template":"","meta":{"_acf_changed":false,"_kad_post_transparent":"default","_kad_post_title":"","_kad_post_layout":"default","_kad_post_sidebar_id":"","_kad_post_content_style":"default","_kad_post_vertical_padding":"default","_kad_post_feature":"","_kad_post_feature_position":"","_kad_post_header":false,"_kad_post_footer":false,"_kad_post_classname":""},"pwb-brand":[17],"product_brand":[],"product_cat":[47,48],"product_tag":[],"gyarto":[],"class_list":{"0":"post-1125","1":"product","2":"type-product","3":"status-publish","4":"has-post-thumbnail","6":"pwb-brand-bloomingville","7":"product_cat-kids","8":"product_cat-toy","9":"pa_colour-white","10":"pa_material-polyester","12":"first","13":"instock","14":"taxable","15":"shipping-taxable","16":"purchasable","17":"product-type-simple","18":"entry","19":"content-bg","20":"loop-entry"},"acf":[],"brands":[{"id":17,"name":"Bloomingville","slug":"bloomingville"}],"_links":{"self":[{"href":"https:\/\/yournordichome.com\/pl\/wp-json\/wp\/v2\/product\/1125","targetHints":{"allow":["GET"]}}],"collection":[{"href":"https:\/\/yournordichome.com\/pl\/wp-json\/wp\/v2\/product"}],"about":[{"href":"https:\/\/yournordichome.com\/pl\/wp-json\/wp\/v2\/types\/product"}],"replies":[{"embeddable":true,"href":"https:\/\/yournordichome.com\/pl\/wp-json\/wp\/v2\/comments?post=1125"}],"wp:featuredmedia":[{"embeddable":true,"href":"https:\/\/yournordichome.com\/pl\/wp-json\/wp\/v2\/media\/560"}],"wp:attachment":[{"href":"https:\/\/yournordichome.com\/pl\/wp-json\/wp\/v2\/media?parent=1125"}],"wp:term":[{"taxonomy":"pwb-brand","embeddable":true,"href":"https:\/\/yournordichome.com\/pl\/wp-json\/wp\/v2\/pwb-brand?post=1125"},{"taxonomy":"product_brand","embeddable":true,"href":"https:\/\/yournordichome.com\/pl\/wp-json\/wp\/v2\/product_brand?post=1125"},{"taxonomy":"product_cat","embeddable":true,"href":"https:\/\/yournordichome.com\/pl\/wp-json\/wp\/v2\/product_cat?post=1125"},{"taxonomy":"product_tag","embeddable":true,"href":"https:\/\/yournordichome.com\/pl\/wp-json\/wp\/v2\/product_tag?post=1125"},{"taxonomy":"gyarto","embeddable":true,"href":"https:\/\/yournordichome.com\/pl\/wp-json\/wp\/v2\/gyarto?post=1125"}],"curies":[{"name":"wp","href":"https:\/\/api.w.org\/{rel}","templated":true}]}}