{"id":1118,"date":"2023-05-27T08:18:29","date_gmt":"2023-05-27T08:18:29","guid":{"rendered":"https:\/\/yournordichome.com\/product\/rattan-floor-lamp\/"},"modified":"2025-08-03T10:59:21","modified_gmt":"2025-08-03T10:59:21","slug":"rattanowa-lampa-podlogowa","status":"publish","type":"product","link":"https:\/\/yournordichome.com\/pl\/product\/rattan-floor-lamp\/","title":{"rendered":"Rattanowa lampa pod\u0142ogowa"},"content":{"rendered":"<p>Rattanowa lampa pod\u0142ogowa, kt\u00f3r\u0105 mo\u017cna postawi\u0107 obok ulubionego fotela, sofy lub konsoli. O\u015bwietli ona cz\u0119\u015b\u0107 pomieszczenia swoim przyjemnym \u015bwiat\u0142em. Przy jej \u015bwietle mo\u017cna r\u00f3wnie\u017c czyta\u0107, a tak\u017ce mo\u017ce stanowi\u0107 element nastrojowego o\u015bwietlenia.<\/p>\n<p>Dzi\u0119ki naturalnemu materia\u0142owi jest to prawdziwy skandynawski element, kt\u00f3ry bardzo dobrze wygl\u0105da z akcesoriami wykonanymi z podobnych materia\u0142\u00f3w. Jednak dzi\u0119ki swojemu naturalnemu wygl\u0105dowi jest r\u00f3wnie\u017c wspania\u0142ym dodatkiem do mebli o innych fakturach.<\/p>\n<p>Wymiary produktu: D40xH160 cm<br \/>\nRozmiar klosza w cm: L33xW35,5xH40,6 cm<br \/>\nKolor: naturalny<br \/>\nSk\u0142ad: Rattan, \u017belazo, Drewno kauczukowe<br \/>\nCertyfikat CE: Tak<br \/>\nKlasa energetyczna \u017car\u00f3wki: A++ - E<br \/>\n\u017bar\u00f3wka w zestawie: Nie<br \/>\nKszta\u0142t \u017car\u00f3wki: Typ A<br \/>\nRozmiar \u017car\u00f3wki: E27<br \/>\nTyp \u017car\u00f3wki: LED I Energy Saver<br \/>\nMoc \u017car\u00f3wki: Maks. 60 W<br \/>\nInstrukcja piel\u0119gnacji: Przetrze\u0107 wilgotn\u0105 szmatk\u0105.<br \/>\nKolor przewodu: Przezroczysty<br \/>\nD\u0142ugo\u015b\u0107 przewodu cm: 200<br \/>\nMateria\u0142 przewodu: Tworzywo sztuczne<br \/>\nDo u\u017cytku na zewn\u0105trz: Nie<br \/>\nPrze\u0142\u0105cznik: Na przewodzie<\/p>","protected":false},"excerpt":{"rendered":"<p>Lampa pod\u0142ogowa z naturalnego rattanu. Usi\u0105d\u017a w swoim ulubionym fotelu i pozw\u00f3l tej pi\u0119knej lampie zapewni\u0107 przyjemne \u015bwiat\u0142o. Jej pleciony kaptur zapewnia dekoracyjny wygl\u0105d.<\/p>","protected":false},"featured_media":546,"comment_status":"closed","ping_status":"closed","template":"","meta":{"_acf_changed":false,"_kad_post_transparent":"default","_kad_post_title":"","_kad_post_layout":"default","_kad_post_sidebar_id":"","_kad_post_content_style":"default","_kad_post_vertical_padding":"default","_kad_post_feature":"","_kad_post_feature_position":"","_kad_post_header":false,"_kad_post_footer":false,"_kad_post_classname":""},"pwb-brand":[17],"product_brand":[],"product_cat":[176,72],"product_tag":[34,117,134],"gyarto":[],"class_list":{"0":"post-1118","1":"product","2":"type-product","3":"status-publish","4":"has-post-thumbnail","6":"pwb-brand-bloomingville","7":"product_cat-floor-lamp","8":"product_cat-lamp","9":"product_tag-nordic-interior-design","10":"product_tag-nordic-lamp","11":"product_tag-rattan-furniture","12":"pa_colour-nature","13":"pa_material-rattan","15":"first","16":"instock","17":"taxable","18":"shipping-taxable","19":"purchasable","20":"product-type-simple","21":"entry","22":"content-bg","23":"loop-entry"},"acf":[],"brands":[{"id":17,"name":"Bloomingville","slug":"bloomingville"}],"_links":{"self":[{"href":"https:\/\/yournordichome.com\/pl\/wp-json\/wp\/v2\/product\/1118","targetHints":{"allow":["GET"]}}],"collection":[{"href":"https:\/\/yournordichome.com\/pl\/wp-json\/wp\/v2\/product"}],"about":[{"href":"https:\/\/yournordichome.com\/pl\/wp-json\/wp\/v2\/types\/product"}],"replies":[{"embeddable":true,"href":"https:\/\/yournordichome.com\/pl\/wp-json\/wp\/v2\/comments?post=1118"}],"wp:featuredmedia":[{"embeddable":true,"href":"https:\/\/yournordichome.com\/pl\/wp-json\/wp\/v2\/media\/546"}],"wp:attachment":[{"href":"https:\/\/yournordichome.com\/pl\/wp-json\/wp\/v2\/media?parent=1118"}],"wp:term":[{"taxonomy":"pwb-brand","embeddable":true,"href":"https:\/\/yournordichome.com\/pl\/wp-json\/wp\/v2\/pwb-brand?post=1118"},{"taxonomy":"product_brand","embeddable":true,"href":"https:\/\/yournordichome.com\/pl\/wp-json\/wp\/v2\/product_brand?post=1118"},{"taxonomy":"product_cat","embeddable":true,"href":"https:\/\/yournordichome.com\/pl\/wp-json\/wp\/v2\/product_cat?post=1118"},{"taxonomy":"product_tag","embeddable":true,"href":"https:\/\/yournordichome.com\/pl\/wp-json\/wp\/v2\/product_tag?post=1118"},{"taxonomy":"gyarto","embeddable":true,"href":"https:\/\/yournordichome.com\/pl\/wp-json\/wp\/v2\/gyarto?post=1118"}],"curies":[{"name":"wp","href":"https:\/\/api.w.org\/{rel}","templated":true}]}}