{"id":1116,"date":"2023-05-27T08:18:29","date_gmt":"2023-05-27T08:18:29","guid":{"rendered":"https:\/\/yournordichome.com\/product\/bamboo-lounge-chair\/"},"modified":"2026-04-15T07:14:37","modified_gmt":"2026-04-15T07:14:37","slug":"bambusowy-fotel-wypoczynkowy","status":"publish","type":"product","link":"https:\/\/yournordichome.com\/pl\/product\/bamboo-lounge-chair\/","title":{"rendered":"Bambusowy fotel wypoczynkowy"},"content":{"rendered":"<p>Wymiary produktu: L80xH75xW77 cm<br \/>\nKolor: naturalny<br \/>\nSk\u0142ad: Bambus, Poliester<br \/>\nWysoko\u015b\u0107 ramienia cm: 50<br \/>\nPowalenie: Tak<br \/>\nMaksymalna waga: 120<br \/>\nDo u\u017cytku na zewn\u0105trz: Tak<br \/>\nWysoko\u015b\u0107 siedziska cm: 42<br \/>\nPoduszka:<br \/>\nWype\u0142nienie: Poliester<br \/>\nWybielanie\/czyszczenie na sucho: Nie<br \/>\nSuszenie: Tumbler niski<br \/>\nPrasowanie: Niski<br \/>\nInstrukcja prania: Pra\u0107 w pralce w temperaturze 30 stopni<br \/>\nZamek b\u0142yskawiczny: Metal<br \/>\nInstrukcja piel\u0119gnacji: W przypadku wystawienia na dzia\u0142anie wilgoci, bambus wch\u0142onie kurz i brud, a kolor z czasem zmieni si\u0119 na szary. Zalecamy umieszczenie w zadaszonym miejscu. Wyczy\u015b\u0107 wilgotn\u0105 szmatk\u0105 i wetrzyj sprawdzony olej do mebli.<br \/>\nZe wzgl\u0119du na materia\u0142y mog\u0105 wyst\u0105pi\u0107 r\u00f3\u017cnice<\/p>","protected":false},"excerpt":{"rendered":"<p>Przytulny, naturalny i zgrabny! Bambusowy fotel wypoczynkowy z pewno\u015bci\u0105 stanie si\u0119 Twoim ulubionym miejscem na tarasie dzi\u0119ki swojej wygodnej konstrukcji.<\/p>","protected":false},"featured_media":54,"comment_status":"closed","ping_status":"closed","template":"","meta":{"_acf_changed":false,"_kad_post_transparent":"default","_kad_post_title":"","_kad_post_layout":"default","_kad_post_sidebar_id":"","_kad_post_content_style":"default","_kad_post_vertical_padding":"default","_kad_post_feature":"","_kad_post_feature_position":"","_kad_post_header":false,"_kad_post_footer":false,"_kad_post_classname":""},"pwb-brand":[17],"product_brand":[],"product_cat":[94,174],"product_tag":[34,33],"gyarto":[],"class_list":{"0":"post-1116","1":"product","2":"type-product","3":"status-publish","4":"has-post-thumbnail","6":"pwb-brand-bloomingville","7":"product_cat-furniture","8":"product_cat-garden-furniture","9":"product_tag-nordic-interior-design","10":"product_tag-outdoor-furniture","11":"pa_colour-nature","12":"pa_material-bamboo","14":"first","15":"instock","16":"taxable","17":"shipping-taxable","18":"purchasable","19":"product-type-simple","20":"entry","21":"content-bg","22":"loop-entry"},"acf":[],"brands":[{"id":17,"name":"Bloomingville","slug":"bloomingville"}],"_links":{"self":[{"href":"https:\/\/yournordichome.com\/pl\/wp-json\/wp\/v2\/product\/1116","targetHints":{"allow":["GET"]}}],"collection":[{"href":"https:\/\/yournordichome.com\/pl\/wp-json\/wp\/v2\/product"}],"about":[{"href":"https:\/\/yournordichome.com\/pl\/wp-json\/wp\/v2\/types\/product"}],"replies":[{"embeddable":true,"href":"https:\/\/yournordichome.com\/pl\/wp-json\/wp\/v2\/comments?post=1116"}],"wp:featuredmedia":[{"embeddable":true,"href":"https:\/\/yournordichome.com\/pl\/wp-json\/wp\/v2\/media\/54"}],"wp:attachment":[{"href":"https:\/\/yournordichome.com\/pl\/wp-json\/wp\/v2\/media?parent=1116"}],"wp:term":[{"taxonomy":"pwb-brand","embeddable":true,"href":"https:\/\/yournordichome.com\/pl\/wp-json\/wp\/v2\/pwb-brand?post=1116"},{"taxonomy":"product_brand","embeddable":true,"href":"https:\/\/yournordichome.com\/pl\/wp-json\/wp\/v2\/product_brand?post=1116"},{"taxonomy":"product_cat","embeddable":true,"href":"https:\/\/yournordichome.com\/pl\/wp-json\/wp\/v2\/product_cat?post=1116"},{"taxonomy":"product_tag","embeddable":true,"href":"https:\/\/yournordichome.com\/pl\/wp-json\/wp\/v2\/product_tag?post=1116"},{"taxonomy":"gyarto","embeddable":true,"href":"https:\/\/yournordichome.com\/pl\/wp-json\/wp\/v2\/gyarto?post=1116"}],"curies":[{"name":"wp","href":"https:\/\/api.w.org\/{rel}","templated":true}]}}