{"id":1089,"date":"2023-05-23T19:50:55","date_gmt":"2023-05-23T19:50:55","guid":{"rendered":"https:\/\/yournordichome.com\/product\/bookcase-with-drawers-for-childrens-room\/"},"modified":"2025-08-03T11:06:27","modified_gmt":"2025-08-03T11:06:27","slug":"regal-z-szufladami-do-pokoju-dzieciecego","status":"publish","type":"product","link":"https:\/\/yournordichome.com\/pl\/product\/bookcase-with-drawers-for-childrens-room\/","title":{"rendered":"Rega\u0142 z szufladami do pokoju dzieci\u0119cego"},"content":{"rendered":"<p>Wymiary produktu: L107xH89,5xW28 cm<br \/>\nKolor: naturalny<br \/>\nSk\u0142ad: Drewno Paulownia, MDF, Sklejka<br \/>\nMaksymalny ud\u017awig: 5 kg na szuflad\u0119 + 3 kg na pomieszczenie<\/p>","protected":false},"excerpt":{"rendered":"<p>Rega\u0142 z szufladami wykonany z drewna Paulownia do pokoju dzieci\u0119cego w stylu skandynawskim. Przechowuj ksi\u0105\u017cki na p\u00f3\u0142kach i zabawki w uroczych szufladach z twarzami zwierz\u0105t.<\/p>","protected":false},"featured_media":165,"comment_status":"closed","ping_status":"closed","template":"","meta":{"_acf_changed":false,"_kad_post_transparent":"default","_kad_post_title":"","_kad_post_layout":"default","_kad_post_sidebar_id":"","_kad_post_content_style":"default","_kad_post_vertical_padding":"default","_kad_post_feature":"","_kad_post_feature_position":"","_kad_post_header":false,"_kad_post_footer":false,"_kad_post_classname":""},"pwb-brand":[17],"product_brand":[],"product_cat":[77,47],"product_tag":[133,148],"gyarto":[],"class_list":{"0":"post-1089","1":"product","2":"type-product","3":"status-publish","4":"has-post-thumbnail","6":"pwb-brand-bloomingville","7":"product_cat-childrens-furniture","8":"product_cat-kids","9":"product_tag-bookcase","10":"product_tag-kids-room-storage","11":"pa_colour-multi","12":"pa_colour-nature","13":"pa_material-paulownia-wood","14":"pa_material-wood","16":"first","17":"instock","18":"taxable","19":"shipping-taxable","20":"purchasable","21":"product-type-simple","22":"entry","23":"content-bg","24":"loop-entry"},"acf":[],"brands":[{"id":17,"name":"Bloomingville","slug":"bloomingville"}],"_links":{"self":[{"href":"https:\/\/yournordichome.com\/pl\/wp-json\/wp\/v2\/product\/1089","targetHints":{"allow":["GET"]}}],"collection":[{"href":"https:\/\/yournordichome.com\/pl\/wp-json\/wp\/v2\/product"}],"about":[{"href":"https:\/\/yournordichome.com\/pl\/wp-json\/wp\/v2\/types\/product"}],"replies":[{"embeddable":true,"href":"https:\/\/yournordichome.com\/pl\/wp-json\/wp\/v2\/comments?post=1089"}],"wp:featuredmedia":[{"embeddable":true,"href":"https:\/\/yournordichome.com\/pl\/wp-json\/wp\/v2\/media\/165"}],"wp:attachment":[{"href":"https:\/\/yournordichome.com\/pl\/wp-json\/wp\/v2\/media?parent=1089"}],"wp:term":[{"taxonomy":"pwb-brand","embeddable":true,"href":"https:\/\/yournordichome.com\/pl\/wp-json\/wp\/v2\/pwb-brand?post=1089"},{"taxonomy":"product_brand","embeddable":true,"href":"https:\/\/yournordichome.com\/pl\/wp-json\/wp\/v2\/product_brand?post=1089"},{"taxonomy":"product_cat","embeddable":true,"href":"https:\/\/yournordichome.com\/pl\/wp-json\/wp\/v2\/product_cat?post=1089"},{"taxonomy":"product_tag","embeddable":true,"href":"https:\/\/yournordichome.com\/pl\/wp-json\/wp\/v2\/product_tag?post=1089"},{"taxonomy":"gyarto","embeddable":true,"href":"https:\/\/yournordichome.com\/pl\/wp-json\/wp\/v2\/gyarto?post=1089"}],"curies":[{"name":"wp","href":"https:\/\/api.w.org\/{rel}","templated":true}]}}