{"id":1062,"date":"2023-05-21T16:18:39","date_gmt":"2023-05-21T16:18:39","guid":{"rendered":"https:\/\/yournordichome.com\/product\/childrens-tipi\/"},"modified":"2025-08-03T11:08:10","modified_gmt":"2025-08-03T11:08:10","slug":"tipi-dla-dzieci","status":"publish","type":"product","link":"https:\/\/yournordichome.com\/pl\/product\/childrens-tipi\/","title":{"rendered":"Tipi dla dzieci"},"content":{"rendered":"<p>Namiot dla dzieci z oddychaj\u0105cego p\u0142\u00f3tna bawe\u0142nianego. \u0141atwy w monta\u017cu, wyposa\u017cony w 4 metalowe tyczki. Sceny z bajek i przyg\u00f3d.<\/p>\n<p>Wymiary produktu: L110xH140xW110 cm<br \/>\nKolor: naturalny<br \/>\nSk\u0142ad: Bawe\u0142na, \u017belazo<br \/>\nWybielanie: Nie<br \/>\nWyko\u0144czenie kolorystyczne: Tkanina barwiona<br \/>\nCzyszczenie na sucho: Tak<br \/>\nPrasowanie: Nie<br \/>\nWyko\u0144czenie produktu: Tkane<br \/>\nInstrukcja prania: Czyszczenie punktowe<br \/>\nZamek b\u0142yskawiczny: Brak<br \/>\nPrzed u\u017cyciem musi zosta\u0107 z\u0142o\u017cony przez osob\u0119 doros\u0142\u0105.<\/p>","protected":false},"excerpt":{"rendered":"<p>Wybierzmy si\u0119 na przygod\u0119! Urocze bawe\u0142niane Tipi do pokoju dzieci\u0119cego w stylu skandynawskim z naturalnymi kolorami i materia\u0142ami.<\/p>","protected":false},"featured_media":241,"comment_status":"closed","ping_status":"closed","template":"","meta":{"_acf_changed":false,"_kad_post_transparent":"default","_kad_post_title":"","_kad_post_layout":"default","_kad_post_sidebar_id":"","_kad_post_content_style":"default","_kad_post_vertical_padding":"default","_kad_post_feature":"","_kad_post_feature_position":"","_kad_post_header":false,"_kad_post_footer":false,"_kad_post_classname":""},"pwb-brand":[17],"product_brand":[],"product_cat":[47,48],"product_tag":[],"gyarto":[],"class_list":{"0":"post-1062","1":"product","2":"type-product","3":"status-publish","4":"has-post-thumbnail","6":"pwb-brand-bloomingville","7":"product_cat-kids","8":"product_cat-toy","9":"pa_colour-nature","10":"pa_material-cotton","12":"first","13":"instock","14":"taxable","15":"shipping-taxable","16":"purchasable","17":"product-type-simple","18":"entry","19":"content-bg","20":"loop-entry"},"acf":[],"brands":[{"id":17,"name":"Bloomingville","slug":"bloomingville"}],"_links":{"self":[{"href":"https:\/\/yournordichome.com\/pl\/wp-json\/wp\/v2\/product\/1062","targetHints":{"allow":["GET"]}}],"collection":[{"href":"https:\/\/yournordichome.com\/pl\/wp-json\/wp\/v2\/product"}],"about":[{"href":"https:\/\/yournordichome.com\/pl\/wp-json\/wp\/v2\/types\/product"}],"replies":[{"embeddable":true,"href":"https:\/\/yournordichome.com\/pl\/wp-json\/wp\/v2\/comments?post=1062"}],"wp:featuredmedia":[{"embeddable":true,"href":"https:\/\/yournordichome.com\/pl\/wp-json\/wp\/v2\/media\/241"}],"wp:attachment":[{"href":"https:\/\/yournordichome.com\/pl\/wp-json\/wp\/v2\/media?parent=1062"}],"wp:term":[{"taxonomy":"pwb-brand","embeddable":true,"href":"https:\/\/yournordichome.com\/pl\/wp-json\/wp\/v2\/pwb-brand?post=1062"},{"taxonomy":"product_brand","embeddable":true,"href":"https:\/\/yournordichome.com\/pl\/wp-json\/wp\/v2\/product_brand?post=1062"},{"taxonomy":"product_cat","embeddable":true,"href":"https:\/\/yournordichome.com\/pl\/wp-json\/wp\/v2\/product_cat?post=1062"},{"taxonomy":"product_tag","embeddable":true,"href":"https:\/\/yournordichome.com\/pl\/wp-json\/wp\/v2\/product_tag?post=1062"},{"taxonomy":"gyarto","embeddable":true,"href":"https:\/\/yournordichome.com\/pl\/wp-json\/wp\/v2\/gyarto?post=1062"}],"curies":[{"name":"wp","href":"https:\/\/api.w.org\/{rel}","templated":true}]}}