{"id":1036,"date":"2023-05-21T15:04:10","date_gmt":"2023-05-21T15:04:10","guid":{"rendered":"https:\/\/yournordichome.com\/product\/green-glass-pendant-lamp\/"},"modified":"2025-08-03T11:09:07","modified_gmt":"2025-08-03T11:09:07","slug":"lampa-wiszaca-z-zielonego-szkla","status":"publish","type":"product","link":"https:\/\/yournordichome.com\/pl\/product\/green-glass-pendant-lamp\/","title":{"rendered":"Zielona szklana lampa wisz\u0105ca"},"content":{"rendered":"<p>Zielone szk\u0142o przypomina li\u015bcie palmy, co tworzy egzotyczn\u0105 atmosfer\u0119. Stylizuj pok\u00f3j z\u0142otymi przedmiotami, aby uzyska\u0107 szykowny efekt.<\/p>\n<p>Wymiary produktu: D22xH20 cm<br \/>\nKolor: Zielony<br \/>\nSk\u0142ad: Szk\u0142o, \u017belazo<br \/>\nCertyfikat CE: Tak<br \/>\nKlasa energetyczna \u017car\u00f3wki: LED A+\/Edison E<br \/>\n\u017bar\u00f3wka w zestawie: Nie<br \/>\nKszta\u0142t \u017car\u00f3wki: Zwyk\u0142a<br \/>\nRozmiar \u017car\u00f3wki: E27<br \/>\nMoc \u017car\u00f3wki: Maks. 40 W<br \/>\nInstrukcja piel\u0119gnacji: Przetrze\u0107 wilgotn\u0105 szmatk\u0105.<br \/>\nPuchar sufitowy: Tak<br \/>\nKolor przewodu: czarny<br \/>\nD\u0142ugo\u015b\u0107 przewodu: 250 cm<br \/>\nMateria\u0142 przewodu: Tworzywo sztuczne<br \/>\nOsprz\u0119t: Tak<br \/>\nDo u\u017cytku na zewn\u0105trz: Nie<\/p>","protected":false},"excerpt":{"rendered":"<p>Szklana lampa wisz\u0105ca w kolorze zielonym z ma\u0142ym wzorem do wn\u0119trz w stylu skandynawskim.<\/p>","protected":false},"featured_media":378,"comment_status":"closed","ping_status":"closed","template":"","meta":{"_acf_changed":false,"_kad_post_transparent":"default","_kad_post_title":"","_kad_post_layout":"default","_kad_post_sidebar_id":"","_kad_post_content_style":"default","_kad_post_vertical_padding":"default","_kad_post_feature":"","_kad_post_feature_position":"","_kad_post_header":false,"_kad_post_footer":false,"_kad_post_classname":""},"pwb-brand":[17],"product_brand":[],"product_cat":[72,114],"product_tag":[116,34,117],"gyarto":[],"class_list":{"0":"post-1036","1":"product","2":"type-product","3":"status-publish","4":"has-post-thumbnail","6":"pwb-brand-bloomingville","7":"product_cat-lamp","8":"product_cat-pendant-lamp","9":"product_tag-ceiling-lamp","10":"product_tag-nordic-interior-design","11":"product_tag-nordic-lamp","12":"pa_colour-green","13":"pa_material-glass","15":"first","16":"instock","17":"taxable","18":"shipping-taxable","19":"purchasable","20":"product-type-simple","21":"entry","22":"content-bg","23":"loop-entry"},"acf":[],"brands":[{"id":17,"name":"Bloomingville","slug":"bloomingville"}],"_links":{"self":[{"href":"https:\/\/yournordichome.com\/pl\/wp-json\/wp\/v2\/product\/1036","targetHints":{"allow":["GET"]}}],"collection":[{"href":"https:\/\/yournordichome.com\/pl\/wp-json\/wp\/v2\/product"}],"about":[{"href":"https:\/\/yournordichome.com\/pl\/wp-json\/wp\/v2\/types\/product"}],"replies":[{"embeddable":true,"href":"https:\/\/yournordichome.com\/pl\/wp-json\/wp\/v2\/comments?post=1036"}],"wp:featuredmedia":[{"embeddable":true,"href":"https:\/\/yournordichome.com\/pl\/wp-json\/wp\/v2\/media\/378"}],"wp:attachment":[{"href":"https:\/\/yournordichome.com\/pl\/wp-json\/wp\/v2\/media?parent=1036"}],"wp:term":[{"taxonomy":"pwb-brand","embeddable":true,"href":"https:\/\/yournordichome.com\/pl\/wp-json\/wp\/v2\/pwb-brand?post=1036"},{"taxonomy":"product_brand","embeddable":true,"href":"https:\/\/yournordichome.com\/pl\/wp-json\/wp\/v2\/product_brand?post=1036"},{"taxonomy":"product_cat","embeddable":true,"href":"https:\/\/yournordichome.com\/pl\/wp-json\/wp\/v2\/product_cat?post=1036"},{"taxonomy":"product_tag","embeddable":true,"href":"https:\/\/yournordichome.com\/pl\/wp-json\/wp\/v2\/product_tag?post=1036"},{"taxonomy":"gyarto","embeddable":true,"href":"https:\/\/yournordichome.com\/pl\/wp-json\/wp\/v2\/gyarto?post=1036"}],"curies":[{"name":"wp","href":"https:\/\/api.w.org\/{rel}","templated":true}]}}