{"id":3294,"date":"2023-10-14T12:22:54","date_gmt":"2023-10-14T12:22:54","guid":{"rendered":"https:\/\/yournordichome.com\/?page_id=3294"},"modified":"2023-10-14T12:22:54","modified_gmt":"2023-10-14T12:22:54","slug":"polityka-zwrotow","status":"publish","type":"page","link":"https:\/\/yournordichome.com\/pl\/return-policy\/","title":{"rendered":"Polityka zwrot\u00f3w"},"content":{"rendered":"<p>Je\u015bli wyst\u0105pi\u0142 problem z przesy\u0142k\u0105, prosimy o kontakt pod adresem contact@yournordichome.com. Obejmuje to takie problemy, jak uszkodzenia transportowe, wadliwe produkty lub w jakikolwiek inny spos\u00f3b nieprawid\u0142owe zam\u00f3wienia. Je\u015bli paczka dotrze w z\u0142ym stanie, a w \u015brodku brakuje produkt\u00f3w lub s\u0105 one uszkodzone, nale\u017cy r\u00f3wnie\u017c z\u0142o\u017cy\u0107 skarg\u0119 do firmy kurierskiej, np. GLS lub odpowiedniej lokalnej firmy kurierskiej, bezpo\u015brednio po wykryciu problemu.<\/p>\n<p>Nale\u017cy pami\u0119ta\u0107, \u017ce w celu rozpatrzenia reklamacji zawsze potrzebujemy fotograficznego dowodu przesy\u0142ki i uszkodzonych element\u00f3w przes\u0142anych do nas poczt\u0105 elektroniczn\u0105. W przypadku zwrotu produktu, po uzgodnieniu z jednym z naszych przedstawicieli obs\u0142ugi klienta, nale\u017cy u\u017cy\u0107 oryginalnego opakowania i oznaczy\u0107 przesy\u0142k\u0119 zwrotn\u0105 s\u0142owem \"ZWROT\". Paczk\u0119 nale\u017cy odes\u0142a\u0107 na adres: Petho Laszlone, 1212 Budapest, Kikoto utca 2-8\/A, HUNGARY.<\/p>\n<p>Je\u015bli nie jeste\u015b w pe\u0142ni zadowolony ze swoich produkt\u00f3w, mo\u017cesz je nam zwr\u00f3ci\u0107. YourNordicHome jest zgodny z dyrektyw\u0105 Unii Europejskiej dotycz\u0105c\u0105 handlu elektronicznego. Oznacza to, \u017ce masz mo\u017cliwo\u015b\u0107 odst\u0105pienia od umowy w ci\u0105gu 365 dni bez podania przyczyny.<\/p>\n<p>Zdecydowanie zalecamy korzystanie z us\u0142ugi \u015bledzenia i ubezpieczonej przesy\u0142ki w przypadku zwrotu produktu. Nie jest to obowi\u0105zkowe, ale zalecamy u\u017cycie oryginalnego opakowania lub podobnego, aby unikn\u0105\u0107 uszkodze\u0144 podczas zwrotu produktu do nas.<\/p>\n<p>Okres odst\u0105pienia od umowy wygasa po up\u0142ywie 365 dni od dnia, w kt\u00f3rym u\u017cytkownik lub osoba trzecia, inna ni\u017c przewo\u017anik, wesz\u0142a w fizyczne posiadanie ostatniego towaru.<\/p>\n<p>Aby skorzysta\u0107 z prawa do odst\u0105pienia od umowy, nale\u017cy poinformowa\u0107 nas (contact@yournordichome.com, Petho Laszlone, 1212 Budapest, Kikoto utca 2-8\/A, HUNGARY) o swojej decyzji o odst\u0105pieniu od niniejszej umowy, przesy\u0142aj\u0105c nam wyra\u017ane o\u015bwiadczenie. Mo\u017cna to zrobi\u0107 za po\u015brednictwem poczty elektronicznej.<\/p>\n<p>Je\u015bli skorzystasz z prawa do zwrotu produktu, bezpo\u015bredni koszt zwrotu towar\u00f3w zostanie pokryty przez Ciebie. Zwracane towary nale\u017cy dobrze zapakowa\u0107, aby unikn\u0105\u0107 uszkodze\u0144 transportowych. Towary nale\u017cy odes\u0142a\u0107 niezw\u0142ocznie, a w ka\u017cdym razie nie p\u00f3\u017aniej ni\u017c 14 dni od dnia, w kt\u00f3rym u\u017cytkownik poinformowa\u0142 nas o odst\u0105pieniu od umowy.<\/p>\n<p>Prawo do odst\u0105pienia od umowy nie ma zastosowania do nast\u0119puj\u0105cych rodzaj\u00f3w um\u00f3w: Umowy na dostaw\u0119 towar\u00f3w, kt\u00f3re s\u0105 wykonane wed\u0142ug specyfikacji konsumenta lub s\u0105 wyra\u017anie spersonalizowane.<\/p>\n<p>W przypadku odst\u0105pienia od umowy zwr\u00f3cimy U\u017cytkownikowi wszystkie otrzymane od niego p\u0142atno\u015bci, w tym koszty dostawy. Je\u015bli tylko cz\u0119\u015b\u0107 zam\u00f3wienia zostanie wys\u0142ana jako zwrot, koszt dostawy nie zostanie zwr\u00f3cony.<\/p>\n<p>Mo\u017cemy wstrzyma\u0107 zwrot koszt\u00f3w do czasu otrzymania towar\u00f3w z powrotem. Mo\u017cemy dokona\u0107 potr\u0105cenia z kwoty zwrotu z tytu\u0142u utraty warto\u015bci wszelkich dostarczonych towar\u00f3w, je\u015bli utrata jest wynikiem niepotrzebnego obchodzenia si\u0119 z nimi przez u\u017cytkownika, innego ni\u017c niezb\u0119dne do ustalenia charakteru, cech i funkcjonowania towar\u00f3w.<\/p>","protected":false},"excerpt":{"rendered":"<p>If there was a problem with your shipment, please contact us at contact@yournordichome.com. This includes problems such as transportation damage, defective products, or in any other way incorrect orders. If the parcel arrives in bad condition and the products inside are missing or damaged, you will also need to make a complaint to the delivering&#8230;<\/p>","protected":false},"author":2,"featured_media":0,"parent":0,"menu_order":0,"comment_status":"closed","ping_status":"closed","template":"","meta":{"_acf_changed":false,"_kad_post_transparent":"","_kad_post_title":"","_kad_post_layout":"","_kad_post_sidebar_id":"","_kad_post_content_style":"","_kad_post_vertical_padding":"","_kad_post_feature":"","_kad_post_feature_position":"","_kad_post_header":false,"_kad_post_footer":false,"_kad_post_classname":"","footnotes":""},"class_list":["post-3294","page","type-page","status-publish","hentry"],"acf":[],"_links":{"self":[{"href":"https:\/\/yournordichome.com\/pl\/wp-json\/wp\/v2\/pages\/3294","targetHints":{"allow":["GET"]}}],"collection":[{"href":"https:\/\/yournordichome.com\/pl\/wp-json\/wp\/v2\/pages"}],"about":[{"href":"https:\/\/yournordichome.com\/pl\/wp-json\/wp\/v2\/types\/page"}],"author":[{"embeddable":true,"href":"https:\/\/yournordichome.com\/pl\/wp-json\/wp\/v2\/users\/2"}],"replies":[{"embeddable":true,"href":"https:\/\/yournordichome.com\/pl\/wp-json\/wp\/v2\/comments?post=3294"}],"version-history":[{"count":1,"href":"https:\/\/yournordichome.com\/pl\/wp-json\/wp\/v2\/pages\/3294\/revisions"}],"predecessor-version":[{"id":3295,"href":"https:\/\/yournordichome.com\/pl\/wp-json\/wp\/v2\/pages\/3294\/revisions\/3295"}],"wp:attachment":[{"href":"https:\/\/yournordichome.com\/pl\/wp-json\/wp\/v2\/media?parent=3294"}],"curies":[{"name":"wp","href":"https:\/\/api.w.org\/{rel}","templated":true}]}}