{"id":3288,"date":"2023-10-14T11:06:36","date_gmt":"2023-10-14T11:06:36","guid":{"rendered":"https:\/\/yournordichome.com\/?page_id=3288"},"modified":"2023-10-14T11:16:32","modified_gmt":"2023-10-14T11:16:32","slug":"o-nas","status":"publish","type":"page","link":"https:\/\/yournordichome.com\/pl\/about-us\/","title":{"rendered":"O nas"},"content":{"rendered":"<p><strong>Tw\u00f3j skandynawski dom<\/strong> oferuje du\u017cy wyb\u00f3r produkt\u00f3w do wystroju wn\u0119trz w stylu skandynawskim od kilku marek.<\/p>\n<p>Obecnie wysy\u0142amy do wi\u0119kszo\u015bci kraj\u00f3w UE, sprawd\u017a nasze <a href=\"https:\/\/yournordichome.com\/pl\/informacje-o-wysylce\/\">Informacje o wysy\u0142ce<\/a>.<\/p>\n<p>Pracujemy z produktami do dekoracji wn\u0119trz w stylu skandynawskim od 2017 roku, kiedy to uruchomili\u015bmy nasz lokalny sklep internetowy na W\u0119grzech, <a href=\"https:\/\/deerdecor.hu\/\" target=\"_blank\" rel=\"noopener\">DeerDecor<\/a>. Your Nordic Home to rozszerzenie naszej dzia\u0142alno\u015bci poza granice naszego kraju.<\/p>\n<p>Naszym celem jest dostarczanie pi\u0119knych produkt\u00f3w o doskona\u0142ej jako\u015bci i nieustannie pracujemy nad tym, aby zapewnia\u0107 coraz szerszy asortyment i ulepsza\u0107 nasze us\u0142ugi.<\/p>\n<p>Mamy nadziej\u0119, \u017ce znajdziesz inspiracj\u0119 dla swojego nordyckiego domu!<\/p>\n<p>Dane kontaktowe:<br \/>\nPeth\u0151 L\u00e1szl\u00f3n\u00e9 EV (VAT UE: HU57890364)<br \/>\ncontact@yournordichome.com<br \/>\nKikoto 2.<br \/>\n1212 Budapeszt<br \/>\nW\u0119gry<\/p>","protected":false},"excerpt":{"rendered":"<p>Your Nordic Home offers a great selection of Nordic style interior design products from several brands. We are shipping to most EU countries at the moment, check out our Shipping information. We are working with Scandinavian style home decor products since 2017, when we started our local webshop in Hungary, DeerDecor. Your Nordic Home is&#8230;<\/p>","protected":false},"author":2,"featured_media":0,"parent":0,"menu_order":0,"comment_status":"closed","ping_status":"closed","template":"","meta":{"_acf_changed":false,"_kad_post_transparent":"","_kad_post_title":"","_kad_post_layout":"","_kad_post_sidebar_id":"","_kad_post_content_style":"","_kad_post_vertical_padding":"","_kad_post_feature":"","_kad_post_feature_position":"","_kad_post_header":false,"_kad_post_footer":false,"_kad_post_classname":"","footnotes":""},"class_list":["post-3288","page","type-page","status-publish","hentry"],"acf":[],"_links":{"self":[{"href":"https:\/\/yournordichome.com\/pl\/wp-json\/wp\/v2\/pages\/3288","targetHints":{"allow":["GET"]}}],"collection":[{"href":"https:\/\/yournordichome.com\/pl\/wp-json\/wp\/v2\/pages"}],"about":[{"href":"https:\/\/yournordichome.com\/pl\/wp-json\/wp\/v2\/types\/page"}],"author":[{"embeddable":true,"href":"https:\/\/yournordichome.com\/pl\/wp-json\/wp\/v2\/users\/2"}],"replies":[{"embeddable":true,"href":"https:\/\/yournordichome.com\/pl\/wp-json\/wp\/v2\/comments?post=3288"}],"version-history":[{"count":2,"href":"https:\/\/yournordichome.com\/pl\/wp-json\/wp\/v2\/pages\/3288\/revisions"}],"predecessor-version":[{"id":3292,"href":"https:\/\/yournordichome.com\/pl\/wp-json\/wp\/v2\/pages\/3288\/revisions\/3292"}],"wp:attachment":[{"href":"https:\/\/yournordichome.com\/pl\/wp-json\/wp\/v2\/media?parent=3288"}],"curies":[{"name":"wp","href":"https:\/\/api.w.org\/{rel}","templated":true}]}}