{"id":912,"date":"2023-05-13T13:50:16","date_gmt":"2023-05-13T13:50:16","guid":{"rendered":"https:\/\/yournordichome.com\/?page_id=912"},"modified":"2023-10-14T11:16:50","modified_gmt":"2023-10-14T11:16:50","slug":"algemene-voorwaarden","status":"publish","type":"page","link":"https:\/\/yournordichome.com\/nl\/terms-and-conditions\/","title":{"rendered":"Algemene voorwaarden"},"content":{"rendered":"<p>Algemeen en contactgegevens<\/p>\n<p>Bij Your Nordic Home (yournordichome.com) vind je woondecoratieproducten. Hieronder vindt u onze aankoopvoorwaarden. U kunt contact met ons opnemen:<\/p>\n<p>Peth\u0151 L\u00e1szl\u00f3n\u00e9 EV (EU BTW: HU57890364)<br \/>\ncontact@yournordichome.com<br \/>\nKikoto 2.<br \/>\n1212 Boedapest<br \/>\nHongarije<br \/>\nTel: +36304340994<\/p>\n<p>1. Behandeling van informatie<\/p>\n<p>De informatie die u doorgeeft aan https:\/\/yournordichome.com wordt met zorg en respect behandeld. YourNordicHome zal de persoonlijke informatie alleen gebruiken voor het afhandelen van bestellingen, tijdens verzendingen en leveringen, en voor beveiligde betalingen. Alle informatie wordt behandeld volgens onze Privacy Policy.<\/p>\n<p>2. Een bestelling plaatsen<\/p>\n<p>De weergave van producten en prijzen zijn geen bindend aanbod maar een niet-bindende online catalogus. De informatie op de homepage kan door ons worden gewijzigd en kan zonder voorafgaande kennisgeving worden gewijzigd. U kunt uw bestelling op onze homepage plaatsen door de producten van uw keuze in de winkelwagen te plaatsen. Tijdens het afrekenproces wordt u gevraagd gegevens in te vullen, die u kunt wijzigen totdat u op de knop \"Bestelling plaatsen\" klikt op de afrekenpagina.<\/p>\n<p>Door te bestellen op onze website, is uw bestelling een aanbod aan ons om de goederen te kopen die u op de site hebt besteld. Wij bevestigen uw bestelling door u een automatisch gegenereerde bevestigingse-mail te sturen met informatie over de bestelde producten, prijzen, verzendspecificaties en de informatie die u tijdens het bestelproces hebt ingevuld. Lees deze e-mail zorgvuldig door en controleer of alle informatie correct is. Als er een fout is opgetreden, neem dan contact op met onze klantenservice contact@yournordichome.com. De contractuele taal is Engels.<\/p>\n<p>3. Prijzen<\/p>\n<p>De prijzen die ten tijde van de bestelling op de homepage worden getoond, zijn de prijzen die van toepassing zijn.<\/p>\n<p>Alle prijzen zijn in EUR en inclusief lokale btw (belasting toegevoegde waarde).<\/p>\n<p>De totaalprijs omvat de prijs van de producten en de verzendkosten, indien van toepassing. De totaalprijs is zichtbaar op de afrekenpagina voordat je de bestelling bevestigt, zodra je het land van bestemming hebt gekozen.<\/p>\n<p>4. Betaling<\/p>\n<p>Bij YourNordicHome accepteren we de meeste gangbare creditcards, Apple Pay en Google Pay. Onze partner voor het afhandelen van online betalingen is Stripe.<\/p>\n<p>Stripe Betalingen Europa Limited<br \/>\n1 Grand Canal Street Lower, Grand Canal Dock, Dublin, D02 H210, Ierland<\/p>\n<p>5. Weigering van transactie<\/p>\n<p>Om in aanmerking te komen om producten van ons op deze website te kopen en een contract aan te gaan, moet u:<\/p>\n<p>- Ten minste achttien jaar oud zijn<br \/>\n- Gebruik je echte naam, telefoonnummer, e-mailadres en betaalgegevens<br \/>\n- Geef een verzendadres op dat geen postbus of poste restante is.<br \/>\n- Gebruik een geldige creditcard\/debetkaart die acceptabel is voor onze bankpartner of een alternatieve geaccepteerde betaalmethode<\/p>\n<p>We kunnen je bestelling niet accepteren als een van de volgende situaties zich voordoet:<\/p>\n<p>- Als je betaling niet wordt geaccepteerd door onze betaalpartner (Stripe)<br \/>\n- Als we niet kunnen leveren om redenen waar wij geen invloed op hebben, bijvoorbeeld als een product niet meer wordt geleverd door onze leverancier.<\/p>\n<p>6. Wijze van levering en beschikbaarheid<\/p>\n<p>We bieden levering via GLS. Kijk voor meer informatie op <a href=\"https:\/\/yournordichome.com\/nl\/verzendinformatie\/\">Verzendinformatie<\/a>.<\/p>\n<p>U vindt de verwachte levertijd naast de informatie over het geselecteerde product. Als je meerdere producten hebt besteld en de levertijd verschilt tussen de verschillende producten, leveren we de goederen samen, wat betekent dat de laatste datum van toepassing is.<\/p>\n<p>Zodra uw bestelling is verzonden, ontvangt u een verzendbevestiging per e-mail en een leveringsbericht van GLS met een trackingnummer voor uw pakket.<\/p>\n<p>Alle bestellingen zijn afhankelijk van beschikbaarheid.<br \/>\nOns doel is om je bestelling zo snel mogelijk te leveren. In het geval van onvoorziene omstandigheden buiten onze redelijke controle (dit omvat technische storingen, stakingen, enz.) is het echter mogelijk dat we de goederen niet binnen de beloofde tijd kunnen leveren.<\/p>\n<p>7. We leveren aan de volgende landen<\/p>\n<p>Landen van de Europese Unie: Belgi\u00eb, Bulgarije, Denemarken, Duitsland, Estland, Finland, Frankrijk, Griekenland, Hongarije, Itali\u00eb, Letland, Litouwen, Luxemburg, Nederland, Oostenrijk, Polen, Portugal, Roemeni\u00eb, Sloveni\u00eb, Slowakije, Spanje, Tsjechi\u00eb, Zweden.<\/p>\n<p>8. Vervoersaansprakelijkheid<\/p>\n<p>Indien zendingen met zichtbare schade worden afgeleverd, bent u verplicht onmiddellijk een klacht in te dienen bij het transportbedrijf en de acceptatie van de zending te weigeren. Verborgen schade dient u uiterlijk vijf dagen na ontvangst van de zending te melden bij YourNordicHome (contact@yournordichome.com). Onze klantenservicemedewerker zal u dan informeren over de verdere afhandeling van de klacht.<\/p>\n<p>9. Niet-bezorgd pakket<\/p>\n<p>In de meeste landen zal onze verzendpartner ten minste twee afleverpogingen doen voordat het pakket als retourzending naar ons wordt verstuurd. Indien de vervoerder niet in staat was het pakket bij de ontvanger af te leveren en het pakket aan ons wordt geretourneerd, heeft YourNordicHome het recht u een bedrag van 50 EUR in rekening te brengen voor de retournerings- en afhandelingskosten.<\/p>\n<p>10. Klachten<\/p>\n<p>Als er een probleem was met uw zending, neem dan contact met ons op via contact@yournordichome.com. Hieronder vallen problemen zoals transportschade, defecte producten of op een andere manier onjuiste bestellingen. Als het pakket in slechte staat aankomt en de producten erin ontbreken of beschadigd zijn, moet je ook direct na het ontdekken van het probleem een klacht indienen bij het bezorgbedrijf, bijvoorbeeld GLS of de toepasselijke lokale bezorgdienst.<\/p>\n<p>Houd er rekening mee dat we altijd fotografisch bewijs nodig hebben van het pakket en de beschadigde items die per e-mail naar ons zijn verzonden om je klacht te kunnen behandelen. Als je een product terugstuurt, gebruik dan, na overleg met een van onze medewerkers van de klantenservice, de originele verpakking en markeer het retourpakket met 'RETURN'. Stuur het pakket terug naar: Petho Laszlone, 1212 Boedapest, Kikoto utca 2-8\/A, HONGARIJE.<\/p>\n<p>11. Retourbeleid\/recht op annulering<\/p>\n<p>Als u niet helemaal tevreden bent met uw producten, kunt u deze aan ons retourneren. YourNordicHome voldoet aan de E-commerce Richtlijn van de Europese Unie. Dit betekent dat u de mogelijkheid heeft om binnen 365 dagen, zonder opgaaf van reden, uw overeenkomst te ontbinden.<\/p>\n<p>We raden sterk aan een traceerbare en verzekerde verzenddienst te gebruiken als een product wordt geretourneerd. Het is niet verplicht, maar we raden aan de originele verpakking of iets vergelijkbaars te gebruiken om schade te voorkomen wanneer je een product naar ons terugstuurt.<\/p>\n<p>De annuleringstermijn verstrijkt 365 dagen na de dag waarop u of een derde partij, anders dan de vervoerder, het laatste goed fysiek in bezit heeft gekregen.<\/p>\n<p>Om het recht op annulering uit te oefenen, moet u ons (contact@yournordichome.com, Petho Laszlone, 1212 Boedapest, Kikoto utca 2-8\/A, HONGARIJE) op de hoogte stellen van uw beslissing om dit contract te annuleren door ons een duidelijke verklaring te sturen. Dit kan per e-mail.<\/p>\n<p>Als u gebruikmaakt van uw recht om een product terug te sturen, betaalt u de directe kosten voor het terugsturen van de goederen. Zorg ervoor dat je de geretourneerde goederen goed verpakt, om transportschade te voorkomen. Je moet de goederen onverwijld terugsturen en in ieder geval niet later dan 14 dagen vanaf de dag waarop je ons je annulering van dit contract hebt meegedeeld.<\/p>\n<p>Het herroepingsrecht is niet van toepassing op de volgende soort overeenkomsten: overeenkomsten voor de levering van goederen die zijn vervaardigd volgens specificaties van de consument of die duidelijk zijn gepersonaliseerd.<\/p>\n<p>Als u dit contract annuleert, betalen wij u alle betalingen terug die wij van u hebben ontvangen, inclusief de leveringskosten. Als slechts een deel van een bestelling als retourzending wordt verzonden, worden de verzendkosten niet vergoed.<\/p>\n<p>We kunnen de vergoeding inhouden totdat we de goederen hebben teruggekregen. We kunnen een bedrag in mindering brengen op de vergoeding voor waardevermindering van geleverde goederen, als het verlies het gevolg is van onnodige behandeling door u, anders dan nodig is om de aard, kenmerken en werking van de goederen vast te stellen.<\/p>\n<p>12. Annulering door ons<\/p>\n<p>We behouden ons het recht voor om het contract tussen ons te annuleren als een van de volgende scenario's zich voordoet:<br \/>\n- Als we onvoldoende voorraad hebben en een product niet opnieuw kunnen bestellen voor levering.<br \/>\n- Er is onvoldoende informatie verstrekt om de goederen te kunnen leveren<br \/>\n- U heeft onjuiste informatie verstrekt tijdens het bestelproces<\/p>\n<p>13. Alternatieve\/Online Geschillenbeslechting<\/p>\n<p>De Europese Commissie heeft een onlineplatform gelanceerd waarmee consumenten en ondernemers geschillen kunnen beslechten via alternatieve of online geschillenbeslechting (ADR\/ODR). Dit platform zal helpen om geschillen buiten de rechtbank om te beslechten, zodat geschillen op een goedkopere, eenvoudigere en snellere manier kunnen worden opgelost. De ODR is operationeel sinds 9 januari 2016 en is toegankelijk voor consumenten en ondernemers onder: https:\/\/ec.europa.eu\/consumers\/odr\/<\/p>\n<p>14. Wetten<\/p>\n<p>De voorwaarden in dit contract worden beheerst door en geconstrueerd om te voldoen aan de EU-richtlijn inzake elektronische handel. We kunnen deze Algemene Voorwaarden te allen tijde zonder voorafgaande kennisgeving wijzigen en bijwerken. Voor elke bestelling gelden de Algemene Voorwaarden die op het moment van de bestelling op deze site zijn vermeld. Laatst bijgewerkt: 13 mei 2023.a<\/p>","protected":false},"excerpt":{"rendered":"<p>General and Contact Information At Your Nordic Home (yournordichome.com) you will find home decor products. Below you will find our conditions of purchase. You can contact us: Peth\u0151 L\u00e1szl\u00f3n\u00e9 EV (EU VAT: HU57890364) contact@yournordichome.com Kikoto 2. 1212 Budapest Hungary Tel: +36304340994 1. Handling of Information The information you submit to https:\/\/yournordichome.com will be handled with&#8230;<\/p>","protected":false},"author":2,"featured_media":0,"parent":0,"menu_order":0,"comment_status":"closed","ping_status":"closed","template":"","meta":{"_acf_changed":false,"_kad_post_transparent":"","_kad_post_title":"","_kad_post_layout":"","_kad_post_sidebar_id":"","_kad_post_content_style":"","_kad_post_vertical_padding":"","_kad_post_feature":"","_kad_post_feature_position":"","_kad_post_header":false,"_kad_post_footer":false,"_kad_post_classname":"","footnotes":""},"class_list":["post-912","page","type-page","status-publish","hentry"],"acf":[],"_links":{"self":[{"href":"https:\/\/yournordichome.com\/nl\/wp-json\/wp\/v2\/pages\/912","targetHints":{"allow":["GET"]}}],"collection":[{"href":"https:\/\/yournordichome.com\/nl\/wp-json\/wp\/v2\/pages"}],"about":[{"href":"https:\/\/yournordichome.com\/nl\/wp-json\/wp\/v2\/types\/page"}],"author":[{"embeddable":true,"href":"https:\/\/yournordichome.com\/nl\/wp-json\/wp\/v2\/users\/2"}],"replies":[{"embeddable":true,"href":"https:\/\/yournordichome.com\/nl\/wp-json\/wp\/v2\/comments?post=912"}],"version-history":[{"count":3,"href":"https:\/\/yournordichome.com\/nl\/wp-json\/wp\/v2\/pages\/912\/revisions"}],"predecessor-version":[{"id":3293,"href":"https:\/\/yournordichome.com\/nl\/wp-json\/wp\/v2\/pages\/912\/revisions\/3293"}],"wp:attachment":[{"href":"https:\/\/yournordichome.com\/nl\/wp-json\/wp\/v2\/media?parent=912"}],"curies":[{"name":"wp","href":"https:\/\/api.w.org\/{rel}","templated":true}]}}