{"id":3288,"date":"2023-10-14T11:06:36","date_gmt":"2023-10-14T11:06:36","guid":{"rendered":"https:\/\/yournordichome.com\/?page_id=3288"},"modified":"2023-10-14T11:16:32","modified_gmt":"2023-10-14T11:16:32","slug":"over-ons","status":"publish","type":"page","link":"https:\/\/yournordichome.com\/nl\/about-us\/","title":{"rendered":"Over ons"},"content":{"rendered":"<p><strong>Uw Scandinavische huis<\/strong> biedt een grote selectie interieurproducten in Scandinavische stijl van verschillende merken.<\/p>\n<p>We verzenden momenteel naar de meeste EU-landen, bekijk onze <a href=\"https:\/\/yournordichome.com\/nl\/verzendinformatie\/\">Verzendinformatie<\/a>.<\/p>\n<p>We werken met woonproducten in Scandinavische stijl sinds 2017, toen we begonnen met onze lokale webshop in Hongarije, <a href=\"https:\/\/deerdecor.hu\/\" target=\"_blank\" rel=\"noopener\">HertenDecor<\/a>. Your Nordic Home is de uitbreiding van onze activiteiten buiten onze grenzen.<\/p>\n<p>We streven ernaar om je mooie producten van geweldige kwaliteit te bieden en we werken er voortdurend aan om je een steeds breder assortiment te bieden en onze diensten steeds beter te maken.<\/p>\n<p>We hopen dat je inspiratie opdoet voor je Scandinavische huis!<\/p>\n<p>Contactgegevens:<br \/>\nPeth\u0151 L\u00e1szl\u00f3n\u00e9 EV (EU BTW: HU57890364)<br \/>\ncontact@yournordichome.com<br \/>\nKikoto 2.<br \/>\n1212 Boedapest<br \/>\nHongarije<\/p>","protected":false},"excerpt":{"rendered":"<p>Your Nordic Home offers a great selection of Nordic style interior design products from several brands. We are shipping to most EU countries at the moment, check out our Shipping information. We are working with Scandinavian style home decor products since 2017, when we started our local webshop in Hungary, DeerDecor. Your Nordic Home is&#8230;<\/p>","protected":false},"author":2,"featured_media":0,"parent":0,"menu_order":0,"comment_status":"closed","ping_status":"closed","template":"","meta":{"_acf_changed":false,"_kad_post_transparent":"","_kad_post_title":"","_kad_post_layout":"","_kad_post_sidebar_id":"","_kad_post_content_style":"","_kad_post_vertical_padding":"","_kad_post_feature":"","_kad_post_feature_position":"","_kad_post_header":false,"_kad_post_footer":false,"_kad_post_classname":"","footnotes":""},"class_list":["post-3288","page","type-page","status-publish","hentry"],"acf":[],"_links":{"self":[{"href":"https:\/\/yournordichome.com\/nl\/wp-json\/wp\/v2\/pages\/3288","targetHints":{"allow":["GET"]}}],"collection":[{"href":"https:\/\/yournordichome.com\/nl\/wp-json\/wp\/v2\/pages"}],"about":[{"href":"https:\/\/yournordichome.com\/nl\/wp-json\/wp\/v2\/types\/page"}],"author":[{"embeddable":true,"href":"https:\/\/yournordichome.com\/nl\/wp-json\/wp\/v2\/users\/2"}],"replies":[{"embeddable":true,"href":"https:\/\/yournordichome.com\/nl\/wp-json\/wp\/v2\/comments?post=3288"}],"version-history":[{"count":2,"href":"https:\/\/yournordichome.com\/nl\/wp-json\/wp\/v2\/pages\/3288\/revisions"}],"predecessor-version":[{"id":3292,"href":"https:\/\/yournordichome.com\/nl\/wp-json\/wp\/v2\/pages\/3288\/revisions\/3292"}],"wp:attachment":[{"href":"https:\/\/yournordichome.com\/nl\/wp-json\/wp\/v2\/media?parent=3288"}],"curies":[{"name":"wp","href":"https:\/\/api.w.org\/{rel}","templated":true}]}}