{"id":816,"date":"2023-05-09T17:45:16","date_gmt":"2023-05-09T17:45:16","guid":{"rendered":"https:\/\/yournordichome.com\/product\/ceramic-hanging-planter-gray\/"},"modified":"2025-08-03T11:10:56","modified_gmt":"2025-08-03T11:10:56","slug":"keramik-hangepflanze-grau","status":"publish","type":"product","link":"https:\/\/yournordichome.com\/de\/product\/ceramic-hanging-planter-gray\/","title":{"rendered":"Keramische H\u00e4ngepflanze - grau"},"content":{"rendered":"<p>H\u00e4ngen Sie ihn auf der Terrasse oder irgendwo in der Wohnung auf, dieser graue Keramik-Pflanztopf bietet ein sch\u00f6nes Zuhause f\u00fcr Ihre Lieblingspflanze.<\/p>\n<p>Gr\u00f6\u00dfe: 14 cm x 100 cm x 14 cm<br \/>\nMaterial: Steingut<\/p>","protected":false},"excerpt":{"rendered":"<p>Keramischer Blumenk\u00fcbel, den Sie auf der Terrasse oder in der Wohnung aufh\u00e4ngen k\u00f6nnen. Er bietet ein sch\u00f6nes Zuhause f\u00fcr Ihre Lieblingspflanzen.<\/p>","protected":false},"featured_media":225,"comment_status":"closed","ping_status":"closed","template":"","meta":{"_acf_changed":false,"_kad_post_transparent":"default","_kad_post_title":"","_kad_post_layout":"default","_kad_post_sidebar_id":"","_kad_post_content_style":"default","_kad_post_vertical_padding":"default","_kad_post_feature":"","_kad_post_feature_position":"","_kad_post_header":false,"_kad_post_footer":false,"_kad_post_classname":""},"pwb-brand":[17],"product_brand":[],"product_cat":[58],"product_tag":[24,33],"gyarto":[],"class_list":{"0":"post-816","1":"product","2":"type-product","3":"status-publish","4":"has-post-thumbnail","6":"pwb-brand-bloomingville","7":"product_cat-flower-pot","8":"product_tag-christmas-gift-ideas","9":"product_tag-outdoor-furniture","10":"pa_colour-grey","11":"pa_material-stoneware","13":"first","14":"instock","15":"taxable","16":"shipping-taxable","17":"purchasable","18":"product-type-simple","19":"entry","20":"content-bg","21":"loop-entry"},"acf":[],"brands":[{"id":17,"name":"Bloomingville","slug":"bloomingville"}],"_links":{"self":[{"href":"https:\/\/yournordichome.com\/de\/wp-json\/wp\/v2\/product\/816","targetHints":{"allow":["GET"]}}],"collection":[{"href":"https:\/\/yournordichome.com\/de\/wp-json\/wp\/v2\/product"}],"about":[{"href":"https:\/\/yournordichome.com\/de\/wp-json\/wp\/v2\/types\/product"}],"replies":[{"embeddable":true,"href":"https:\/\/yournordichome.com\/de\/wp-json\/wp\/v2\/comments?post=816"}],"wp:featuredmedia":[{"embeddable":true,"href":"https:\/\/yournordichome.com\/de\/wp-json\/wp\/v2\/media\/225"}],"wp:attachment":[{"href":"https:\/\/yournordichome.com\/de\/wp-json\/wp\/v2\/media?parent=816"}],"wp:term":[{"taxonomy":"pwb-brand","embeddable":true,"href":"https:\/\/yournordichome.com\/de\/wp-json\/wp\/v2\/pwb-brand?post=816"},{"taxonomy":"product_brand","embeddable":true,"href":"https:\/\/yournordichome.com\/de\/wp-json\/wp\/v2\/product_brand?post=816"},{"taxonomy":"product_cat","embeddable":true,"href":"https:\/\/yournordichome.com\/de\/wp-json\/wp\/v2\/product_cat?post=816"},{"taxonomy":"product_tag","embeddable":true,"href":"https:\/\/yournordichome.com\/de\/wp-json\/wp\/v2\/product_tag?post=816"},{"taxonomy":"gyarto","embeddable":true,"href":"https:\/\/yournordichome.com\/de\/wp-json\/wp\/v2\/gyarto?post=816"}],"curies":[{"name":"wp","href":"https:\/\/api.w.org\/{rel}","templated":true}]}}