{"id":7824,"date":"2025-08-22T14:44:28","date_gmt":"2025-08-22T14:44:28","guid":{"rendered":"https:\/\/yournordichome.com\/product\/charcoal-seagrass-rug-with-2-sides\/"},"modified":"2025-08-22T14:44:37","modified_gmt":"2025-08-22T14:44:37","slug":"anthrazitfarbener-seegras-teppich-mit-2-seiten","status":"publish","type":"product","link":"https:\/\/yournordichome.com\/de\/product\/charcoal-seagrass-rug-with-2-sides\/","title":{"rendered":"Seegrassteppich in Holzkohle mit 2 Seiten"},"content":{"rendered":"<p>Eines der sch\u00f6nsten St\u00fccke der Marke Madam Stoltz ist der Seegras-Teppich Charcoal 180 x 270 cm, der die Sch\u00f6nheit nat\u00fcrlicher Materialien und die Harmonie des modernen Stils in Ihrem Zuhause bietet. Dieser handgewebte Teppich wurde f\u00fcr Liebhaber des skandinavischen und modernen Einrichtungsstils entworfen: Seine Natur- und Anthrazitt\u00f6ne bilden einen besonderen, subtilen Kontrast, der in jedem Interieur eine raffinierte und zugleich charakteristische Wirkung erzeugt. Die Verspieltheit des geometrischen Musters und die Textur der Naturfasern schaffen eine intime, wohnliche Atmosph\u00e4re, die jeden Raum einladend und stilvoll macht.<\/p>\n<p>Das Hauptmaterial des Charcoal Seagrass Rug 180 x 270 cm besteht aus 70% Seegras und 30% Baumwolle, was ihn extrem strapazierf\u00e4hig und zeitlos macht, ohne seine weiche, nat\u00fcrliche Haptik zu verlieren. Der Teppich kann mit beiden Seiten verwendet werden: je nachdem, ob Sie in Ihrer Wohnung einen eher zur\u00fcckhaltenden, helleren oder einen kr\u00e4ftigeren, dunkleren Farbton betonen m\u00f6chten. Aufgrund seines gro\u00dfz\u00fcgigen Designs ist er die ideale Wahl f\u00fcr ein ger\u00e4umiges Wohnzimmer, ein Esszimmer oder eine gem\u00fctliche Leseecke, wo die weiche Oberfl\u00e4che, die nat\u00fcrlichen Farben und das aufregende Muster des Teppichs jeden Tag eine fr\u00f6hliche Atmosph\u00e4re in den Raum bringen. Au\u00dferdem passt er dank seiner Nat\u00fcrlichkeit perfekt in Wohnungen, in denen die Balance zwischen Nachhaltigkeit und charaktervollem Design wichtig ist.<\/p>\n<h2>Abmessungen des Produkts<\/h2>\n<p>Abmessungen des Produkts: 180 x 270 cm<br \/>\nMaterial: 70% Seegras, 30% Baumwolle<br \/>\nFarbe: natur, anthrazit<br \/>\nPflegehinweise: Nur staubsaugen und im Freien auffrischen<\/p>\n<h2>Warum sollten Sie sich f\u00fcr einen anthrazitfarbenen Seegras-Teppich mit 2 Seiten entscheiden?<\/h2>\n<p>- Handgewebter, hochwertiger Teppich im Madam-Stoltz-Design<br \/>\n- Nat\u00fcrliches Seegras und Baumwollmischung: langlebig, zeitlos, schafft eine freundliche Atmosph\u00e4re<br \/>\n- Beidseitig verwendbar - ver\u00e4ndern Sie ganz einfach die Atmosph\u00e4re des Raumes<br \/>\n- Besonderes und doch dezentes geometrisches Muster<br \/>\n- Eine stilvolle Wahl f\u00fcr skandinavische, moderne oder nat\u00fcrliche Einrichtungsstile<br \/>\n- Einfache Reinigung: Staubsaugen, Auffrischen an der frischen Luft<\/p>\n<h2>Wo sieht es am besten aus?<\/h2>\n<p>- Unter einem Sofa im Wohnzimmer, wo es W\u00e4rme und Nat\u00fcrlichkeit ausstrahlt<br \/>\n- Unter einem Esstisch, der die Atmosph\u00e4re eines Familien- oder Freundestreffens unterstreicht<br \/>\n- In einem ger\u00e4umigen Schlafzimmer, neben dem Bett als Soft-Touch-Oberfl\u00e4che<br \/>\n- In einer gem\u00fctlichen Leseecke oder einem Arbeitszimmer, wo die Textur Harmonie schafft<br \/>\n- In loftartigen, minimalistischen oder naturnahen Wohnungen<\/p>\n<p>Wenn Sie auf der Suche nach einem Teppich aus nat\u00fcrlichem Material sind, der langlebig ist und dennoch elegant und modern aussieht, dann ist der Charcoal Seegras-Teppich 180 x 270 cm von Madame Stoltz eine ideale Wahl. Zeigen Sie damit das sch\u00f6nste Gesicht Ihres Zuhauses!<\/p>","protected":false},"excerpt":{"rendered":"<p>Der Charcoal Seagrass Rug 180 x 270 cm bringt nat\u00fcrliche Eleganz und Langlebigkeit in Ihr Zuhause und ist damit die perfekte Wahl f\u00fcr eine skandinavische oder moderne Einrichtung.<\/p>","protected":false},"featured_media":7717,"comment_status":"closed","ping_status":"open","template":"","meta":{"_acf_changed":false,"_kad_post_transparent":"","_kad_post_title":"","_kad_post_layout":"","_kad_post_sidebar_id":"","_kad_post_content_style":"","_kad_post_vertical_padding":"","_kad_post_feature":"","_kad_post_feature_position":"","_kad_post_header":false,"_kad_post_footer":false,"_kad_post_classname":""},"pwb-brand":[1102],"product_brand":[],"product_cat":[88,65],"product_tag":[1097,82,146,334,398,34,396],"gyarto":[1103],"class_list":{"0":"post-7824","1":"product","2":"type-product","3":"status-publish","4":"has-post-thumbnail","6":"pwb-brand-madam-stoltz","7":"product_cat-rug","8":"product_cat-rugs-and-textiles","9":"product_tag-autumn-winter-2025","10":"product_tag-carpet","11":"product_tag-ethno-style","12":"product_tag-new-arrivals","13":"product_tag-nordic-design","14":"product_tag-nordic-interior-design","15":"product_tag-nordic-style","16":"pa_colour-grey","17":"pa_material-seagrass","18":"gyarto-madam-stoltz","20":"first","21":"instock","22":"taxable","23":"shipping-taxable","24":"purchasable","25":"product-type-simple","26":"entry","27":"content-bg","28":"loop-entry"},"acf":[],"brands":[{"id":1102,"name":"Frau Stoltz","slug":"fraulein-stoltz"}],"_links":{"self":[{"href":"https:\/\/yournordichome.com\/de\/wp-json\/wp\/v2\/product\/7824","targetHints":{"allow":["GET"]}}],"collection":[{"href":"https:\/\/yournordichome.com\/de\/wp-json\/wp\/v2\/product"}],"about":[{"href":"https:\/\/yournordichome.com\/de\/wp-json\/wp\/v2\/types\/product"}],"replies":[{"embeddable":true,"href":"https:\/\/yournordichome.com\/de\/wp-json\/wp\/v2\/comments?post=7824"}],"wp:featuredmedia":[{"embeddable":true,"href":"https:\/\/yournordichome.com\/de\/wp-json\/wp\/v2\/media\/7717"}],"wp:attachment":[{"href":"https:\/\/yournordichome.com\/de\/wp-json\/wp\/v2\/media?parent=7824"}],"wp:term":[{"taxonomy":"pwb-brand","embeddable":true,"href":"https:\/\/yournordichome.com\/de\/wp-json\/wp\/v2\/pwb-brand?post=7824"},{"taxonomy":"product_brand","embeddable":true,"href":"https:\/\/yournordichome.com\/de\/wp-json\/wp\/v2\/product_brand?post=7824"},{"taxonomy":"product_cat","embeddable":true,"href":"https:\/\/yournordichome.com\/de\/wp-json\/wp\/v2\/product_cat?post=7824"},{"taxonomy":"product_tag","embeddable":true,"href":"https:\/\/yournordichome.com\/de\/wp-json\/wp\/v2\/product_tag?post=7824"},{"taxonomy":"gyarto","embeddable":true,"href":"https:\/\/yournordichome.com\/de\/wp-json\/wp\/v2\/gyarto?post=7824"}],"curies":[{"name":"wp","href":"https:\/\/api.w.org\/{rel}","templated":true}]}}