{"id":7818,"date":"2025-08-22T14:43:40","date_gmt":"2025-08-22T14:43:40","guid":{"rendered":"https:\/\/yournordichome.com\/product\/tufted-cotton-runner\/"},"modified":"2025-08-22T14:44:22","modified_gmt":"2025-08-22T14:44:22","slug":"laufer-aus-getufteter-baumwolle","status":"publish","type":"product","link":"https:\/\/yournordichome.com\/de\/product\/tufted-cotton-runner\/","title":{"rendered":"L\u00e4ufer aus getufteter Baumwolle"},"content":{"rendered":"<p>Der Tufted Cotton Runner ist ein Premiumprodukt der Marke Madam Stoltz, das die perfekte Wahl ist, wenn Sie Ihr Zuhause mit nat\u00fcrlichen Materialien und handwerklichen Strukturen bereichern m\u00f6chten. Dieser L\u00e4ufer ist aus dicken, weichen Baumwollfasern gefertigt, mit einer geh\u00e4kelten Oberfl\u00e4che, die an Handarbeit erinnert und bei jedem Schritt angenehme W\u00e4rme ausstrahlt. Das Design des Teppichs wird durch reiche florale Muster und harmonische erdige Farben noch spezieller und verleiht so jedem Raum einen einzigartigen, verspielten und dennoch eleganten Charakter.<\/p>\n<p>Der Tufted Cotton Runner eignet sich perfekt f\u00fcr Flure, Dielen, kann aber auch zur Dekoration des Schlaf- oder Wohnzimmers verwendet werden. Baumwolle - als nat\u00fcrliches Material - garantiert Langlebigkeit und zeitlose Qualit\u00e4t, w\u00e4hrend die Latex-R\u00fcckseite daf\u00fcr sorgt, dass der Teppich auch bei intensiver Nutzung nicht verrutscht. Die Pflege des L\u00e4ufers ist einfach: Durch regelm\u00e4\u00dfiges Staubsaugen und L\u00fcften bleibt er immer frisch und sauber.<\/p>\n<p>Dieser getuftete Baumwollteppich bringt echten Charakter und W\u00e4rme in jedes Zuhause, ob es nun skandinavische Schlichtheit, verspielte Verspieltheit oder die Atmosph\u00e4re eklektischer R\u00e4ume ist. Der handgefertigte Teppich von Madam Stoltz passt perfekt in die Wohnungen all derer, die nach einzigartigen, nat\u00fcrlichen und praktischen L\u00f6sungen suchen.<\/p>\n<h2>Abmessungen des Produkts<\/h2>\n<p>Abmessungen des Produkts: 70 x 140 cm<br \/>\nMaterial: Baumwolle, Latex<br \/>\nFarbe: Grauwei\u00df, mehrfarbig<br \/>\nPflegehinweise: Nur staubsaugen und im Freien auffrischen<br \/>\nRutschfestes Latex auf der R\u00fcckseite<\/p>\n<h2>Warum sollten Sie sich f\u00fcr einen getufteten Baumwoll-L\u00e4ufer entscheiden?<\/h2>\n<p>- Handgefertigtes, getuftetes Baumwolldesign, das zeitlos und langlebig ist<br \/>\n- Weiche, dicke Oberfl\u00e4che, die bei jedem Schritt W\u00e4rme spendet<br \/>\n- Rutschfeste Latexunterlage f\u00fcr Sicherheit<br \/>\n- Nat\u00fcrliche Erdt\u00f6ne und reiche florale Muster<br \/>\n- Leicht zu reinigen und zu pflegen<br \/>\n- Passt in skandinavische, Boho oder eklektische Interieurs<\/p>\n<h2>Wo sieht es am besten aus?<\/h2>\n<p>- Im Hausflur, wo der erste Eindruck z\u00e4hlt<br \/>\n- In langen Fluren, um dem Raum W\u00e4rme und Stil zu verleihen<br \/>\n- Im Schlafzimmer, neben dem Bett platziert<br \/>\n- Im Wohnzimmer, wo es die nat\u00fcrlichen M\u00f6bel erg\u00e4nzt<br \/>\n- Im Badezimmer, wo Sie besonders weich sein wollen<\/p>\n<p>W\u00e4hlen Sie den getufteten Baumwoll-L\u00e4ufer, um Ihr Zuhause noch nat\u00fcrlicher, w\u00e4rmer und stilvoller zu gestalten!<\/p>","protected":false},"excerpt":{"rendered":"<p>Der getuftete Baumwoll-L\u00e4ufer ist aus dicken, weichen Baumwollfasern gefertigt, mit nat\u00fcrlichen Erdfarben und Blumenmustern verziert und hat eine rutschfeste Unterseite. Eine praktische und stilvolle Wahl.<\/p>","protected":false},"featured_media":7791,"comment_status":"closed","ping_status":"open","template":"","meta":{"_acf_changed":false,"_kad_post_transparent":"","_kad_post_title":"","_kad_post_layout":"","_kad_post_sidebar_id":"","_kad_post_content_style":"","_kad_post_vertical_padding":"","_kad_post_feature":"","_kad_post_feature_position":"","_kad_post_header":false,"_kad_post_footer":false,"_kad_post_classname":""},"pwb-brand":[1102],"product_brand":[],"product_cat":[88,65],"product_tag":[1097,82,146,334,398,34,396,262,303],"gyarto":[1103],"class_list":{"0":"post-7818","1":"product","2":"type-product","3":"status-publish","4":"has-post-thumbnail","6":"pwb-brand-madam-stoltz","7":"product_cat-rug","8":"product_cat-rugs-and-textiles","9":"product_tag-autumn-winter-2025","10":"product_tag-carpet","11":"product_tag-ethno-style","12":"product_tag-new-arrivals","13":"product_tag-nordic-design","14":"product_tag-nordic-interior-design","15":"product_tag-nordic-style","16":"product_tag-runner-rug","17":"product_tag-wall-rug","18":"pa_colour-multi","19":"pa_material-cotton","20":"gyarto-madam-stoltz","22":"first","23":"instock","24":"taxable","25":"shipping-taxable","26":"purchasable","27":"product-type-simple","28":"entry","29":"content-bg","30":"loop-entry"},"acf":[],"brands":[{"id":1102,"name":"Frau Stoltz","slug":"fraulein-stoltz"}],"_links":{"self":[{"href":"https:\/\/yournordichome.com\/de\/wp-json\/wp\/v2\/product\/7818","targetHints":{"allow":["GET"]}}],"collection":[{"href":"https:\/\/yournordichome.com\/de\/wp-json\/wp\/v2\/product"}],"about":[{"href":"https:\/\/yournordichome.com\/de\/wp-json\/wp\/v2\/types\/product"}],"replies":[{"embeddable":true,"href":"https:\/\/yournordichome.com\/de\/wp-json\/wp\/v2\/comments?post=7818"}],"wp:featuredmedia":[{"embeddable":true,"href":"https:\/\/yournordichome.com\/de\/wp-json\/wp\/v2\/media\/7791"}],"wp:attachment":[{"href":"https:\/\/yournordichome.com\/de\/wp-json\/wp\/v2\/media?parent=7818"}],"wp:term":[{"taxonomy":"pwb-brand","embeddable":true,"href":"https:\/\/yournordichome.com\/de\/wp-json\/wp\/v2\/pwb-brand?post=7818"},{"taxonomy":"product_brand","embeddable":true,"href":"https:\/\/yournordichome.com\/de\/wp-json\/wp\/v2\/product_brand?post=7818"},{"taxonomy":"product_cat","embeddable":true,"href":"https:\/\/yournordichome.com\/de\/wp-json\/wp\/v2\/product_cat?post=7818"},{"taxonomy":"product_tag","embeddable":true,"href":"https:\/\/yournordichome.com\/de\/wp-json\/wp\/v2\/product_tag?post=7818"},{"taxonomy":"gyarto","embeddable":true,"href":"https:\/\/yournordichome.com\/de\/wp-json\/wp\/v2\/gyarto?post=7818"}],"curies":[{"name":"wp","href":"https:\/\/api.w.org\/{rel}","templated":true}]}}