{"id":7816,"date":"2025-08-22T14:43:40","date_gmt":"2025-08-22T14:43:40","guid":{"rendered":"https:\/\/yournordichome.com\/product\/suzani-embroidered-cotton-throw-brown\/"},"modified":"2026-01-30T17:19:55","modified_gmt":"2026-01-30T17:19:55","slug":"suzani-bestickte-baumwolldecke-braun","status":"publish","type":"product","link":"https:\/\/yournordichome.com\/de\/product\/suzani-embroidered-cotton-throw-brown\/","title":{"rendered":"Suzani Decke aus bestickter Baumwolle - braun"},"content":{"rendered":"<p>Entdecken Sie die bestickte Baumwolldecke Suzani in Beige von Madam Stoltz, eine echte Spezialit\u00e4t f\u00fcr Liebhaber von Wohnkultur. Diese 130\u00d7180 cm gro\u00dfe Decke aus hochwertiger Baumwolle spendet nicht nur W\u00e4rme, sondern wird auch zu einer echten Dekoration f\u00fcr Ihr Zuhause. Sie ist mit traditioneller Suzani-Stickerei gefertigt, die alte Handwerkskunst mit modernem und eklektischem Stil verbindet. Die harmonische Kombination aus Beige-, Off-White-, Grau-, Braun- und Tabakt\u00f6nen strahlt nat\u00fcrliche Eleganz aus und passt perfekt in jede Umgebung.<\/p>\n<p>Das klare und doch reiche Muster der bestickten Baumwolldecke Suzani - Beige bringt Einzigartigkeit in jedes Interieur. Dieses besondere St\u00fcck ist die ideale Wahl f\u00fcr alle, die raffinierte, mit k\u00fcnstlerischen Details angereicherte Accessoires lieben. Jeder einzelne Faden der Decke wird sorgf\u00e4ltig von Hand gefertigt, so dass sie nicht nur ein Schmuckst\u00fcck, sondern auch eine Hommage an die Handwerkskunst ist. Besonderes Augenmerk wurde auf die Stickerei gelegt, und die Farben verleihen eine zur\u00fcckhaltende, aber dennoch entschiedene Pr\u00e4senz, so dass sie perfekt zu klassischen, modernen oder eklektischen Wohnungen passt. Das Baumwollmaterial ist angenehm zu ber\u00fchren, langlebig und bietet dennoch eine feine Qualit\u00e4t.<\/p>\n<h2>Abmessungen des Produkts<\/h2>\n<p>Abmessungen des Produkts: 130 x 180 cm<br \/>\nMaterial: Baumwolle<br \/>\nFarbe: Wei\u00df, grau, braun, tabakfarben<br \/>\nPflegehinweise: Nur chemisch reinigen<\/p>\n<h2>Warum sollten Sie sich f\u00fcr die bestickte Baumwolldecke Suzani - braun entscheiden?<\/h2>\n<p>- Ein einzigartiges, handgesticktes Design, das in jedem Interieur f\u00fcr Stil sorgt.<br \/>\n- Hergestellt aus hochwertigem 100% Baumwollmaterial, das nat\u00fcrlich und langlebig ist.<br \/>\n- Dank seiner harmonischen Farbgebung l\u00e4sst er sich problemlos mit jeder Farbpalette kombinieren.<br \/>\n- Erstklassige Qualit\u00e4t und einzigartiger Stil, garantiert durch die Marke Madam Stoltz.<br \/>\n- Eine perfekte Wahl als Geschenk, denn jedes Detail ist exklusiv und raffiniert.<\/p>\n<h2>Wo sieht es am besten aus?<\/h2>\n<p>- Im Wohnzimmer, auf dem Sofa oder in einem bequemen Sessel, verleiht er zus\u00e4tzliche Struktur und W\u00e4rme.<br \/>\n- Im Schlafzimmer unterstreicht sie als Tagesdecke eine entspannende und gem\u00fctliche Atmosph\u00e4re.<br \/>\n- In einer Leseecke, entweder als Dekoration oder f\u00fcr einen Moment der Entspannung.<br \/>\n- In einem G\u00e4stezimmer sorgt sie f\u00fcr ein stilvolles und besonderes G\u00e4steerlebnis.<br \/>\n- Als auff\u00e4llige, aber harmonische Erg\u00e4nzung zu eklektischen oder traditionellen Einrichtungen.<\/p>\n<p>Die bestickte Baumwolldecke Suzani - beige wird durch ihr einzigartiges Aussehen und ihre handwerkliche Qualit\u00e4t zu einem echten Lieblingsst\u00fcck in Ihrem Zuhause. Sie ist pflegeleicht: Es wird nur eine chemische Reinigung empfohlen, und es lohnt sich, sie vor direkter Sonneneinstrahlung zu sch\u00fctzen, um ihre Farben und Sch\u00f6nheit lange zu erhalten. Lassen Sie die hochwertige Atmosph\u00e4re der bestickten Baumwolldecke Suzani - beige Ihren Alltag vergolden!<\/p>","protected":false},"excerpt":{"rendered":"<p>Die bestickte Baumwolldecke Suzani - beige ist ein besonderes, hochwertiges Textil, das mit seinen einzigartigen Farben und Mustern eine gem\u00fctliche, stilvolle Atmosph\u00e4re in Ihrem Zuhause schafft.<\/p>","protected":false},"featured_media":7779,"comment_status":"closed","ping_status":"closed","template":"","meta":{"_acf_changed":false,"_kad_post_transparent":"default","_kad_post_title":"","_kad_post_layout":"default","_kad_post_sidebar_id":"","_kad_post_content_style":"default","_kad_post_vertical_padding":"default","_kad_post_feature":"","_kad_post_feature_position":"","_kad_post_header":false,"_kad_post_footer":false,"_kad_post_classname":""},"pwb-brand":[1102],"product_brand":[],"product_cat":[66,65],"product_tag":[1097,146,334,398,34,396,376],"gyarto":[1103],"class_list":{"0":"post-7816","1":"product","2":"type-product","3":"status-publish","4":"has-post-thumbnail","6":"pwb-brand-madam-stoltz","7":"product_cat-blanket","8":"product_cat-rugs-and-textiles","9":"product_tag-autumn-winter-2025","10":"product_tag-ethno-style","11":"product_tag-new-arrivals","12":"product_tag-nordic-design","13":"product_tag-nordic-interior-design","14":"product_tag-nordic-style","15":"product_tag-throw","16":"pa_colour-multi","17":"pa_material-cotton","18":"gyarto-madam-stoltz","20":"first","21":"instock","22":"taxable","23":"shipping-taxable","24":"purchasable","25":"product-type-simple","26":"entry","27":"content-bg","28":"loop-entry"},"acf":[],"brands":[{"id":1102,"name":"Frau Stoltz","slug":"fraulein-stoltz"}],"_links":{"self":[{"href":"https:\/\/yournordichome.com\/de\/wp-json\/wp\/v2\/product\/7816","targetHints":{"allow":["GET"]}}],"collection":[{"href":"https:\/\/yournordichome.com\/de\/wp-json\/wp\/v2\/product"}],"about":[{"href":"https:\/\/yournordichome.com\/de\/wp-json\/wp\/v2\/types\/product"}],"replies":[{"embeddable":true,"href":"https:\/\/yournordichome.com\/de\/wp-json\/wp\/v2\/comments?post=7816"}],"wp:featuredmedia":[{"embeddable":true,"href":"https:\/\/yournordichome.com\/de\/wp-json\/wp\/v2\/media\/7779"}],"wp:attachment":[{"href":"https:\/\/yournordichome.com\/de\/wp-json\/wp\/v2\/media?parent=7816"}],"wp:term":[{"taxonomy":"pwb-brand","embeddable":true,"href":"https:\/\/yournordichome.com\/de\/wp-json\/wp\/v2\/pwb-brand?post=7816"},{"taxonomy":"product_brand","embeddable":true,"href":"https:\/\/yournordichome.com\/de\/wp-json\/wp\/v2\/product_brand?post=7816"},{"taxonomy":"product_cat","embeddable":true,"href":"https:\/\/yournordichome.com\/de\/wp-json\/wp\/v2\/product_cat?post=7816"},{"taxonomy":"product_tag","embeddable":true,"href":"https:\/\/yournordichome.com\/de\/wp-json\/wp\/v2\/product_tag?post=7816"},{"taxonomy":"gyarto","embeddable":true,"href":"https:\/\/yournordichome.com\/de\/wp-json\/wp\/v2\/gyarto?post=7816"}],"curies":[{"name":"wp","href":"https:\/\/api.w.org\/{rel}","templated":true}]}}