{"id":7646,"date":"2025-08-08T09:35:54","date_gmt":"2025-08-08T09:35:54","guid":{"rendered":"https:\/\/yournordichome.com\/product\/tasha-metal-side-table\/"},"modified":"2025-10-26T10:45:36","modified_gmt":"2025-10-26T10:45:36","slug":"tasha-metall-beistelltisch","status":"publish","type":"product","link":"https:\/\/yournordichome.com\/de\/product\/tasha-metal-side-table\/","title":{"rendered":"Tasha Metall-Beistelltisch"},"content":{"rendered":"<p>Der Beistelltisch Tasha aus Metall von Bloomingville ist mit seinem modernen, klaren Look und dem nat\u00fcrlichen, beigen Farbton ein echtes Schmuckst\u00fcck in jedem Zuhause. Die pulverbeschichtete, lackierte Metalloberfl\u00e4che suggeriert Langlebigkeit und Premiumqualit\u00e4t, w\u00e4hrend die skulpturalen, schlichten Linien dem M\u00f6belst\u00fcck einen zeitlosen Stil verleihen. Der Beistelltisch Tasha aus Metall ist 45 cm hoch, 35 cm breit und tief, und seine Ablagefl\u00e4che ist 7,5 cm hoch, was ihn zu einer idealen kompakten L\u00f6sung f\u00fcr kleine und gro\u00dfe R\u00e4ume macht.<\/p>\n<p>Der Metallbeistelltisch Tasha eignet sich nicht nur perfekt als Beistelltisch, sondern bietet auch zus\u00e4tzlichen Stauraum direkt unter der Tischplatte. Dieser Platz eignet sich hervorragend zum Ablegen von B\u00fcchern, Zeitschriften oder anderen kleinen Gegenst\u00e4nden. Dank des Metallmaterials und der sorgf\u00e4ltigen Pulverbeschichtung ist auch die Pflege denkbar einfach: einfach mit einem feuchten Tuch abwischen, so bleibt er immer wie neu. Mit seinem skandinavischen Stil und der beigen Farbe passt er in jedes Interieur - ob Wohnzimmer, Schlafzimmer oder sogar Arbeitszimmer.<\/p>\n<h2>Abmessungen des Produkts<\/h2>\n<p>Abmessungen des Produkts: L35xH45xB35 cm<br \/>\nRegalh\u00f6he vom Boden: 7,5 cm<br \/>\nMaterial des Produkts: 100% Metall<br \/>\nProduktausf\u00fchrung: Pulverbeschichtung<br \/>\nPflegehinweise: Mit einem feuchten Tuch abwischen.<\/p>\n<h2>Warum sollten Sie sich f\u00fcr den Tasha Metall-Beistelltisch entscheiden?<\/h2>\n<p>- Hergestellt aus hochwertigem, robustem und langlebigem Metallmaterial mit zeitlosem, modernem Aussehen.<br \/>\n- Sein praktisches Design bietet zus\u00e4tzlichen Stauraum, ohne zu viel Platz zu beanspruchen.<br \/>\n- Die Pulverbeschichtung sch\u00fctzt die Oberfl\u00e4che und sorgt f\u00fcr ein \u00e4sthetisch anspruchsvolles, elegantes Gesamtbild.<br \/>\n- Es ist extrem einfach und schnell zu reinigen, so dass es immer sauber bleibt.<br \/>\n- Vielseitig verwendbar: als Beistelltisch, Nachttisch oder auch als dekoratives Element.<\/p>\n<h2>Wo sieht es am besten aus?<\/h2>\n<p>- Im Wohnzimmer, neben dem Sofa, als Beistelltisch f\u00fcr Ihr Lieblingsbuch oder Ihr Getr\u00e4nk.<br \/>\n- Im Schlafzimmer, als Nachttisch, mit einem eleganten und luftigen Aussehen.<br \/>\n- Im Arbeitszimmer, als zus\u00e4tzlicher Tisch, auf dem Sie inspirierende Gegenst\u00e4nde ablegen k\u00f6nnen.<br \/>\n- Sieht toll aus in modernen und minimalistischen Wohnungen, aber auch in skandinavischen Innenr\u00e4umen.<\/p>\n<p>Der Beistelltisch Tasha aus Metall ist die perfekte L\u00f6sung f\u00fcr alle, die Qualit\u00e4t, zeitloses Design und Funktionalit\u00e4t suchen. Bloomingville garantiert die Harmonie von Stil und Zuverl\u00e4ssigkeit, um Ihr Zuhause noch exklusiver zu machen.<\/p>","protected":false},"excerpt":{"rendered":"<p>Der Metall-Beistelltisch Tasha von Bloomingville ist mit seinem klaren, modernen Design und dem praktischen Stauraum die perfekte Wahl f\u00fcr kleinere R\u00e4ume oder stilvolle Wohnungen.<\/p>","protected":false},"featured_media":7620,"comment_status":"closed","ping_status":"closed","template":"","meta":{"_acf_changed":false,"_kad_post_transparent":"default","_kad_post_title":"","_kad_post_layout":"default","_kad_post_sidebar_id":"","_kad_post_content_style":"default","_kad_post_vertical_padding":"default","_kad_post_feature":"","_kad_post_feature_position":"","_kad_post_header":false,"_kad_post_footer":false,"_kad_post_classname":""},"pwb-brand":[17],"product_brand":[],"product_cat":[341,157],"product_tag":[1097,285,334,398,206,397],"gyarto":[],"class_list":{"0":"post-7646","1":"product","2":"type-product","3":"status-publish","4":"has-post-thumbnail","6":"pwb-brand-bloomingville","7":"product_cat-side-table","8":"product_cat-table","9":"product_tag-autumn-winter-2025","10":"product_tag-minimalist-furniture","11":"product_tag-new-arrivals","12":"product_tag-nordic-design","13":"product_tag-nordic-furniture","14":"product_tag-nordic-home","15":"pa_colour-nature","16":"pa_material-metal","18":"first","19":"instock","20":"featured","21":"taxable","22":"shipping-taxable","23":"purchasable","24":"product-type-simple","25":"entry","26":"content-bg","27":"loop-entry"},"acf":[],"brands":[{"id":17,"name":"Bloomingville","slug":"bloomingville"}],"_links":{"self":[{"href":"https:\/\/yournordichome.com\/de\/wp-json\/wp\/v2\/product\/7646","targetHints":{"allow":["GET"]}}],"collection":[{"href":"https:\/\/yournordichome.com\/de\/wp-json\/wp\/v2\/product"}],"about":[{"href":"https:\/\/yournordichome.com\/de\/wp-json\/wp\/v2\/types\/product"}],"replies":[{"embeddable":true,"href":"https:\/\/yournordichome.com\/de\/wp-json\/wp\/v2\/comments?post=7646"}],"wp:featuredmedia":[{"embeddable":true,"href":"https:\/\/yournordichome.com\/de\/wp-json\/wp\/v2\/media\/7620"}],"wp:attachment":[{"href":"https:\/\/yournordichome.com\/de\/wp-json\/wp\/v2\/media?parent=7646"}],"wp:term":[{"taxonomy":"pwb-brand","embeddable":true,"href":"https:\/\/yournordichome.com\/de\/wp-json\/wp\/v2\/pwb-brand?post=7646"},{"taxonomy":"product_brand","embeddable":true,"href":"https:\/\/yournordichome.com\/de\/wp-json\/wp\/v2\/product_brand?post=7646"},{"taxonomy":"product_cat","embeddable":true,"href":"https:\/\/yournordichome.com\/de\/wp-json\/wp\/v2\/product_cat?post=7646"},{"taxonomy":"product_tag","embeddable":true,"href":"https:\/\/yournordichome.com\/de\/wp-json\/wp\/v2\/product_tag?post=7646"},{"taxonomy":"gyarto","embeddable":true,"href":"https:\/\/yournordichome.com\/de\/wp-json\/wp\/v2\/gyarto?post=7646"}],"curies":[{"name":"wp","href":"https:\/\/api.w.org\/{rel}","templated":true}]}}