{"id":7636,"date":"2025-08-08T09:35:54","date_gmt":"2025-08-08T09:35:54","guid":{"rendered":"https:\/\/yournordichome.com\/product\/ember-metal-cabinet\/"},"modified":"2026-04-15T07:17:22","modified_gmt":"2026-04-15T07:17:22","slug":"glutmetallschrank","status":"publish","type":"product","link":"https:\/\/yournordichome.com\/de\/product\/ember-metal-cabinet\/","title":{"rendered":"Ember Metallschrank"},"content":{"rendered":"<p>Die Bloomingville Metallkommode mit Weident\u00fcren ist ein elegantes und vielseitiges Aufbewahrungsm\u00f6bel, das die perfekte Wahl ist, wenn Sie Ihrem Zuhause einen einzigartigen, stilvollen Look verleihen m\u00f6chten. Diese hochwertige Kommode schafft mit ihrem schwarzen, geschwungenen Metallrahmen eine moderne Atmosph\u00e4re, w\u00e4hrend die T\u00fcren aus Bambusgeflecht dem M\u00f6belst\u00fcck einen warmen, nat\u00fcrlichen Charakter verleihen. Die Metallkommode mit Weident\u00fcren verbindet auf perfekte Weise skandinavische Schlichtheit mit klassischen handgefertigten Details und ist damit eine zeitlose und trendige Wahl.<\/p>\n<p>Die Bloomingville Metallkommode mit Korbt\u00fcren ist nicht nur \u00e4sthetisch, sondern auch wirklich praktisch. Das ger\u00e4umige Innere der 105 cm hohen, 92 cm breiten und 36,5 cm tiefen Kommode bietet Platz f\u00fcr allt\u00e4gliche Dinge, egal ob B\u00fccher, Geschirr oder Ihre Lieblingsdekoration. Dank der Verwendung von Metall und Bambus ist er langlebig und leicht zu reinigen (einfach mit einem feuchten Tuch abwischen), so dass er auch auf lange Sicht seine sch\u00f6ne Form beh\u00e4lt. Dank der raffinierten Verarbeitung und der ausgezeichneten Qualit\u00e4t der Materialien macht er in jedem Raum Ihres Hauses eine gute Figur.<\/p>\n<h2>Abmessungen des Produkts<\/h2>\n<p>Abmessungen des Produkts: L92xH105xB36,5 cm<br \/>\nProduktmaterial: Metall, Bambus<br \/>\nPflegehinweise: Mit einem feuchten Tuch abwischen.<\/p>\n<h2>Warum sollten Sie sich f\u00fcr das Ember Metal Cabinet entscheiden?<\/h2>\n<ul>\n<li>Modernes, elegantes Design mit hochwertigen Materialien<\/li>\n<li>Ger\u00e4umiger, praktischer Stauraum f\u00fcr Alltagsgegenst\u00e4nde<\/li>\n<li>Einzigartiger, nat\u00fcrlicher Effekt dank der geflochtenen Bambust\u00fcren<\/li>\n<li>Leicht zu reinigende Oberfl\u00e4chen<\/li>\n<li>\u00a0Zuverl\u00e4ssige Bloomingville-Qualit\u00e4t<\/li>\n<\/ul>\n<h2>Wo sieht es am besten aus?<\/h2>\n<ul>\n<li>Im Wohnzimmer: als gem\u00fctliches, dekoratives M\u00f6belst\u00fcck<\/li>\n<li>Im Schlafzimmer: als zus\u00e4tzlicher Stauraum, als Kommode<\/li>\n<li>Im Flur: zum Ordnen von Schuhen, Handschuhen, Schals<\/li>\n<li>Im Esszimmer: zur Aufbewahrung von Geschirr und Besteck<\/li>\n<li>Im Arbeitszimmer: zum Ordnen von B\u00fcchern, Dokumenten<\/li>\n<\/ul>\n<p>Die Metallkommode mit geflochtenen T\u00fcren kann ein echtes Schmuckst\u00fcck f\u00fcr Ihr Zuhause sein, in dem die Harmonie von modernem Metall und nat\u00fcrlichem Bambusgeflecht zum Leben erwacht und ein einzigartiges, hochwertiges Lebensgef\u00fchl vermittelt.<\/p>","protected":false},"excerpt":{"rendered":"<p>Die Metallkommode mit geflochtenen T\u00fcren ist ein stilvolles und ger\u00e4umiges Aufbewahrungsm\u00f6bel, das die Premium-Qualit\u00e4t von Bloomingville mit einem modernen und nat\u00fcrlichen Look verbindet.<\/p>","protected":false},"featured_media":7555,"comment_status":"closed","ping_status":"closed","template":"","meta":{"_acf_changed":false,"_kad_post_transparent":"default","_kad_post_title":"","_kad_post_layout":"default","_kad_post_sidebar_id":"","_kad_post_content_style":"default","_kad_post_vertical_padding":"default","_kad_post_feature":"","_kad_post_feature_position":"","_kad_post_header":false,"_kad_post_footer":false,"_kad_post_classname":""},"pwb-brand":[],"product_brand":[],"product_cat":[94,95],"product_tag":[1097,334,398,206,397,396],"gyarto":[1099],"class_list":{"0":"post-7636","1":"product","2":"type-product","3":"status-publish","4":"has-post-thumbnail","6":"product_cat-furniture","7":"product_cat-storage-unit","8":"product_tag-autumn-winter-2025","9":"product_tag-new-arrivals","10":"product_tag-nordic-design","11":"product_tag-nordic-furniture","12":"product_tag-nordic-home","13":"product_tag-nordic-style","14":"pa_colour-black","15":"pa_material-metal","16":"gyarto-bloomingville","18":"first","19":"outofstock","20":"taxable","21":"shipping-taxable","22":"purchasable","23":"product-type-simple","24":"entry","25":"content-bg","26":"loop-entry"},"acf":[],"brands":[],"_links":{"self":[{"href":"https:\/\/yournordichome.com\/de\/wp-json\/wp\/v2\/product\/7636","targetHints":{"allow":["GET"]}}],"collection":[{"href":"https:\/\/yournordichome.com\/de\/wp-json\/wp\/v2\/product"}],"about":[{"href":"https:\/\/yournordichome.com\/de\/wp-json\/wp\/v2\/types\/product"}],"replies":[{"embeddable":true,"href":"https:\/\/yournordichome.com\/de\/wp-json\/wp\/v2\/comments?post=7636"}],"wp:featuredmedia":[{"embeddable":true,"href":"https:\/\/yournordichome.com\/de\/wp-json\/wp\/v2\/media\/7555"}],"wp:attachment":[{"href":"https:\/\/yournordichome.com\/de\/wp-json\/wp\/v2\/media?parent=7636"}],"wp:term":[{"taxonomy":"pwb-brand","embeddable":true,"href":"https:\/\/yournordichome.com\/de\/wp-json\/wp\/v2\/pwb-brand?post=7636"},{"taxonomy":"product_brand","embeddable":true,"href":"https:\/\/yournordichome.com\/de\/wp-json\/wp\/v2\/product_brand?post=7636"},{"taxonomy":"product_cat","embeddable":true,"href":"https:\/\/yournordichome.com\/de\/wp-json\/wp\/v2\/product_cat?post=7636"},{"taxonomy":"product_tag","embeddable":true,"href":"https:\/\/yournordichome.com\/de\/wp-json\/wp\/v2\/product_tag?post=7636"},{"taxonomy":"gyarto","embeddable":true,"href":"https:\/\/yournordichome.com\/de\/wp-json\/wp\/v2\/gyarto?post=7636"}],"curies":[{"name":"wp","href":"https:\/\/api.w.org\/{rel}","templated":true}]}}