{"id":7634,"date":"2025-08-08T09:35:54","date_gmt":"2025-08-08T09:35:54","guid":{"rendered":"https:\/\/yournordichome.com\/product\/neel-childrens-chair\/"},"modified":"2025-08-29T13:10:32","modified_gmt":"2025-08-29T13:10:32","slug":"neel-kinderstuhl","status":"publish","type":"product","link":"https:\/\/yournordichome.com\/de\/product\/neel-childrens-chair\/","title":{"rendered":"Neel Kinderstuhl"},"content":{"rendered":"<p>Der graue Kindersessel ist ein hochwertiges St\u00fcck der Marke Bloomingville, das Funktionalit\u00e4t mit stilvollem, skandinavischem Design verbindet. Dieser Kindersessel ist eine ausgezeichnete Wahl, wenn Sie ein modernes und dennoch freundliches Kinderzimmer planen, denn er bietet nicht nur bequeme Sitzgelegenheiten, sondern wertet das Kinderzimmer auch optisch auf. Der graue Soft-Touch-Stoff, mit dem Sitz und R\u00fcckenlehne gepolstert sind, sorgt f\u00fcr einen dezent eleganten Look, w\u00e4hrend das strapazierf\u00e4hige und hautfreundliche Polyestermaterial daf\u00fcr sorgt, dass er seine Sch\u00f6nheit auf lange Sicht beh\u00e4lt.<\/p>\n<p>Wissenswert am Bloomingville MINI Neel Chair ist, dass seine Ma\u00dfe und sein Design speziell auf die Bed\u00fcrfnisse von Kindern abgestimmt sind. Die Gesamth\u00f6he von 51 cm, die Breite von 40 cm und die Tiefe von 43 cm bieten eine ausreichend gro\u00dfe und bequeme Sitzfl\u00e4che, w\u00e4hrend sich die Sitzh\u00f6he von 29 cm und die Sitztiefe von 34 cm problemlos an den K\u00f6rper kleinerer Kinder anpassen. Das Gestell aus Kiefernholz sorgt f\u00fcr Stabilit\u00e4t, und die hochwertige Polyesterbeschichtung ist leicht zu reinigen, so dass die Kinder ihn jeden Tag problemlos benutzen k\u00f6nnen.<\/p>\n<p>Der graue Kindersessel ist nicht nur wegen seiner Funktionalit\u00e4t, sondern auch wegen seiner klaren Optik eine ideale Wahl. Er harmoniert mit hellen und pastellfarbenen Einrichtungsgegenst\u00e4nden und schafft eine verspielte und dennoch gesammelte Atmosph\u00e4re. Der Stoff mit Webeffekt sorgt f\u00fcr eine elegante, aber kindgerechte Atmosph\u00e4re.<\/p>\n<h2>Abmessungen des Produkts<\/h2>\n<p>Abmessungen des Produkts: L40xH51xB43 cm<br \/>\nSitzh\u00f6he: 29 cm<br \/>\nSitztiefe: 34 cm<br \/>\nProduktmaterial: 45% Sperrholz, 15% Kiefer, 20% PES, 20% Polyurethan<\/p>\n<h2>Warum sollten Sie sich f\u00fcr den Neel Children's Chair entscheiden?<\/h2>\n<p>- Erstklassige Bloomingville-Qualit\u00e4t<br \/>\n- Kinderfreundliches, weiches Polyestermaterial<br \/>\n- Stabiler Sockel aus Kiefernholz<br \/>\n- Leicht zu reinigender, strapazierf\u00e4higer Bezug<br \/>\n- Bequeme, gut durchdachte Sitzfl\u00e4che<br \/>\n- Modernes skandinavisches Design<br \/>\n- Perfekte kleine Gr\u00f6\u00dfe f\u00fcr Kinder<\/p>\n<h2>Wo sieht es am besten aus?<\/h2>\n<p>- In einem Kinderzimmer als Leseecke<br \/>\n- In einem Spielzimmer in einer Lieblingsecke<br \/>\n- In einer Geschichtsecke, neben einem B\u00fccherregal<br \/>\n- In einem Wohnzimmer, das speziell f\u00fcr Familientreffen konzipiert wurde<br \/>\n- In jeder modernen Wohnung, in der Design und Komfort wichtig sind<\/p>","protected":false},"excerpt":{"rendered":"<p>Der graue Kindersessel ist eine bequeme, elegante und langlebige Wahl f\u00fcr das Kinderzimmer. Sein modernes Design und das weiche Material machen den Raum wirklich wohnlich.<\/p>","protected":false},"featured_media":7599,"comment_status":"closed","ping_status":"closed","template":"","meta":{"_acf_changed":false,"_kad_post_transparent":"default","_kad_post_title":"","_kad_post_layout":"default","_kad_post_sidebar_id":"","_kad_post_content_style":"default","_kad_post_vertical_padding":"default","_kad_post_feature":"","_kad_post_feature_position":"","_kad_post_header":false,"_kad_post_footer":false,"_kad_post_classname":""},"pwb-brand":[17],"product_brand":[],"product_cat":[77,47],"product_tag":[1097,334,398,206,397,396],"gyarto":[],"class_list":{"0":"post-7634","1":"product","2":"type-product","3":"status-publish","4":"has-post-thumbnail","6":"pwb-brand-bloomingville","7":"product_cat-childrens-furniture","8":"product_cat-kids","9":"product_tag-autumn-winter-2025","10":"product_tag-new-arrivals","11":"product_tag-nordic-design","12":"product_tag-nordic-furniture","13":"product_tag-nordic-home","14":"product_tag-nordic-style","15":"pa_colour-grey","16":"pa_material-polyester","18":"first","19":"instock","20":"taxable","21":"shipping-taxable","22":"purchasable","23":"product-type-simple","24":"entry","25":"content-bg","26":"loop-entry"},"acf":[],"brands":[{"id":17,"name":"Bloomingville","slug":"bloomingville"}],"_links":{"self":[{"href":"https:\/\/yournordichome.com\/de\/wp-json\/wp\/v2\/product\/7634","targetHints":{"allow":["GET"]}}],"collection":[{"href":"https:\/\/yournordichome.com\/de\/wp-json\/wp\/v2\/product"}],"about":[{"href":"https:\/\/yournordichome.com\/de\/wp-json\/wp\/v2\/types\/product"}],"replies":[{"embeddable":true,"href":"https:\/\/yournordichome.com\/de\/wp-json\/wp\/v2\/comments?post=7634"}],"wp:featuredmedia":[{"embeddable":true,"href":"https:\/\/yournordichome.com\/de\/wp-json\/wp\/v2\/media\/7599"}],"wp:attachment":[{"href":"https:\/\/yournordichome.com\/de\/wp-json\/wp\/v2\/media?parent=7634"}],"wp:term":[{"taxonomy":"pwb-brand","embeddable":true,"href":"https:\/\/yournordichome.com\/de\/wp-json\/wp\/v2\/pwb-brand?post=7634"},{"taxonomy":"product_brand","embeddable":true,"href":"https:\/\/yournordichome.com\/de\/wp-json\/wp\/v2\/product_brand?post=7634"},{"taxonomy":"product_cat","embeddable":true,"href":"https:\/\/yournordichome.com\/de\/wp-json\/wp\/v2\/product_cat?post=7634"},{"taxonomy":"product_tag","embeddable":true,"href":"https:\/\/yournordichome.com\/de\/wp-json\/wp\/v2\/product_tag?post=7634"},{"taxonomy":"gyarto","embeddable":true,"href":"https:\/\/yournordichome.com\/de\/wp-json\/wp\/v2\/gyarto?post=7634"}],"curies":[{"name":"wp","href":"https:\/\/api.w.org\/{rel}","templated":true}]}}