{"id":7042,"date":"2025-02-28T15:23:13","date_gmt":"2025-02-28T15:23:13","guid":{"rendered":"https:\/\/yournordichome.com\/product\/grimaud-bench-with-metal-legs\/"},"modified":"2025-07-30T13:49:41","modified_gmt":"2025-07-30T13:49:41","slug":"grimaud-bank-mit-metallbeinen","status":"publish","type":"product","link":"https:\/\/yournordichome.com\/de\/product\/grimaud-bench-with-metal-legs\/","title":{"rendered":"Grimaud Bank mit Metallf\u00fc\u00dfen"},"content":{"rendered":"<p>Grimaud Bank mit Metallbeinen von Chic Antique. Der helle Farbton des Holzes und die schwarzen Metallbeine bilden einen spannenden Kontrast, die Sitzfl\u00e4che aus Naturholz wird durch die einzigartige Form der Metallbeine besonders hervorgehoben.<\/p>\n<p>Die Bank Chic Antique Grimaud verbindet auf perfekte Weise die nachhaltige Verwendung von Materialien mit einem besonderen Vintage-Design. Die nat\u00fcrliche Sch\u00f6nheit und Einzigartigkeit des recycelten Holzes wird durch das einzigartige Muster der Metallbeine hervorgehoben, wodurch jedes St\u00fcck einzigartig und unwiederholbar wird.<\/p>\n<p>Die hellen Holzt\u00f6ne und die schwarzen Metallbeine bilden einen modernen, aber zeitlosen Kontrast. Die Bank passt perfekt in ein skandinavisch minimalistisches, industrielles oder Shabby-Chic-Interieur, sei es als stilvolle Erg\u00e4nzung eines Wohnzimmers, als funktionale Sitzgelegenheit in einem Flur oder als elegante Dekoration in einem Schlafzimmer.<\/p>\n<p>Warum die Grimaud-Bank?<\/p>\n<p>\u2714 Recyceltes Holzmaterial - eine nachhaltige und nat\u00fcrliche L\u00f6sung, die einzigartige Strukturen und Muster in den Raum bringt.<br \/>\n\u2714 Einzigartig gemusterte Metallbeine - ein besonderes Design, das den Charakter der Bank unterstreicht.<br \/>\n\u2714 Kontrast zwischen hellem Holz und schwarzem Metall - passt sowohl zu modernen als auch zu Vintage-Einrichtungen.<br \/>\n\u2714 Stilvoll und funktional - eine perfekte Sitzgelegenheit, die aber auch als Dekoration ihren Platz findet.<br \/>\n\u2714 Chic Antique in Premiumqualit\u00e4t - zeitloses d\u00e4nisches Design, das in jedem Raum wohnlich wirkt.<\/p>\n<p>Wo sieht es am besten aus?<\/p>\n<p>Im Flur - eine praktische Sitzgelegenheit zum Anziehen der Schuhe, als stilvolles Accessoire.<br \/>\nIm Wohnzimmer - ein dekoratives M\u00f6belst\u00fcck, das sich perfekt neben dem Sofa oder als Couchtisch eignet.<br \/>\nIm Schlafzimmer - als Nachttisch, der zus\u00e4tzlichen Stauraum bietet und ein stilvolles Accessoire ist.<\/p>\n<p>Machen Sie Ihr Zuhause noch gem\u00fctlicher und stilvoller mit der Grimaud-Bank, die Nachhaltigkeit und hochwertiges d\u00e4nisches Design in einem einzigartigen, charaktervollen M\u00f6belst\u00fcck vereint!<\/p>\n<p>Abmessungen des Produkts: H46\/L152\/B38 cm<br \/>\nMaterial: wiederverwendetes Holz, Metall<br \/>\nFarbe: Natur<\/p>","protected":false},"excerpt":{"rendered":"<p>Bank aus recyceltem Holz mit einzigartigem Muster auf Metallbeinen. Die Kollektion Grimaud von Chic Antique erweckt sch\u00f6ne Holzmaterialien zu neuem Leben und schafft einzigartige Vintage-Accessoires f\u00fcr Ihr Zuhause.<\/p>","protected":false},"featured_media":6864,"comment_status":"closed","ping_status":"closed","template":"","meta":{"_acf_changed":false,"_kad_post_transparent":"default","_kad_post_title":"","_kad_post_layout":"default","_kad_post_sidebar_id":"","_kad_post_content_style":"default","_kad_post_vertical_padding":"default","_kad_post_feature":"","_kad_post_feature_position":"","_kad_post_header":false,"_kad_post_footer":false,"_kad_post_classname":""},"pwb-brand":[19],"product_brand":[],"product_cat":[171,152],"product_tag":[334,173,206,34,396,318,1075,98],"gyarto":[],"class_list":{"0":"post-7042","1":"product","2":"type-product","3":"status-publish","4":"has-post-thumbnail","6":"pwb-brand-chic-antique","7":"product_cat-bench","8":"product_cat-chair","9":"product_tag-new-arrivals","10":"product_tag-nordic-bench","11":"product_tag-nordic-furniture","12":"product_tag-nordic-interior-design","13":"product_tag-nordic-style","14":"product_tag-reclaimed-wood-furniture","15":"product_tag-spring-summer-2025","16":"product_tag-vintage-style","17":"pa_colour-nature","18":"pa_material-metal","19":"pa_material-reclaimed-wood","21":"first","22":"instock","23":"taxable","24":"shipping-taxable","25":"purchasable","26":"product-type-simple","27":"entry","28":"content-bg","29":"loop-entry"},"acf":[],"brands":[{"id":19,"name":"Schick antik","slug":"schicke-antiquitat"}],"_links":{"self":[{"href":"https:\/\/yournordichome.com\/de\/wp-json\/wp\/v2\/product\/7042","targetHints":{"allow":["GET"]}}],"collection":[{"href":"https:\/\/yournordichome.com\/de\/wp-json\/wp\/v2\/product"}],"about":[{"href":"https:\/\/yournordichome.com\/de\/wp-json\/wp\/v2\/types\/product"}],"replies":[{"embeddable":true,"href":"https:\/\/yournordichome.com\/de\/wp-json\/wp\/v2\/comments?post=7042"}],"wp:featuredmedia":[{"embeddable":true,"href":"https:\/\/yournordichome.com\/de\/wp-json\/wp\/v2\/media\/6864"}],"wp:attachment":[{"href":"https:\/\/yournordichome.com\/de\/wp-json\/wp\/v2\/media?parent=7042"}],"wp:term":[{"taxonomy":"pwb-brand","embeddable":true,"href":"https:\/\/yournordichome.com\/de\/wp-json\/wp\/v2\/pwb-brand?post=7042"},{"taxonomy":"product_brand","embeddable":true,"href":"https:\/\/yournordichome.com\/de\/wp-json\/wp\/v2\/product_brand?post=7042"},{"taxonomy":"product_cat","embeddable":true,"href":"https:\/\/yournordichome.com\/de\/wp-json\/wp\/v2\/product_cat?post=7042"},{"taxonomy":"product_tag","embeddable":true,"href":"https:\/\/yournordichome.com\/de\/wp-json\/wp\/v2\/product_tag?post=7042"},{"taxonomy":"gyarto","embeddable":true,"href":"https:\/\/yournordichome.com\/de\/wp-json\/wp\/v2\/gyarto?post=7042"}],"curies":[{"name":"wp","href":"https:\/\/api.w.org\/{rel}","templated":true}]}}