{"id":7041,"date":"2025-02-28T15:23:13","date_gmt":"2025-02-28T15:23:13","guid":{"rendered":"https:\/\/yournordichome.com\/product\/serrone-console-table-nature-rubberwood\/"},"modified":"2025-08-13T08:56:14","modified_gmt":"2025-08-13T08:56:14","slug":"serrone-konsolentisch-natur-gummiholz","status":"publish","type":"product","link":"https:\/\/yournordichome.com\/de\/product\/serrone-console-table-nature-rubberwood\/","title":{"rendered":"Serrone Konsolentisch, Natur, Kautschukholz"},"content":{"rendered":"<p>Konsolentisch aus Naturholz von Bloomingville im modernen, minimalistischen nordischen Stil. Seine langlebige und robuste Konstruktion macht ihn zu etwas Besonderem. Er kann im Wohnzimmer, Flur und Schlafzimmer verwendet werden, praktisch f\u00fcr die Aufbewahrung verschiedener Accessoires und Dekoration.<\/p>\n<p>Dieser Konsolentisch aus Kautschukholz ist die perfekte Verk\u00f6rperung des modernen, minimalistischen skandinavischen Designs. Mit seinen klaren Linien und der nat\u00fcrlichen Holzoptik l\u00e4sst er sich leicht in jeden Raum integrieren. Er ist sowohl praktisch als auch dekorativ und damit eine gute Wahl, wenn Sie Funktionalit\u00e4t und \u00c4sthetik in Ihrem Zuhause kombinieren m\u00f6chten.<\/p>\n<p>Warum diesen Konsolentisch w\u00e4hlen?<\/p>\n<p>Langlebige und robuste Konstruktion: Strapazierf\u00e4higes Gummibaumholz gew\u00e4hrleistet eine lange Lebensdauer und bewahrt gleichzeitig die nat\u00fcrliche Eleganz.<\/p>\n<p>Schlichtes skandinavisches Design: Der minimalistische Stil f\u00fcgt sich harmonisch in moderne und klassische Innenr\u00e4ume ein.<br \/>\nVielseitig einsetzbar: Der Konsolentisch passt in Ihr Wohnzimmer, Ihren Flur oder Ihr Schlafzimmer, ob als Ablage, Dekoration oder praktisches Zubeh\u00f6r.<br \/>\nLeichte Dekoration: ideal zum Ausstellen von Vasen, Bildern, Kerzen oder anderen Dekorationsgegenst\u00e4nden, wobei der Raum aufger\u00e4umt und stilvoll wirkt.<\/p>\n<p>Wo k\u00f6nnen Sie es verwenden?<\/p>\n<p>Im Wohnzimmer: Hinter dem Sofa oder an der Wand platziert, ist er ein stilvolles und funktionelles Element.<br \/>\nIm Flur: perfekter Platz f\u00fcr Schl\u00fcssel, Briefe oder andere kleine Gegenst\u00e4nde.<br \/>\nIm Schlafzimmer: ideale Alternative f\u00fcr einen eleganten Schminktisch oder eine diskrete Ablage.<\/p>\n<p>Machen Sie Ihr Zuhause noch aufger\u00e4umter und stilvoller mit diesem Konsolentisch aus strapazierf\u00e4higem Kautschukholz, der Funktionalit\u00e4t und Eleganz perfekt vereint!<\/p>\n<p>Abmessungen des Produkts: L100xH76xB35 cm<br \/>\nFarbe: Natur<br \/>\nZusammensetzung: Gummiholz, Eisen<br \/>\nProduktausf\u00fchrung: Lack auf Wasserbasis<br \/>\nMaximale Gewichtskapazit\u00e4t: 40 kg<\/p>","protected":false},"excerpt":{"rendered":"<p>Konsolentisch aus strapazierf\u00e4higem Gummibaumholz, in einem klaren, minimalistischen skandinavischen Stil. Ein praktisches und dekoratives St\u00fcck, das in mehreren R\u00e4umen der Wohnung verwendet werden kann.<\/p>","protected":false},"featured_media":6787,"comment_status":"closed","ping_status":"closed","template":"","meta":{"_acf_changed":false,"_kad_post_transparent":"default","_kad_post_title":"","_kad_post_layout":"default","_kad_post_sidebar_id":"","_kad_post_content_style":"default","_kad_post_vertical_padding":"default","_kad_post_feature":"","_kad_post_feature_position":"","_kad_post_header":false,"_kad_post_footer":false,"_kad_post_classname":""},"pwb-brand":[17],"product_brand":[],"product_cat":[200,157],"product_tag":[285,334,206,34,396,1075],"gyarto":[],"class_list":{"0":"post-7041","1":"product","2":"type-product","3":"status-publish","4":"has-post-thumbnail","6":"pwb-brand-bloomingville","7":"product_cat-console-table","8":"product_cat-table","9":"product_tag-minimalist-furniture","10":"product_tag-new-arrivals","11":"product_tag-nordic-furniture","12":"product_tag-nordic-interior-design","13":"product_tag-nordic-style","14":"product_tag-spring-summer-2025","15":"pa_colour-nature","16":"pa_material-rubberwood","18":"first","19":"instock","20":"taxable","21":"shipping-taxable","22":"purchasable","23":"product-type-simple","24":"entry","25":"content-bg","26":"loop-entry"},"acf":[],"brands":[{"id":17,"name":"Bloomingville","slug":"bloomingville"}],"_links":{"self":[{"href":"https:\/\/yournordichome.com\/de\/wp-json\/wp\/v2\/product\/7041","targetHints":{"allow":["GET"]}}],"collection":[{"href":"https:\/\/yournordichome.com\/de\/wp-json\/wp\/v2\/product"}],"about":[{"href":"https:\/\/yournordichome.com\/de\/wp-json\/wp\/v2\/types\/product"}],"replies":[{"embeddable":true,"href":"https:\/\/yournordichome.com\/de\/wp-json\/wp\/v2\/comments?post=7041"}],"wp:featuredmedia":[{"embeddable":true,"href":"https:\/\/yournordichome.com\/de\/wp-json\/wp\/v2\/media\/6787"}],"wp:attachment":[{"href":"https:\/\/yournordichome.com\/de\/wp-json\/wp\/v2\/media?parent=7041"}],"wp:term":[{"taxonomy":"pwb-brand","embeddable":true,"href":"https:\/\/yournordichome.com\/de\/wp-json\/wp\/v2\/pwb-brand?post=7041"},{"taxonomy":"product_brand","embeddable":true,"href":"https:\/\/yournordichome.com\/de\/wp-json\/wp\/v2\/product_brand?post=7041"},{"taxonomy":"product_cat","embeddable":true,"href":"https:\/\/yournordichome.com\/de\/wp-json\/wp\/v2\/product_cat?post=7041"},{"taxonomy":"product_tag","embeddable":true,"href":"https:\/\/yournordichome.com\/de\/wp-json\/wp\/v2\/product_tag?post=7041"},{"taxonomy":"gyarto","embeddable":true,"href":"https:\/\/yournordichome.com\/de\/wp-json\/wp\/v2\/gyarto?post=7041"}],"curies":[{"name":"wp","href":"https:\/\/api.w.org\/{rel}","templated":true}]}}