{"id":7036,"date":"2025-02-28T15:22:47","date_gmt":"2025-02-28T15:22:47","guid":{"rendered":"https:\/\/yournordichome.com\/product\/spike-silver-table-lamp\/"},"modified":"2025-07-30T14:04:00","modified_gmt":"2025-07-30T14:04:00","slug":"spike-silber-tischlampe","status":"publish","type":"product","link":"https:\/\/yournordichome.com\/de\/product\/spike-silver-table-lamp\/","title":{"rendered":"Spike Silber Tischlampe"},"content":{"rendered":"<p>Die silberne Tischleuchte Spike von Bloomingville ist eine auff\u00e4llige und dekorative Erg\u00e4nzung Ihrer Wohnungseinrichtung. Stellen Sie sie auf ein Regal, eine Fensterbank oder einen Beistelltisch, um eine einzigartige Lichtstimmung in Ihrem Raum zu schaffen.<\/p>\n<p>Die Tischleuchte Spike ist eine Ikone des modernen und klaren skandinavischen Designs von Bloomingville. Die gl\u00e4nzende Chromoberfl\u00e4che in Silber verleiht ihr einen einzigartigen, futuristischen Look. Auf diese Weise beleuchtet die Leuchte nicht nur, sondern fungiert auch als dekorativer Blickfang im Raum. Die gl\u00e4nzende Oberfl\u00e4che der Leuchte reflektiert ihre Umgebung und sorgt so f\u00fcr einen spannenden visuellen Effekt in jedem Raum.<\/p>\n<p>Warum die Tischleuchte Spike?<\/p>\n<p>Erstklassiges d\u00e4nisches Design: Die von Bloomingville entworfene Lampe ist mit ihrem besonderen Design eine elegante Erg\u00e4nzung f\u00fcr jedes Interieur.<br \/>\nSilbernes Chrom-Finish: Die gl\u00e4nzende Oberfl\u00e4che sorgt f\u00fcr einen exklusiven und modernen Look.<br \/>\nVielseitig einsetzbar: perfekt f\u00fcr ein Regal, eine Fensterbank, eine Kommode oder einen Couchtisch.<br \/>\nStimmungsvolle Beleuchtung: sorgt f\u00fcr sanftes Licht, das am Abend eine besondere Atmosph\u00e4re schafft.<br \/>\nDekorativ und funktional: kann sowohl als Beleuchtung als auch als Designobjekt verwendet werden, das Ihrem Zuhause Exklusivit\u00e4t verleiht.<\/p>\n<p>Wo sieht es am besten aus?<\/p>\n<p>Im Wohnzimmer: in einem Regal oder auf einem Konsolentisch als elegante Lichtquelle.<br \/>\nIm Schlafzimmer: auf einem Nachttisch als moderne und saubere Beleuchtung.<br \/>\nIm Arbeitszimmer: als inspirierendes und kreatives Gestaltungselement auf dem Schreibtisch.<br \/>\nIm Esszimmer oder in der K\u00fcche: als zus\u00e4tzliche Lichtquelle, um das Interieur luxuri\u00f6ser zu gestalten.<\/p>\n<p>Erh\u00f6hen Sie den Stil Ihres Zuhauses mit der silbernen Tischleuchte Spike, die mit ihrer modernen Eleganz und ihrem beeindruckenden Lichteffekt in jedem Raum eine besondere Atmosph\u00e4re schafft!<\/p>\n<p>Abmessungen des Produkts: T20xH32 cm<br \/>\nFarbe: Silber<br \/>\nZusammensetzung: 60% Eisen, 30% Glas, 10% PVC<br \/>\nEnergieklasse der Gl\u00fchbirne: Alle Klassen<br \/>\nGl\u00fchbirne nicht enthalten.<br \/>\nGl\u00fchbirnenform: Gew\u00f6hnlich, E14, LED oder Energiesparlampe (CFL)<br \/>\nWattleistung der Gl\u00fchbirne: LED 5W \/CFL 9W<br \/>\nCE-gepr\u00fcft: Ja<br \/>\nKordel: Schwarz, 150 cm, Stoff + PVC<br \/>\nKabel einschalten<br \/>\nIP-Klassifizierung: IP20<\/p>","protected":false},"excerpt":{"rendered":"<p>Tischleuchte in silberner Farbe mit einzigartigem Design und gl\u00e4nzender Chromoberfl\u00e4che.<\/p>","protected":false},"featured_media":6819,"comment_status":"closed","ping_status":"closed","template":"","meta":{"_acf_changed":false,"_kad_post_transparent":"default","_kad_post_title":"","_kad_post_layout":"default","_kad_post_sidebar_id":"","_kad_post_content_style":"default","_kad_post_vertical_padding":"default","_kad_post_feature":"","_kad_post_feature_position":"","_kad_post_header":false,"_kad_post_footer":false,"_kad_post_classname":""},"pwb-brand":[17],"product_brand":[],"product_cat":[73,72],"product_tag":[285,334,206,34,117,396,1075],"gyarto":[],"class_list":{"0":"post-7036","1":"product","2":"type-product","3":"status-publish","4":"has-post-thumbnail","6":"pwb-brand-bloomingville","7":"product_cat-desk-and-table-lamp","8":"product_cat-lamp","9":"product_tag-minimalist-furniture","10":"product_tag-new-arrivals","11":"product_tag-nordic-furniture","12":"product_tag-nordic-interior-design","13":"product_tag-nordic-lamp","14":"product_tag-nordic-style","15":"product_tag-spring-summer-2025","16":"pa_colour-silver","17":"pa_material-metal","19":"first","20":"instock","21":"taxable","22":"shipping-taxable","23":"purchasable","24":"product-type-simple","25":"entry","26":"content-bg","27":"loop-entry"},"acf":[],"brands":[{"id":17,"name":"Bloomingville","slug":"bloomingville"}],"_links":{"self":[{"href":"https:\/\/yournordichome.com\/de\/wp-json\/wp\/v2\/product\/7036","targetHints":{"allow":["GET"]}}],"collection":[{"href":"https:\/\/yournordichome.com\/de\/wp-json\/wp\/v2\/product"}],"about":[{"href":"https:\/\/yournordichome.com\/de\/wp-json\/wp\/v2\/types\/product"}],"replies":[{"embeddable":true,"href":"https:\/\/yournordichome.com\/de\/wp-json\/wp\/v2\/comments?post=7036"}],"wp:featuredmedia":[{"embeddable":true,"href":"https:\/\/yournordichome.com\/de\/wp-json\/wp\/v2\/media\/6819"}],"wp:attachment":[{"href":"https:\/\/yournordichome.com\/de\/wp-json\/wp\/v2\/media?parent=7036"}],"wp:term":[{"taxonomy":"pwb-brand","embeddable":true,"href":"https:\/\/yournordichome.com\/de\/wp-json\/wp\/v2\/pwb-brand?post=7036"},{"taxonomy":"product_brand","embeddable":true,"href":"https:\/\/yournordichome.com\/de\/wp-json\/wp\/v2\/product_brand?post=7036"},{"taxonomy":"product_cat","embeddable":true,"href":"https:\/\/yournordichome.com\/de\/wp-json\/wp\/v2\/product_cat?post=7036"},{"taxonomy":"product_tag","embeddable":true,"href":"https:\/\/yournordichome.com\/de\/wp-json\/wp\/v2\/product_tag?post=7036"},{"taxonomy":"gyarto","embeddable":true,"href":"https:\/\/yournordichome.com\/de\/wp-json\/wp\/v2\/gyarto?post=7036"}],"curies":[{"name":"wp","href":"https:\/\/api.w.org\/{rel}","templated":true}]}}