{"id":7030,"date":"2025-02-28T15:22:47","date_gmt":"2025-02-28T15:22:47","guid":{"rendered":"https:\/\/yournordichome.com\/product\/vintage-coffee-table-set\/"},"modified":"2025-07-30T14:03:42","modified_gmt":"2025-07-30T14:03:42","slug":"vintage-couchtisch-set","status":"publish","type":"product","link":"https:\/\/yournordichome.com\/de\/product\/vintage-coffee-table-set\/","title":{"rendered":"Vintage Couchtisch-Set"},"content":{"rendered":"<p>Vintage Couchtisch-Set von Chic Antique. Das abgenutzte Vintage-Metallgestell sorgt f\u00fcr eine Shabby-Chic-Atmosph\u00e4re. Die Platte aus Zypressenholz ist eine nat\u00fcrliche Tischplatte, die abnehmbar ist, sodass sich der Couchtisch auch hervorragend zur Aufbewahrung von Kissen und Decken eignet.<\/p>\n<p>Das Vintage-Couchtisch-Set von Chic Antique verbindet perfekt den Charme des Shabby Chic mit praktischer Funktionalit\u00e4t. Das Set besteht aus zwei unterschiedlich gro\u00dfen Tischen, die nebeneinander gestellt ein harmonisches und stilvolles Bild ergeben, aber auch einzeln verwendet werden k\u00f6nnen.<\/p>\n<p>Das abgenutzte Metallgittergestell strahlt eine charakteristische Vintage-Atmosph\u00e4re aus, w\u00e4hrend die abnehmbare Tischplatte aus Zypressenholz f\u00fcr nat\u00fcrliche Sch\u00f6nheit und Funktionalit\u00e4t sorgt. Dank der abnehmbaren Platte dienen die Tische auch als zus\u00e4tzlicher Stauraum - perfekt, um Decken, Kissen und Zeitschriften zu verstecken und gleichzeitig f\u00fcr ein aufger\u00e4umtes Aussehen zu sorgen.<\/p>\n<p>Warum sollten Sie sich f\u00fcr dieses Couchtisch-Set entscheiden?<\/p>\n<p>\u2714 Shabby-Chic-Design - eine Kombination aus abgenutztem Metall und Naturholz im eleganten Vintage-Stil.<br \/>\n\u2714 Abnehmbare Tischplatte aus Zypresse - ein nat\u00fcrliches Aussehen, das zus\u00e4tzlichen Stauraum bietet.<br \/>\n\u2714 Zwei verschiedene Gr\u00f6\u00dfen - k\u00f6nnen harmonisch nebeneinander gestellt oder separat verwendet werden.<br \/>\n\u2714 Praktische Aufbewahrungsfunktion - ideal zum Organisieren von Decken, Kissen und anderen kleinen Gegenst\u00e4nden.<br \/>\n\u2714 Chic Antique in Premium-Qualit\u00e4t - zeitloses Design, das jedem Interieur Stil verleiht.<\/p>\n<p>Wo sieht es am besten aus?<\/p>\n<p>Im Wohnzimmer - ein Mittelst\u00fcck, das eine elegante und praktische L\u00f6sung bietet.<br \/>\nIm Wintergarten - ein gem\u00fctliches Accessoire, das die Sch\u00f6nheit der nat\u00fcrlichen Umgebung unterstreicht.<br \/>\nIn der Leseecke - ein praktischer Platz zum Aufbewahren von Decken.<br \/>\nIm Schlafzimmer - ein stilvolles und funktionelles Accessoire, das eine harmonische Atmosph\u00e4re schafft.<\/p>\n<p>Heben Sie den Stil Ihres Zuhauses mit dem Vintage-Couchtisch-Set Chic Antique hervor, das die Romantik des Shabby Chic mit praktischer Funktionalit\u00e4t in einem atemberaubenden M\u00f6belst\u00fcck vereint!<\/p>\n<p>Abmessungen des Produkts: H48\/D57 und H43\/D48,5 cm<br \/>\nMaterial: Metall, Zypressenholz<br \/>\nFarbe: opal<\/p>","protected":false},"excerpt":{"rendered":"<p>Couchtisch-Set mit abgenutztem Metallgestell und abnehmbarer Tischplatte aus Zypressenholz. Das dekorative Paar aus zwei unterschiedlich gro\u00dfen Tischen ist praktisch.<\/p>","protected":false},"featured_media":6956,"comment_status":"closed","ping_status":"closed","template":"","meta":{"_acf_changed":false,"_kad_post_transparent":"default","_kad_post_title":"","_kad_post_layout":"default","_kad_post_sidebar_id":"","_kad_post_content_style":"default","_kad_post_vertical_padding":"default","_kad_post_feature":"","_kad_post_feature_position":"","_kad_post_header":false,"_kad_post_footer":false,"_kad_post_classname":""},"pwb-brand":[19],"product_brand":[],"product_cat":[158,157],"product_tag":[334,206,34,396,433,1075,98],"gyarto":[],"class_list":{"0":"post-7030","1":"product","2":"type-product","3":"status-publish","4":"has-post-thumbnail","6":"pwb-brand-chic-antique","7":"product_cat-coffee-table","8":"product_cat-table","9":"product_tag-new-arrivals","10":"product_tag-nordic-furniture","11":"product_tag-nordic-interior-design","12":"product_tag-nordic-style","13":"product_tag-round-coffee-table","14":"product_tag-spring-summer-2025","15":"product_tag-vintage-style","16":"pa_colour-opal","17":"pa_material-metal","19":"first","20":"instock","21":"taxable","22":"shipping-taxable","23":"purchasable","24":"product-type-simple","25":"entry","26":"content-bg","27":"loop-entry"},"acf":[],"brands":[{"id":19,"name":"Schick antik","slug":"schicke-antiquitat"}],"_links":{"self":[{"href":"https:\/\/yournordichome.com\/de\/wp-json\/wp\/v2\/product\/7030","targetHints":{"allow":["GET"]}}],"collection":[{"href":"https:\/\/yournordichome.com\/de\/wp-json\/wp\/v2\/product"}],"about":[{"href":"https:\/\/yournordichome.com\/de\/wp-json\/wp\/v2\/types\/product"}],"replies":[{"embeddable":true,"href":"https:\/\/yournordichome.com\/de\/wp-json\/wp\/v2\/comments?post=7030"}],"wp:featuredmedia":[{"embeddable":true,"href":"https:\/\/yournordichome.com\/de\/wp-json\/wp\/v2\/media\/6956"}],"wp:attachment":[{"href":"https:\/\/yournordichome.com\/de\/wp-json\/wp\/v2\/media?parent=7030"}],"wp:term":[{"taxonomy":"pwb-brand","embeddable":true,"href":"https:\/\/yournordichome.com\/de\/wp-json\/wp\/v2\/pwb-brand?post=7030"},{"taxonomy":"product_brand","embeddable":true,"href":"https:\/\/yournordichome.com\/de\/wp-json\/wp\/v2\/product_brand?post=7030"},{"taxonomy":"product_cat","embeddable":true,"href":"https:\/\/yournordichome.com\/de\/wp-json\/wp\/v2\/product_cat?post=7030"},{"taxonomy":"product_tag","embeddable":true,"href":"https:\/\/yournordichome.com\/de\/wp-json\/wp\/v2\/product_tag?post=7030"},{"taxonomy":"gyarto","embeddable":true,"href":"https:\/\/yournordichome.com\/de\/wp-json\/wp\/v2\/gyarto?post=7030"}],"curies":[{"name":"wp","href":"https:\/\/api.w.org\/{rel}","templated":true}]}}