{"id":7024,"date":"2025-02-28T15:22:47","date_gmt":"2025-02-28T15:22:47","guid":{"rendered":"https:\/\/yournordichome.com\/product\/black-wall-cabinet\/"},"modified":"2025-08-13T08:41:31","modified_gmt":"2025-08-13T08:41:31","slug":"schwarzer-wandschrank","status":"publish","type":"product","link":"https:\/\/yournordichome.com\/de\/product\/black-wall-cabinet\/","title":{"rendered":"Schwarzer Wandschrank"},"content":{"rendered":"<p>Industrielles Metall-Wandregal von Bloomingville. Dieses besondere Accessoire der d\u00e4nischen Premiummarke passt perfekt zum skandinavischen Stil. Der Metallrahmen des Schrankes ist mit sichtbaren Schwei\u00dfn\u00e4hten versehen, was ihm einen rohen, industriellen Look verleiht.<\/p>\n<p>Die eleganten Glast\u00fcren mildern den Industrieeffekt und sch\u00fctzen Ihre Lieblingsaccessoires, die Sie im Wohnzimmer, im Schlafzimmer oder in der K\u00fcche sch\u00f6n pr\u00e4sentieren k\u00f6nnen.<\/p>\n<p>Dieser schwarze Metallschrank ist die perfekte Wahl, wenn Sie den industriellen Stil mit modernem skandinavischem Design in Ihrem Zuhause kombinieren m\u00f6chten. Die T\u00fcren mit Glasf\u00fcllung sorgen f\u00fcr einen eleganten Look, w\u00e4hrend das Innere mit zwei Regalb\u00f6den praktische Aufbewahrungs- und Ausstellungsm\u00f6glichkeiten bietet. Sie k\u00f6nnen den Schrank als Wand- oder Tischregal verwenden, was ihn zu einer stilvollen und funktionalen Erg\u00e4nzung f\u00fcr jeden Raum macht.<\/p>\n<p>Warum sollten Sie sich f\u00fcr diesen Metallschrank entscheiden?<\/p>\n<p>Industriedesign: Die freiliegenden Schwei\u00dfn\u00e4hte des Metallrahmens verleihen dem Raum einen rohen, charaktervollen Look.<br \/>\nT\u00fcren mit Glasf\u00fcllung: Die zarten Glasdetails mildern den Industrieeffekt und sch\u00fctzen und betonen die gelagerten Gegenst\u00e4nde.<br \/>\nVielseitig einsetzbar: platzsparend an der Wand montiert, aber auch als zus\u00e4tzliche Ablagefl\u00e4che als Tischregal.<br \/>\nZwei Ablagefl\u00e4chen: ideal f\u00fcr die ordentliche Aufbewahrung und Pr\u00e4sentation von Dekorationsartikeln, Tellern, Tassen oder pers\u00f6nlichen Accessoires.<\/p>\n<p>Wo sieht es am besten aus?<\/p>\n<p>Im Wohnzimmer: zur stilvollen Pr\u00e4sentation von Ornamenten und B\u00fcchern.<br \/>\nIn der K\u00fcche: zum Ordnen von Tellern, Gl\u00e4sern und Ihrem Lieblingsk\u00fcchenzubeh\u00f6r.<br \/>\nIm Schlafzimmer: zur Aufbewahrung von Schmuck, Parf\u00fcm oder kleinen pers\u00f6nlichen Gegenst\u00e4nden.<br \/>\nSchaffen Sie eine stilvolle und praktische Aufbewahrungsl\u00f6sung mit diesem Metallschrank im Industriestil, der rohes Industriedesign mit skandinavischer Eleganz perfekt kombiniert!<\/p>\n<p>Abmessungen des Produkts: L46xH61xB21,5 cm<br \/>\nMa\u00dfe T\u00fcr \/ Front: L43xB1xH40 cm<br \/>\nFarbe: Schwarz<br \/>\nZusammensetzung: Eisen, Glas<br \/>\nPflegehinweise: Mit einem feuchten Tuch abwischen.<br \/>\nMaximale Tragkraft: 10 kg pro Fachboden<\/p>","protected":false},"excerpt":{"rendered":"<p>Schwarzer Metallschrank im Industriestil, den Sie an die Wand h\u00e4ngen oder als Tischregal verwenden k\u00f6nnen. Hinter den Glast\u00fcren verbergen sich zwei Einlegeb\u00f6den, die sich perfekt f\u00fcr die Pr\u00e4sentation von Dekorationsartikeln im Wohnzimmer oder f\u00fcr die Aufbewahrung von Tellern und Tassen in der K\u00fcche eignen.<\/p>","protected":false},"featured_media":6624,"comment_status":"closed","ping_status":"closed","template":"","meta":{"_acf_changed":false,"_kad_post_transparent":"default","_kad_post_title":"","_kad_post_layout":"default","_kad_post_sidebar_id":"","_kad_post_content_style":"default","_kad_post_vertical_padding":"default","_kad_post_feature":"","_kad_post_feature_position":"","_kad_post_header":false,"_kad_post_footer":false,"_kad_post_classname":""},"pwb-brand":[17],"product_brand":[],"product_cat":[94,167],"product_tag":[177,334,206,34,396,136,1075],"gyarto":[],"class_list":{"0":"post-7024","1":"product","2":"type-product","3":"status-publish","4":"has-post-thumbnail","6":"pwb-brand-bloomingville","7":"product_cat-furniture","8":"product_cat-wall-shelf","9":"product_tag-industrial-style","10":"product_tag-new-arrivals","11":"product_tag-nordic-furniture","12":"product_tag-nordic-interior-design","13":"product_tag-nordic-style","14":"product_tag-shelves","15":"product_tag-spring-summer-2025","16":"pa_colour-black","17":"pa_material-metal","19":"first","20":"instock","21":"taxable","22":"shipping-taxable","23":"purchasable","24":"product-type-simple","25":"entry","26":"content-bg","27":"loop-entry"},"acf":[],"brands":[{"id":17,"name":"Bloomingville","slug":"bloomingville"}],"_links":{"self":[{"href":"https:\/\/yournordichome.com\/de\/wp-json\/wp\/v2\/product\/7024","targetHints":{"allow":["GET"]}}],"collection":[{"href":"https:\/\/yournordichome.com\/de\/wp-json\/wp\/v2\/product"}],"about":[{"href":"https:\/\/yournordichome.com\/de\/wp-json\/wp\/v2\/types\/product"}],"replies":[{"embeddable":true,"href":"https:\/\/yournordichome.com\/de\/wp-json\/wp\/v2\/comments?post=7024"}],"wp:featuredmedia":[{"embeddable":true,"href":"https:\/\/yournordichome.com\/de\/wp-json\/wp\/v2\/media\/6624"}],"wp:attachment":[{"href":"https:\/\/yournordichome.com\/de\/wp-json\/wp\/v2\/media?parent=7024"}],"wp:term":[{"taxonomy":"pwb-brand","embeddable":true,"href":"https:\/\/yournordichome.com\/de\/wp-json\/wp\/v2\/pwb-brand?post=7024"},{"taxonomy":"product_brand","embeddable":true,"href":"https:\/\/yournordichome.com\/de\/wp-json\/wp\/v2\/product_brand?post=7024"},{"taxonomy":"product_cat","embeddable":true,"href":"https:\/\/yournordichome.com\/de\/wp-json\/wp\/v2\/product_cat?post=7024"},{"taxonomy":"product_tag","embeddable":true,"href":"https:\/\/yournordichome.com\/de\/wp-json\/wp\/v2\/product_tag?post=7024"},{"taxonomy":"gyarto","embeddable":true,"href":"https:\/\/yournordichome.com\/de\/wp-json\/wp\/v2\/gyarto?post=7024"}],"curies":[{"name":"wp","href":"https:\/\/api.w.org\/{rel}","templated":true}]}}