{"id":7013,"date":"2025-02-28T15:21:59","date_gmt":"2025-02-28T15:21:59","guid":{"rendered":"https:\/\/yournordichome.com\/product\/black-chest-of-drawers\/"},"modified":"2025-07-30T14:13:35","modified_gmt":"2025-07-30T14:13:35","slug":"schwarze-kommode","status":"publish","type":"product","link":"https:\/\/yournordichome.com\/de\/product\/black-chest-of-drawers\/","title":{"rendered":"Schwarze Schubladenkommode"},"content":{"rendered":"<p>Schwarze Kommode von Bloomingville mit einem beeindruckenden Industrie-Look. Der Metallrahmen verleiht ihr ein industrielles Flair, das durch die rustikalen Holzschubladen aufgelockert wird.<\/p>\n<p>Einzigartige M\u00f6bel f\u00fcr Innenr\u00e4ume im skandinavischen Stil, hochwertige Qualit\u00e4t von einem d\u00e4nischen Hersteller. Diese Kommode ist die perfekte Wahl, wenn Sie in Ihrem Zuhause industrielles Design mit rustikaler W\u00e4rme kombinieren m\u00f6chten. Der schwarze Metallrahmen verleiht einen starken industriellen Charakter, w\u00e4hrend die nat\u00fcrliche Textur der 12 ger\u00e4umigen Holzschubladen das M\u00f6belst\u00fcck weicher und wohnlicher macht. Eine praktische und \u00e4sthetische Aufbewahrungsl\u00f6sung, die Ihnen hilft, Ihre Gegenst\u00e4nde zu organisieren und gleichzeitig dem Raum Charakter verleiht.<\/p>\n<p>Warum diese Kommode w\u00e4hlen?<\/p>\n<p>Industrieller Stil: Die Kombination aus Metall und Holz sorgt f\u00fcr einen charakteristischen Look, der eine einzigartige Atmosph\u00e4re im Raum schafft.<br \/>\nGer\u00e4umiger Stauraum: Die 12 Schubladen bieten reichlich Platz, so dass Sie kleine Gegenst\u00e4nde, B\u00fcromaterial oder andere Dinge leicht organisieren k\u00f6nnen.<br \/>\nSolide und langlebige Konstruktion: Der robuste Metallrahmen und die hochwertigen Holzschubladen garantieren eine lange Lebensdauer.<br \/>\nDekorativ und funktional: praktische Aufbewahrung und ein auff\u00e4lliges M\u00f6belst\u00fcck, das den Raum versch\u00f6nert.<\/p>\n<p>Wo sieht es am besten aus?<\/p>\n<p>Im Wohnzimmer: der perfekte Ort, um Dekoartikel auszustellen und Kleinigkeiten aufzubewahren.<br \/>\nIm Arbeitszimmer: praktischer Stauraum f\u00fcr B\u00fcromaterial.<br \/>\nIm Flur: zum Ordnen von Schl\u00fcsseln, M\u00fctzen oder anderen Alltagsgegenst\u00e4nden.<br \/>\nIm Schlafzimmer: hilft Ihnen, Ihre Accessoires und kleinen Sch\u00e4tze leicht zu finden.<\/p>\n<p>Schaffen Sie ein aufger\u00e4umtes und dennoch stilvolles Zuhause mit dieser atemberaubenden Kommode, die die perfekte Kombination aus industriellem Stil und rustikaler W\u00e4rme ist!<\/p>\n<p>Abmessungen des Produkts: L60,5xH92xB33,5 cm<br \/>\nFarbe: Schwarz<br \/>\nZusammensetzung: Eisen, Tannenholz, Sperrholz<br \/>\nPflegehinweise: Mit einem feuchten Tuch abwischen.<br \/>\nMaximale Tragkraft: 5 kg pro Schublade\/ 15 kg oben<\/p>","protected":false},"excerpt":{"rendered":"<p>Kommode im industriellen Stil mit rustikaler Ausstrahlung. Sie verf\u00fcgt \u00fcber 12 ger\u00e4umige Schubladen, in denen vom Kleinkram bis zum B\u00fcromaterial alles seine Ordnung findet.<\/p>","protected":false},"featured_media":6595,"comment_status":"closed","ping_status":"closed","template":"","meta":{"_acf_changed":false,"_kad_post_transparent":"default","_kad_post_title":"","_kad_post_layout":"default","_kad_post_sidebar_id":"","_kad_post_content_style":"default","_kad_post_vertical_padding":"default","_kad_post_feature":"","_kad_post_feature_position":"","_kad_post_header":false,"_kad_post_footer":false,"_kad_post_classname":""},"pwb-brand":[17],"product_brand":[],"product_cat":[94,95],"product_tag":[97,177,334,206,34,396,257,1075],"gyarto":[],"class_list":{"0":"post-7013","1":"product","2":"type-product","3":"status-publish","4":"has-post-thumbnail","6":"pwb-brand-bloomingville","7":"product_cat-furniture","8":"product_cat-storage-unit","9":"product_tag-chest-of-drawers","10":"product_tag-industrial-style","11":"product_tag-new-arrivals","12":"product_tag-nordic-furniture","13":"product_tag-nordic-interior-design","14":"product_tag-nordic-style","15":"product_tag-pinewood-furniture","16":"product_tag-spring-summer-2025","17":"pa_colour-black","18":"pa_material-metal","19":"pa_material-pine-wood","21":"first","22":"instock","23":"taxable","24":"shipping-taxable","25":"purchasable","26":"product-type-simple","27":"entry","28":"content-bg","29":"loop-entry"},"acf":[],"brands":[{"id":17,"name":"Bloomingville","slug":"bloomingville"}],"_links":{"self":[{"href":"https:\/\/yournordichome.com\/de\/wp-json\/wp\/v2\/product\/7013","targetHints":{"allow":["GET"]}}],"collection":[{"href":"https:\/\/yournordichome.com\/de\/wp-json\/wp\/v2\/product"}],"about":[{"href":"https:\/\/yournordichome.com\/de\/wp-json\/wp\/v2\/types\/product"}],"replies":[{"embeddable":true,"href":"https:\/\/yournordichome.com\/de\/wp-json\/wp\/v2\/comments?post=7013"}],"wp:featuredmedia":[{"embeddable":true,"href":"https:\/\/yournordichome.com\/de\/wp-json\/wp\/v2\/media\/6595"}],"wp:attachment":[{"href":"https:\/\/yournordichome.com\/de\/wp-json\/wp\/v2\/media?parent=7013"}],"wp:term":[{"taxonomy":"pwb-brand","embeddable":true,"href":"https:\/\/yournordichome.com\/de\/wp-json\/wp\/v2\/pwb-brand?post=7013"},{"taxonomy":"product_brand","embeddable":true,"href":"https:\/\/yournordichome.com\/de\/wp-json\/wp\/v2\/product_brand?post=7013"},{"taxonomy":"product_cat","embeddable":true,"href":"https:\/\/yournordichome.com\/de\/wp-json\/wp\/v2\/product_cat?post=7013"},{"taxonomy":"product_tag","embeddable":true,"href":"https:\/\/yournordichome.com\/de\/wp-json\/wp\/v2\/product_tag?post=7013"},{"taxonomy":"gyarto","embeddable":true,"href":"https:\/\/yournordichome.com\/de\/wp-json\/wp\/v2\/gyarto?post=7013"}],"curies":[{"name":"wp","href":"https:\/\/api.w.org\/{rel}","templated":true}]}}