{"id":7012,"date":"2025-02-28T15:21:59","date_gmt":"2025-02-28T15:21:59","guid":{"rendered":"https:\/\/yournordichome.com\/product\/bistro-set-w-2-chairs-1-table-2\/"},"modified":"2026-04-15T07:23:27","modified_gmt":"2026-04-15T07:23:27","slug":"bistro-set-w-2-stuhle-1-tisch-2","status":"publish","type":"product","link":"https:\/\/yournordichome.com\/de\/product\/bistro-set-w-2-chairs-1-table-2\/","title":{"rendered":"Bistro-Set mit 2 St\u00fchlen und 1 Tisch"},"content":{"rendered":"<p>Bistro-Set mit 2 St\u00fchlen und 1 Tisch von Chic Antique. Das Set besteht aus einem runden Tisch und zwei klappbaren St\u00fchlen, die eine sch\u00f6ne Erg\u00e4nzung f\u00fcr Ihren Garten oder Ihre Terrasse sein werden.<\/p>\n<p>Erleben Sie den Charme des provenzalischen Sommers mit dem mintgr\u00fcnen Gartentischset von Chic Antique! Die antikisierte Oberfl\u00e4che und das rohe Metallgestell schaffen eine zeitlose Vintage-Atmosph\u00e4re, die den Charme der romantischen franz\u00f6sischen Landschaft heraufbeschw\u00f6rt. Der zarte mintgr\u00fcne Farbton bringt Frische in den Garten oder auf die Terrasse, w\u00e4hrend die klaren Linien und das leichte Design eine elegante, naturnahe Atmosph\u00e4re schaffen.<\/p>\n<p>Das Set besteht aus einem runden Tisch und zwei Klappst\u00fchlen und ist somit nicht nur \u00e4sthetisch, sondern auch praktisch. Es ist auch eine perfekte L\u00f6sung f\u00fcr kleinere R\u00e4ume, Balkone und Terrassen, da es bei Nichtgebrauch einfach zusammengeklappt und gelagert werden kann.<\/p>\n<p>Warum dieses mintgr\u00fcne Gartentischset w\u00e4hlen?<\/p>\n<p>\u2714 Design im provenzalischen Stil - romantische Vintage-Atmosph\u00e4re, die zeitlose Eleganz ausstrahlt.<br \/>\n\u2714 Frischer mintgr\u00fcner Farbton - ein nat\u00fcrlicher Look, der die Atmosph\u00e4re Ihres Gartens aufhellen wird.<br \/>\n\u2714 Praktisches Design - klappbare St\u00fchle, eine leicht zu verstauende L\u00f6sung.<br \/>\n\u2714 Antike Oberfl\u00e4che und rohe Metallbasis - die perfekte Harmonie von rustikalem und modernem Stil.<br \/>\n\u2714 Chic Antique Premium Qualit\u00e4t - einzigartiges d\u00e4nisches Design, das einen zeitlosen und stilvollen Look bietet.<\/p>\n<p>Wo sieht es am besten aus?<\/p>\n<p>Im Garten - Der perfekte Ort f\u00fcr einen entspannten Kaffee am Morgen oder einen Wein am Abend.<br \/>\nAuf der Terrasse - eine elegante und praktische L\u00f6sung f\u00fcr kleinere Au\u00dfenbereiche.<br \/>\nAuf dem Balkon - kompakt und stilvoll, ideal f\u00fcr kleinere R\u00e4ume.<\/p>\n<p>Schaffen Sie eine provenzalische Atmosph\u00e4re in Ihrem Garten oder auf Ihrer Terrasse mit diesem mintgr\u00fcnen antiken Gartentischset, das den Charme des Sommers mit dem zeitlosen Stil und den praktischen L\u00f6sungen von Chic Antique verbindet!<\/p>\n<p>Produktabmessungen, Tisch: H72\/D70 cm<br \/>\nProduktabmessungen, Stuhl: H93\/L47\/B40 cm<br \/>\nMaterial: Metall<br \/>\nOberfl\u00e4che: Inkl. galvanischer Verzinkung und Pulverbeschichtung<br \/>\nFarbe: Antikes Gr\u00fcn<\/p>","protected":false},"excerpt":{"rendered":"<p>Sp\u00fcren Sie den franz\u00f6sischen Charme in Ihrem Sommer mit diesem wundersch\u00f6nen Bistro-Set von Chic Antique. Die antike Verte-Farbe ist ein zartes Gr\u00fcn und in Kombination mit dem rohen Eisen erhalten Sie ein erstaunliches Vintage-Gef\u00fchl. Die sch\u00f6nen Details sorgen f\u00fcr einen Hauch von Romantik.<\/p>","protected":false},"featured_media":6829,"comment_status":"closed","ping_status":"closed","template":"","meta":{"_acf_changed":false,"_kad_post_transparent":"default","_kad_post_title":"","_kad_post_layout":"default","_kad_post_sidebar_id":"","_kad_post_content_style":"default","_kad_post_vertical_padding":"default","_kad_post_feature":"","_kad_post_feature_position":"","_kad_post_header":false,"_kad_post_footer":false,"_kad_post_classname":""},"pwb-brand":[19],"product_brand":[],"product_cat":[94,174],"product_tag":[334,206,34,396,33,25,1075,98],"gyarto":[],"class_list":{"0":"post-7012","1":"product","2":"type-product","3":"status-publish","4":"has-post-thumbnail","6":"pwb-brand-chic-antique","7":"product_cat-furniture","8":"product_cat-garden-furniture","9":"product_tag-new-arrivals","10":"product_tag-nordic-furniture","11":"product_tag-nordic-interior-design","12":"product_tag-nordic-style","13":"product_tag-outdoor-furniture","14":"product_tag-shabby-chic","15":"product_tag-spring-summer-2025","16":"product_tag-vintage-style","17":"pa_colour-green","18":"pa_material-metal","20":"first","21":"instock","22":"taxable","23":"shipping-taxable","24":"purchasable","25":"product-type-simple","26":"entry","27":"content-bg","28":"loop-entry"},"acf":[],"brands":[{"id":19,"name":"Schick antik","slug":"schicke-antiquitat"}],"_links":{"self":[{"href":"https:\/\/yournordichome.com\/de\/wp-json\/wp\/v2\/product\/7012","targetHints":{"allow":["GET"]}}],"collection":[{"href":"https:\/\/yournordichome.com\/de\/wp-json\/wp\/v2\/product"}],"about":[{"href":"https:\/\/yournordichome.com\/de\/wp-json\/wp\/v2\/types\/product"}],"replies":[{"embeddable":true,"href":"https:\/\/yournordichome.com\/de\/wp-json\/wp\/v2\/comments?post=7012"}],"wp:featuredmedia":[{"embeddable":true,"href":"https:\/\/yournordichome.com\/de\/wp-json\/wp\/v2\/media\/6829"}],"wp:attachment":[{"href":"https:\/\/yournordichome.com\/de\/wp-json\/wp\/v2\/media?parent=7012"}],"wp:term":[{"taxonomy":"pwb-brand","embeddable":true,"href":"https:\/\/yournordichome.com\/de\/wp-json\/wp\/v2\/pwb-brand?post=7012"},{"taxonomy":"product_brand","embeddable":true,"href":"https:\/\/yournordichome.com\/de\/wp-json\/wp\/v2\/product_brand?post=7012"},{"taxonomy":"product_cat","embeddable":true,"href":"https:\/\/yournordichome.com\/de\/wp-json\/wp\/v2\/product_cat?post=7012"},{"taxonomy":"product_tag","embeddable":true,"href":"https:\/\/yournordichome.com\/de\/wp-json\/wp\/v2\/product_tag?post=7012"},{"taxonomy":"gyarto","embeddable":true,"href":"https:\/\/yournordichome.com\/de\/wp-json\/wp\/v2\/gyarto?post=7012"}],"curies":[{"name":"wp","href":"https:\/\/api.w.org\/{rel}","templated":true}]}}