{"id":7010,"date":"2025-02-28T15:21:59","date_gmt":"2025-02-28T15:21:59","guid":{"rendered":"https:\/\/yournordichome.com\/product\/giacoma-floor-lamp-rubberwood\/"},"modified":"2026-01-30T16:41:24","modified_gmt":"2026-01-30T16:41:24","slug":"giacoma-stehleuchte-gummiholz","status":"publish","type":"product","link":"https:\/\/yournordichome.com\/de\/product\/giacoma-floor-lamp-rubberwood\/","title":{"rendered":"Giacoma Stehleuchte Rubberwood"},"content":{"rendered":"<p>Die Giacoma Stehleuchte aus Naturholz von Bloomingville ist eine beeindruckende Verk\u00f6rperung des klassischen skandinavischen, klaren Minimalismus. Das hochwertige d\u00e4nische Produkt wird ein charaktervolles, akzentuierendes Accessoire im Raum sein, die besondere Verwendung von Materialien und Verarbeitung machen es wirklich attraktiv.<\/p>\n<p>Die Stehlampe eignet sich perfekt, um einen Raum in Ihrem Wohn- oder Schlafzimmer gem\u00fctlicher zu gestalten oder um sie als Leselampe neben dem Sofa zu verwenden. Die Grundlage der skandinavischen Hygge-Atmosph\u00e4re sind die Lichtquellen in einem Raum: Statt einer zentralen Beleuchtung, die alles ausf\u00fcllt, schaffen mehrere kleinere Stimmungslichter eine wirklich heimelige, intime Atmosph\u00e4re.<\/p>\n<p>Die Giacoma Stehleuchte ist ein Schmuckst\u00fcck des hochwertigen d\u00e4nischen Designs von Bloomingville und bringt die Essenz des klassischen skandinavischen Minimalismus in Ihr Zuhause. Der einzigartig geformte Lampenschirm aus Naturholz mit seiner nat\u00fcrlichen Sch\u00f6nheit und dem passenden neutralfarbenen Schirm ist ein einzigartiges und zeitloses Dekorationselement. Sein Design ist nicht nur stilvoll, sondern auch funktional, da er in jedem Raum f\u00fcr stimmungsvolle Beleuchtung sorgt.<\/p>\n<p>Warum die Stehleuchte Giacoma?<\/p>\n<p>Erstklassiges d\u00e4nisches Design: Die hochwertige Verarbeitung und der klare Stil von Bloomingville garantieren Langlebigkeit und ein \u00e4sthetisches Erlebnis.<br \/>\nBesondere Materialverwendung: Der Lampenschirm aus Naturholz strahlt eine nat\u00fcrliche W\u00e4rme aus, die perfekt zur skandinavischen Hygge-Philosophie passt.<br \/>\nStimmungsvolle Beleuchtung: das perfekte Accessoire, das im Wohnzimmer, im Schlafzimmer oder in der Leseecke eine gem\u00fctliche und intime Atmosph\u00e4re schafft.<br \/>\nVielseitig einsetzbar: Sie k\u00f6nnen sie als Leselampe neben dem Sofa oder als Stimmungslicht in einer ruhigen Ecke des Raumes verwenden.<br \/>\nDekorativ und praktisch: Die Leuchte ist sowohl eine funktionelle Beleuchtung als auch ein skulpturales Dekorationselement, das in jeder Einrichtung gut aussieht.<\/p>\n<p>Wo sieht es am besten aus?<\/p>\n<p>Im Wohnzimmer: als Leselampe neben dem Sofa oder Sessel, die gem\u00fctliches Licht f\u00fcr die abendliche Entspannung spendet.<br \/>\nIm Schlafzimmer: als Stimmungslicht neben dem Bett oder in einer gem\u00fctlichen Leseecke.<br \/>\nIm Arbeitszimmer: als inspirierende Lichtquelle, die eine stilvolle Erg\u00e4nzung der Arbeitsumgebung darstellt.<br \/>\nIm Flur: als dekoratives Empfangselement, das den Eintretenden willkommen hei\u00dft.<\/p>\n<p>Schaffen Sie eine gem\u00fctliche und intime Atmosph\u00e4re mit der Giacoma Stehleuchte aus Naturholz, die die Eleganz und Funktionalit\u00e4t des skandinavischen Minimalismus in Ihr Zuhause bringt!<\/p>\n<p>Abmessungen des Produkts: T44xH154,5 cm<br \/>\nGr\u00f6\u00dfe des Schirms: D44 x H30 cm<br \/>\nFarbe: Natur<br \/>\nZusammensetzung: Gummiholz, Leinen, Eisen, PVC<br \/>\nGl\u00fchbirne: Alle Klassen, Gew\u00f6hnlich, E27<br \/>\nGl\u00fchbirnen-Typ: Gew\u00f6hnlich und LED<br \/>\nWattleistung der Gl\u00fchbirne: 40W \/ LED 5W \/ CFL 11W<br \/>\nGl\u00fchbirne nicht enthalten.<br \/>\nCE-gepr\u00fcft: Ja<br \/>\nFarbe der Kordel: Schwarz<br \/>\nKordell\u00e4nge: 150 cm<br \/>\nMaterial der Schnur: PVC<br \/>\nFu\u00dfschalter am Kabel.<br \/>\nDa es sich um ein nat\u00fcrliches Material handelt, k\u00f6nnen Schwankungen im Holz auftreten.<\/p>","protected":false},"excerpt":{"rendered":"<p>Die Stehlampe Giacoma ist dank ihres einzigartig geformten Lampenk\u00f6rpers aus Naturholz und des passenden, neutralfarbenen Lampenschirms eine dekorative Erg\u00e4nzung f\u00fcr Ihr Zuhause. Sie macht jede Ecke Ihres Zuhauses gem\u00fctlich.<\/p>","protected":false},"featured_media":6662,"comment_status":"closed","ping_status":"closed","template":"","meta":{"_acf_changed":false,"_kad_post_transparent":"default","_kad_post_title":"","_kad_post_layout":"default","_kad_post_sidebar_id":"","_kad_post_content_style":"default","_kad_post_vertical_padding":"default","_kad_post_feature":"","_kad_post_feature_position":"","_kad_post_header":false,"_kad_post_footer":false,"_kad_post_classname":""},"pwb-brand":[17],"product_brand":[],"product_cat":[176,72],"product_tag":[285,334,206,34,117,396,1075],"gyarto":[],"class_list":{"0":"post-7010","1":"product","2":"type-product","3":"status-publish","4":"has-post-thumbnail","6":"pwb-brand-bloomingville","7":"product_cat-floor-lamp","8":"product_cat-lamp","9":"product_tag-minimalist-furniture","10":"product_tag-new-arrivals","11":"product_tag-nordic-furniture","12":"product_tag-nordic-interior-design","13":"product_tag-nordic-lamp","14":"product_tag-nordic-style","15":"product_tag-spring-summer-2025","16":"pa_colour-nature","17":"pa_material-rubberwood","19":"first","20":"instock","21":"taxable","22":"shipping-taxable","23":"purchasable","24":"product-type-simple","25":"entry","26":"content-bg","27":"loop-entry"},"acf":[],"brands":[{"id":17,"name":"Bloomingville","slug":"bloomingville"}],"_links":{"self":[{"href":"https:\/\/yournordichome.com\/de\/wp-json\/wp\/v2\/product\/7010","targetHints":{"allow":["GET"]}}],"collection":[{"href":"https:\/\/yournordichome.com\/de\/wp-json\/wp\/v2\/product"}],"about":[{"href":"https:\/\/yournordichome.com\/de\/wp-json\/wp\/v2\/types\/product"}],"replies":[{"embeddable":true,"href":"https:\/\/yournordichome.com\/de\/wp-json\/wp\/v2\/comments?post=7010"}],"wp:featuredmedia":[{"embeddable":true,"href":"https:\/\/yournordichome.com\/de\/wp-json\/wp\/v2\/media\/6662"}],"wp:attachment":[{"href":"https:\/\/yournordichome.com\/de\/wp-json\/wp\/v2\/media?parent=7010"}],"wp:term":[{"taxonomy":"pwb-brand","embeddable":true,"href":"https:\/\/yournordichome.com\/de\/wp-json\/wp\/v2\/pwb-brand?post=7010"},{"taxonomy":"product_brand","embeddable":true,"href":"https:\/\/yournordichome.com\/de\/wp-json\/wp\/v2\/product_brand?post=7010"},{"taxonomy":"product_cat","embeddable":true,"href":"https:\/\/yournordichome.com\/de\/wp-json\/wp\/v2\/product_cat?post=7010"},{"taxonomy":"product_tag","embeddable":true,"href":"https:\/\/yournordichome.com\/de\/wp-json\/wp\/v2\/product_tag?post=7010"},{"taxonomy":"gyarto","embeddable":true,"href":"https:\/\/yournordichome.com\/de\/wp-json\/wp\/v2\/gyarto?post=7010"}],"curies":[{"name":"wp","href":"https:\/\/api.w.org\/{rel}","templated":true}]}}