{"id":7009,"date":"2025-02-28T15:21:59","date_gmt":"2025-02-28T15:21:59","guid":{"rendered":"https:\/\/yournordichome.com\/product\/oak-lounge-chair\/"},"modified":"2026-04-15T07:23:07","modified_gmt":"2026-04-15T07:23:07","slug":"sessel-aus-eiche","status":"publish","type":"product","link":"https:\/\/yournordichome.com\/de\/product\/oak-lounge-chair\/","title":{"rendered":"Sessel aus Eiche"},"content":{"rendered":"<p>Sessel aus Eichenholz mit Rattan-R\u00fcckenlehne von Chic Antique, im minimalistischen nordischen Stil. Das luftige, geflochtene Design der Rattan-R\u00fcckenlehne und der mit hellem Leinen bezogene Stoffsitz machen das M\u00f6bel leicht. Sie k\u00f6nnen es mit Kissen noch bequemer machen.<\/p>\n<p>Der Eichenholzsessel von Chic Antique schafft die perfekte Harmonie zwischen minimalistischem skandinavischem Stil und der Verwendung nat\u00fcrlicher Materialien. Die elegante Eichenstruktur strahlt einen zeitlosen Look aus, w\u00e4hrend die geflochtene Rattan-R\u00fcckenlehne f\u00fcr einen luftigen und leichten Look sorgt, der den Raum nicht \u00fcberfrachtet und dennoch eine gem\u00fctliche, wohnliche Atmosph\u00e4re ausstrahlt.<\/p>\n<p>Der bequeme Stoffsitz mit hellem Leinenbezug bildet einen sanften Kontrast zur W\u00e4rme des Holzes und macht den Sessel zur perfekten Wahl f\u00fcr jede Einrichtung, in der Funktionalit\u00e4t und Stil Hand in Hand gehen. Machen Sie es sich noch gem\u00fctlicher, indem Sie Kissen oder Decken hinzuf\u00fcgen!<\/p>\n<p>Warum diesen Sessel aus Eiche w\u00e4hlen?<\/p>\n<p>\u2714 Skandinavisches, minimalistisches Design - ein klares, modernes Aussehen, das in jede Einrichtung passt.<br \/>\n\u2714 Verwendung nat\u00fcrlicher Materialien - Gestell aus Eichenholz, luftige R\u00fcckenlehne aus geflochtenem Rattan und weicher Sitz aus Segeltuch.<br \/>\n\u2714 Komfortables Sitzerlebnis - der Textilsitz sorgt f\u00fcr bequeme Entspannung.<br \/>\n\u2714 Leichtes und luftiges Aussehen - \u00fcberfrachtet den Raum nicht und ist dennoch ein M\u00f6belst\u00fcck mit Charakter.<br \/>\n\u2714 Chic Antique Premium-Qualit\u00e4t - zeitloser Stil und lange Lebensdauer mit d\u00e4nischem Design.<\/p>\n<p>Wo sieht es am besten aus?<\/p>\n<p>Im Wohnzimmer - ein bequemer und stilvoller Ruheplatz neben dem Sofa.<br \/>\nIn der Leseecke - ein idealer Sessel, um eine ruhige, intime Ecke zu schaffen.<br \/>\nIm Schlafzimmer - ein bequemer Sitzplatz in der Leseecke.<\/p>\n<p>Heben Sie den Stil Ihres Zuhauses mit einem Sessel aus nat\u00fcrlichen Materialien hervor, der mit der skandinavischen Eleganz und dem Komfort von Chic Antique verzaubert!<\/p>\n<p>Abmessungen des Produkts: H77\/L65\/B70 cm<br \/>\nMaterial: Eiche, Rattan<br \/>\nFarbe: Natur<br \/>\nMax. Tragf\u00e4higkeit: 120 kg<\/p>","protected":false},"excerpt":{"rendered":"<p>Sessel aus Eichenholz mit Rattan-R\u00fcckenlehne und bequemem Stoffsitz. Ein klares, minimalistisches St\u00fcck, das den Raum nicht \u00fcberfrachtet.<\/p>","protected":false},"featured_media":6912,"comment_status":"closed","ping_status":"closed","template":"","meta":{"_acf_changed":false,"_kad_post_transparent":"default","_kad_post_title":"","_kad_post_layout":"default","_kad_post_sidebar_id":"","_kad_post_content_style":"default","_kad_post_vertical_padding":"default","_kad_post_feature":"","_kad_post_feature_position":"","_kad_post_header":false,"_kad_post_footer":false,"_kad_post_classname":""},"pwb-brand":[19],"product_brand":[],"product_cat":[152,153],"product_tag":[154,285,334,206,34,396,275,1075],"gyarto":[],"class_list":{"0":"post-7009","1":"product","2":"type-product","3":"status-publish","4":"has-post-thumbnail","6":"pwb-brand-chic-antique","7":"product_cat-chair","8":"product_cat-lounge-chair","9":"product_tag-armchair","10":"product_tag-minimalist-furniture","11":"product_tag-new-arrivals","12":"product_tag-nordic-furniture","13":"product_tag-nordic-interior-design","14":"product_tag-nordic-style","15":"product_tag-oak-furniture","16":"product_tag-spring-summer-2025","17":"pa_colour-nature","18":"pa_material-oak","20":"first","21":"instock","22":"taxable","23":"shipping-taxable","24":"purchasable","25":"product-type-simple","26":"entry","27":"content-bg","28":"loop-entry"},"acf":[],"brands":[{"id":19,"name":"Schick antik","slug":"schicke-antiquitat"}],"_links":{"self":[{"href":"https:\/\/yournordichome.com\/de\/wp-json\/wp\/v2\/product\/7009","targetHints":{"allow":["GET"]}}],"collection":[{"href":"https:\/\/yournordichome.com\/de\/wp-json\/wp\/v2\/product"}],"about":[{"href":"https:\/\/yournordichome.com\/de\/wp-json\/wp\/v2\/types\/product"}],"replies":[{"embeddable":true,"href":"https:\/\/yournordichome.com\/de\/wp-json\/wp\/v2\/comments?post=7009"}],"wp:featuredmedia":[{"embeddable":true,"href":"https:\/\/yournordichome.com\/de\/wp-json\/wp\/v2\/media\/6912"}],"wp:attachment":[{"href":"https:\/\/yournordichome.com\/de\/wp-json\/wp\/v2\/media?parent=7009"}],"wp:term":[{"taxonomy":"pwb-brand","embeddable":true,"href":"https:\/\/yournordichome.com\/de\/wp-json\/wp\/v2\/pwb-brand?post=7009"},{"taxonomy":"product_brand","embeddable":true,"href":"https:\/\/yournordichome.com\/de\/wp-json\/wp\/v2\/product_brand?post=7009"},{"taxonomy":"product_cat","embeddable":true,"href":"https:\/\/yournordichome.com\/de\/wp-json\/wp\/v2\/product_cat?post=7009"},{"taxonomy":"product_tag","embeddable":true,"href":"https:\/\/yournordichome.com\/de\/wp-json\/wp\/v2\/product_tag?post=7009"},{"taxonomy":"gyarto","embeddable":true,"href":"https:\/\/yournordichome.com\/de\/wp-json\/wp\/v2\/gyarto?post=7009"}],"curies":[{"name":"wp","href":"https:\/\/api.w.org\/{rel}","templated":true}]}}