{"id":6993,"date":"2025-02-28T15:21:34","date_gmt":"2025-02-28T15:21:34","guid":{"rendered":"https:\/\/yournordichome.com\/product\/black-pine-wall-cabinet\/"},"modified":"2025-07-30T14:49:36","modified_gmt":"2025-07-30T14:49:36","slug":"wandschrank-aus-schwarzer-kiefer","status":"publish","type":"product","link":"https:\/\/yournordichome.com\/de\/product\/black-pine-wall-cabinet\/","title":{"rendered":"Wandschrank aus Schwarzkiefer"},"content":{"rendered":"<p>Wandschrank aus schwarzer Kiefer von Bloomingville. Die minimalistische Schlichtheit des d\u00e4nischen Premiumherstellers macht sich gut im Wohnzimmer, in der K\u00fcche und im Home Office.<\/p>\n<p>Hinter den gerippten Glast\u00fcren befindet sich ein Einlegeboden, so dass das Kleinm\u00f6bel praktisch zur Aufbewahrung Ihrer Lieblingsst\u00fccke genutzt werden kann.<\/p>\n<p>Dieser Wandschrank aus schwarzer Kiefer ist die Verk\u00f6rperung des nordischen Minimalismus von Bloomingville. Seine klaren Linien und eleganten gerippten Glast\u00fcren verleihen ihm einen einzigartigen Look und bieten gleichzeitig eine praktische Aufbewahrungsl\u00f6sung. Das geschwungene Design und das fein strukturierte Glas verbinden auf stilvolle Weise modernes Design mit skandinavischer \u00c4sthetik.<\/p>\n<p>Warum sollten Sie sich f\u00fcr diesen Wandschrank entscheiden?<\/p>\n<p>Elegante, gerippte Glast\u00fcren: Die einzigartige Struktur der T\u00fcren verbirgt diskret die aufbewahrten Gegenst\u00e4nde und sorgt gleichzeitig f\u00fcr einen leichten und modernen Effekt.<br \/>\nPraktischer Stauraum: Die Innenablage ist ideal f\u00fcr die Aufbewahrung von Lieblingsst\u00fccken, B\u00fcchern oder kleinen Accessoires.<br \/>\nZeitloses Design: Die schwarze Farbe und das minimalistische Design passen in jedes Interieur, in Wohnzimmer, K\u00fcche und Arbeitszimmer.<br \/>\nNachhaltige Materialien: Das massive Kiefernholz garantiert die Langlebigkeit und nat\u00fcrliche Sch\u00f6nheit der M\u00f6bel.<br \/>\nWo sieht es am besten aus?<\/p>\n<p>Im Wohnzimmer: Sie k\u00f6nnen verstecken, was nicht sichtbar sein soll, und dem Raum gleichzeitig Eleganz verleihen.<br \/>\nIn der K\u00fcche: Praktischer Platz f\u00fcr Gew\u00fcrze, Tassen oder kleine K\u00fcchenutensilien.<br \/>\nIm Arbeitszimmer: bietet geordneten Stauraum f\u00fcr Dokumente und B\u00fcromaterial.<br \/>\nIm Schlafzimmer: stilvolle Aufbewahrung f\u00fcr Schmuck, Parf\u00fcm oder kleine pers\u00f6nliche Gegenst\u00e4nde.<\/p>\n<p>Gestalten Sie Ihr Zuhause stilvoll und organisiert mit diesem Wandschrank aus schwarzem Kiefernholz, der die perfekte Kombination aus skandinavischem Minimalismus und eleganter Funktionalit\u00e4t ist!<\/p>\n<p>Abmessungen des Produkts: L62xH49xB23 cm<br \/>\nFarbe: Schwarz<br \/>\nZusammensetzung: Kiefernholz, MDF, Glas<br \/>\nPflegehinweise: Mit einem feuchten Tuch abwischen.<br \/>\nMaximale Tragkraft: 3 kg pro Fachboden<br \/>\nProduktausf\u00fchrung: Farbe auf Wasserbasis, gealterte Oberfl\u00e4che<\/p>","protected":false},"excerpt":{"rendered":"<p>Wandschrank aus schwarzem Kiefernholz, der dem Raum den klaren Minimalismus des skandinavischen Stils verleiht. Die T\u00fcren sind mit elegantem, geripptem Glas mit geschwungenem Design verziert.<\/p>","protected":false},"featured_media":6619,"comment_status":"closed","ping_status":"closed","template":"","meta":{"_acf_changed":false,"_kad_post_transparent":"default","_kad_post_title":"","_kad_post_layout":"default","_kad_post_sidebar_id":"","_kad_post_content_style":"default","_kad_post_vertical_padding":"default","_kad_post_feature":"","_kad_post_feature_position":"","_kad_post_header":false,"_kad_post_footer":false,"_kad_post_classname":""},"pwb-brand":[17],"product_brand":[],"product_cat":[94,167],"product_tag":[334,206,34,396,257,136,1075],"gyarto":[],"class_list":{"0":"post-6993","1":"product","2":"type-product","3":"status-publish","4":"has-post-thumbnail","6":"pwb-brand-bloomingville","7":"product_cat-furniture","8":"product_cat-wall-shelf","9":"product_tag-new-arrivals","10":"product_tag-nordic-furniture","11":"product_tag-nordic-interior-design","12":"product_tag-nordic-style","13":"product_tag-pinewood-furniture","14":"product_tag-shelves","15":"product_tag-spring-summer-2025","16":"pa_colour-black","17":"pa_material-pine-wood","19":"first","20":"instock","21":"taxable","22":"shipping-taxable","23":"purchasable","24":"product-type-simple","25":"entry","26":"content-bg","27":"loop-entry"},"acf":[],"brands":[{"id":17,"name":"Bloomingville","slug":"bloomingville"}],"_links":{"self":[{"href":"https:\/\/yournordichome.com\/de\/wp-json\/wp\/v2\/product\/6993","targetHints":{"allow":["GET"]}}],"collection":[{"href":"https:\/\/yournordichome.com\/de\/wp-json\/wp\/v2\/product"}],"about":[{"href":"https:\/\/yournordichome.com\/de\/wp-json\/wp\/v2\/types\/product"}],"replies":[{"embeddable":true,"href":"https:\/\/yournordichome.com\/de\/wp-json\/wp\/v2\/comments?post=6993"}],"wp:featuredmedia":[{"embeddable":true,"href":"https:\/\/yournordichome.com\/de\/wp-json\/wp\/v2\/media\/6619"}],"wp:attachment":[{"href":"https:\/\/yournordichome.com\/de\/wp-json\/wp\/v2\/media?parent=6993"}],"wp:term":[{"taxonomy":"pwb-brand","embeddable":true,"href":"https:\/\/yournordichome.com\/de\/wp-json\/wp\/v2\/pwb-brand?post=6993"},{"taxonomy":"product_brand","embeddable":true,"href":"https:\/\/yournordichome.com\/de\/wp-json\/wp\/v2\/product_brand?post=6993"},{"taxonomy":"product_cat","embeddable":true,"href":"https:\/\/yournordichome.com\/de\/wp-json\/wp\/v2\/product_cat?post=6993"},{"taxonomy":"product_tag","embeddable":true,"href":"https:\/\/yournordichome.com\/de\/wp-json\/wp\/v2\/product_tag?post=6993"},{"taxonomy":"gyarto","embeddable":true,"href":"https:\/\/yournordichome.com\/de\/wp-json\/wp\/v2\/gyarto?post=6993"}],"curies":[{"name":"wp","href":"https:\/\/api.w.org\/{rel}","templated":true}]}}