{"id":6979,"date":"2025-02-28T15:21:34","date_gmt":"2025-02-28T15:21:34","guid":{"rendered":"https:\/\/yournordichome.com\/product\/molito-teak-dining-table\/"},"modified":"2025-11-01T10:34:11","modified_gmt":"2025-11-01T10:34:11","slug":"molito-teak-esstisch","status":"publish","type":"product","link":"https:\/\/yournordichome.com\/de\/product\/molito-teak-dining-table\/","title":{"rendered":"Molito Teak-Esstisch"},"content":{"rendered":"<p>Der Molito Teak-Garten-Esstisch von Bloomingville hat einen klaren, modernen Look. Die Tischplatten aus Teakholz sind ein gutes Beispiel f\u00fcr die Verwendung hochwertiger Materialien durch den d\u00e4nischen Hersteller, die einen eleganten Kontrast zu den grazilen und dennoch stabilen schwarzen Metallbeinen bilden.<\/p>\n<p>Vier Personen k\u00f6nnen bequem um ihn herum sitzen, wenn Sie auf der Terrasse essen m\u00f6chten. Er ist leicht zu transportieren, wir empfehlen, ihn in einem \u00fcberdachten Bereich zu platzieren und zu lagern.<\/p>\n<p>Der Molito Garten-Esstisch ist die perfekte Verk\u00f6rperung des d\u00e4nischen Designs von Bloomingville, das einen klaren skandinavischen Stil und moderne Kontraste auf die Terrasse bringt. Der nat\u00fcrliche, warme Ton der hochwertigen Teakholz-Tischplatte bildet eine elegante Harmonie mit den grazilen, aber stabilen schwarzen Metallbeinen. Diese Kombination sorgt f\u00fcr einen zeitlosen, anspruchsvollen Look und ist gleichzeitig ideal f\u00fcr den Einsatz im Freien.<\/p>\n<p>Warum den Gartentisch Molito w\u00e4hlen?<\/p>\n<p>Erstklassiges d\u00e4nisches Design: der Inbegriff des modernen, skandinavischen Stils von Bloomingville.<br \/>\nTischplatte aus Teakholz: ein langlebiges, nat\u00fcrliches Material, das seine Sch\u00f6nheit \u00fcber viele Jahre hinweg bewahrt.<br \/>\nLeichte und dennoch stabile Struktur: Die schwarzen Metallbeine gew\u00e4hrleisten die Stabilit\u00e4t der Struktur und verleihen ihr gleichzeitig ein luftiges Aussehen.<br \/>\nIdeal f\u00fcr ein Essen mit vier Personen: Sie k\u00f6nnen bequem um ihn herum sitzen, perfekt f\u00fcr Fr\u00fchst\u00fccke und Abendessen auf der Terrasse.<br \/>\nLeicht zu transportieren: Durch sein praktisches Design ist er leicht zu transportieren.<br \/>\nF\u00fcr eine \u00fcberdachte Lagerung: F\u00fcr eine l\u00e4ngere Lebensdauer empfiehlt es sich, das Ger\u00e4t auf einer \u00fcberdachten Terrasse oder an einem gesch\u00fctzten Ort aufzustellen.<\/p>\n<p>Wo sieht es am besten aus?<\/p>\n<p>Auf der Terrasse: als bequemer und stilvoller Esstisch im Freien.<br \/>\nIm Garten: unter einem Sitzplatz oder einer Pergola, die sich in die nat\u00fcrliche Umgebung einf\u00fcgt.<br \/>\nAuf dem Balkon: eine moderne und praktische L\u00f6sung f\u00fcr kleinere Au\u00dfenbereiche.<br \/>\nAuf einer \u00fcberdachten Veranda: eine zeitlose und elegante Wahl, die skandinavische Schlichtheit ausstrahlt.<\/p>\n<p>Bringen Sie Stil und Funktionalit\u00e4t auf Ihre Terrasse mit dem Teak-Garten-Esstisch Molito, der die perfekte Harmonie zwischen nat\u00fcrlicher Sch\u00f6nheit und modernem Design bietet!<\/p>\n<p>Abmessungen des Produkts: T90xH75 cm<br \/>\nFarbe: Natur<br \/>\nZusammensetzung: Teakholz, Stahl<br \/>\nProduktausf\u00fchrung: Lack auf Wasserbasis<br \/>\nMaximale Gewichtskapazit\u00e4t: 40 kg<br \/>\nWir empfehlen, die M\u00f6bel in \u00fcberdachten und trockenen R\u00e4umen aufzustellen, um sie vor Witterungseinfl\u00fcssen zu sch\u00fctzen. Bei direkter Sonneneinstrahlung kann die Farbe mit der Zeit verblassen.<\/p>","protected":false},"excerpt":{"rendered":"<p>Gartentisch mit einer Tischplatte aus Teakholz und schwarzen Metallbeinen. Moderner Kontrast und ein sauberer skandinavischer Look auf der Terrasse.<\/p>","protected":false},"featured_media":6695,"comment_status":"closed","ping_status":"closed","template":"","meta":{"_acf_changed":false,"_kad_post_transparent":"default","_kad_post_title":"","_kad_post_layout":"default","_kad_post_sidebar_id":"","_kad_post_content_style":"default","_kad_post_vertical_padding":"default","_kad_post_feature":"","_kad_post_feature_position":"","_kad_post_header":false,"_kad_post_footer":false,"_kad_post_classname":""},"pwb-brand":[17],"product_brand":[],"product_cat":[240,94,174,157],"product_tag":[334,206,34,396,33,1075,252],"gyarto":[],"class_list":{"0":"post-6979","1":"product","2":"type-product","3":"status-publish","4":"has-post-thumbnail","6":"pwb-brand-bloomingville","7":"product_cat-dining-table","8":"product_cat-furniture","9":"product_cat-garden-furniture","10":"product_cat-table","11":"product_tag-new-arrivals","12":"product_tag-nordic-furniture","13":"product_tag-nordic-interior-design","14":"product_tag-nordic-style","15":"product_tag-outdoor-furniture","16":"product_tag-spring-summer-2025","17":"product_tag-teak-furniture","18":"pa_colour-nature","19":"pa_material-teak-wood","21":"first","22":"instock","23":"taxable","24":"shipping-taxable","25":"purchasable","26":"product-type-simple","27":"entry","28":"content-bg","29":"loop-entry"},"acf":[],"brands":[{"id":17,"name":"Bloomingville","slug":"bloomingville"}],"_links":{"self":[{"href":"https:\/\/yournordichome.com\/de\/wp-json\/wp\/v2\/product\/6979","targetHints":{"allow":["GET"]}}],"collection":[{"href":"https:\/\/yournordichome.com\/de\/wp-json\/wp\/v2\/product"}],"about":[{"href":"https:\/\/yournordichome.com\/de\/wp-json\/wp\/v2\/types\/product"}],"replies":[{"embeddable":true,"href":"https:\/\/yournordichome.com\/de\/wp-json\/wp\/v2\/comments?post=6979"}],"wp:featuredmedia":[{"embeddable":true,"href":"https:\/\/yournordichome.com\/de\/wp-json\/wp\/v2\/media\/6695"}],"wp:attachment":[{"href":"https:\/\/yournordichome.com\/de\/wp-json\/wp\/v2\/media?parent=6979"}],"wp:term":[{"taxonomy":"pwb-brand","embeddable":true,"href":"https:\/\/yournordichome.com\/de\/wp-json\/wp\/v2\/pwb-brand?post=6979"},{"taxonomy":"product_brand","embeddable":true,"href":"https:\/\/yournordichome.com\/de\/wp-json\/wp\/v2\/product_brand?post=6979"},{"taxonomy":"product_cat","embeddable":true,"href":"https:\/\/yournordichome.com\/de\/wp-json\/wp\/v2\/product_cat?post=6979"},{"taxonomy":"product_tag","embeddable":true,"href":"https:\/\/yournordichome.com\/de\/wp-json\/wp\/v2\/product_tag?post=6979"},{"taxonomy":"gyarto","embeddable":true,"href":"https:\/\/yournordichome.com\/de\/wp-json\/wp\/v2\/gyarto?post=6979"}],"curies":[{"name":"wp","href":"https:\/\/api.w.org\/{rel}","templated":true}]}}