{"id":6978,"date":"2025-02-28T15:21:34","date_gmt":"2025-02-28T15:21:34","guid":{"rendered":"https:\/\/yournordichome.com\/product\/serrone-cabinet-nature-rubberwood\/"},"modified":"2025-07-30T14:44:19","modified_gmt":"2025-07-30T14:44:19","slug":"serroneschrank-natur-gummiholz","status":"publish","type":"product","link":"https:\/\/yournordichome.com\/de\/product\/serrone-cabinet-nature-rubberwood\/","title":{"rendered":"Serrone Kabinett, Natur, Kautschukholz"},"content":{"rendered":"<p>Nat\u00fcrlicher Holz-TV-Schrank aus Gummibaumholz von Bloomingville. Im Inneren befindet sich ein Regal, mit Kabel\u00f6ffnungen auf der R\u00fcckseite - eine perfekte Erg\u00e4nzung f\u00fcr das Wohnzimmer. Die Tischplatte des Schranks ist keilgezinkt f\u00fcr mehr Stabilit\u00e4t und Haltbarkeit.<\/p>\n<p>Dieser TV-Schrank aus Gummiholz ist die perfekte Wahl f\u00fcr Liebhaber des minimalistischen skandinavischen Stils. Seine klaren Linien und die nat\u00fcrliche Holzmaserung f\u00fcgen sich harmonisch in moderne Wohnungen ein. Der Schrank ist sowohl funktional als auch \u00e4sthetisch, sodass er nicht nur Stauraum bietet, sondern auch eines der herausragenden M\u00f6belst\u00fccke im Wohnzimmer sein wird.<\/p>\n<p>Warum diesen TV-Schrank w\u00e4hlen?<\/p>\n<p>Anspruchsvolles skandinavisches Design: Die Kombination aus minimalistischer Form und nat\u00fcrlichem Kautschukholz schafft eine elegante und warme Atmosph\u00e4re.<br \/>\nPraktische Innenausstattung: Das Regal im Inneren des Schranks bietet reichlich Platz f\u00fcr Ihre Medienger\u00e4te, Fernbedienungen oder anderes Zubeh\u00f6r.<br \/>\nEinfaches Kabelmanagement: Die Kabel\u00f6ffnungen auf der R\u00fcckseite sorgen daf\u00fcr, dass die Kabel aufger\u00e4umt bleiben.<br \/>\nStabilit\u00e4t und Langlebigkeit: Die Tischplatte ist keilgezinkt, was nicht nur die Haltbarkeit des Schranks erh\u00f6ht, sondern ihm auch ein \u00e4sthetisches Aussehen verleiht.<\/p>\n<p>Wo sieht es am besten aus?<\/p>\n<p>Im Wohnzimmer: ideal als TV-St\u00e4nder, um Medienger\u00e4te zu platzieren und gleichzeitig den Raum zu versch\u00f6nern.<br \/>\nIm Schlafzimmer: bietet praktischen Stauraum f\u00fcr B\u00fccher, Dekoration oder pers\u00f6nliche Gegenst\u00e4nde.<br \/>\nIm Arbeitszimmer: geeignet f\u00fcr die geordnete Ablage von Papieren, Ordnern und die Tischplatte kann dekoriert werden, um eine angenehme Arbeitsumgebung zu schaffen.<\/p>\n<p>Nat\u00fcrliche Materialien und Nachhaltigkeit<\/p>\n<p>Gummiholz ist ein haltbares und umweltfreundliches Material, das eine lange Lebensdauer garantiert. Der nat\u00fcrliche Holzfarbton schafft eine wohnliche Atmosph\u00e4re und passt zur Schlichtheit des skandinavischen Designs.<\/p>\n<p>W\u00e4hlen Sie diesen TV-Schrank aus strapazierf\u00e4higem Kautschukholz, um Ihr Wohnzimmer praktisch und stilvoll zu gestalten!<\/p>\n<p>Abmessungen des Produkts: L120xH55xB45 cm<br \/>\nGr\u00f6\u00dfe der Innenr\u00e4ume: 112x40x14 cm<br \/>\nMa\u00dfe T\u00fcr \/ Front: L60xB2xH40 cm<br \/>\nFarbe: Natur<br \/>\nZusammensetzung: Gummiholz, Eisen<br \/>\nProduktausf\u00fchrung: Lack auf Wasserbasis<br \/>\nMaterial und Farbe des Knopfes: Eisen, Messing<br \/>\nMaximale Belastbarkeit: Oberteil 40 kg \/ Fachboden 20 kg<\/p>","protected":false},"excerpt":{"rendered":"<p>TV-Schrank aus strapazierf\u00e4higem Gummibaumholz im modernen, minimalistischen skandinavischen Stil. Funktional und \u00e4sthetisch zugleich, schafft er mit seiner Nat\u00fcrlichkeit eine anspruchsvolle Atmosph\u00e4re in Ihrem Zuhause.<\/p>","protected":false},"featured_media":6781,"comment_status":"closed","ping_status":"closed","template":"","meta":{"_acf_changed":false,"_kad_post_transparent":"default","_kad_post_title":"","_kad_post_layout":"default","_kad_post_sidebar_id":"","_kad_post_content_style":"default","_kad_post_vertical_padding":"default","_kad_post_feature":"","_kad_post_feature_position":"","_kad_post_header":false,"_kad_post_footer":false,"_kad_post_classname":""},"pwb-brand":[17],"product_brand":[],"product_cat":[135,94],"product_tag":[285,334,206,34,396,1075],"gyarto":[],"class_list":{"0":"post-6978","1":"product","2":"type-product","3":"status-publish","4":"has-post-thumbnail","6":"pwb-brand-bloomingville","7":"product_cat-cabinet","8":"product_cat-furniture","9":"product_tag-minimalist-furniture","10":"product_tag-new-arrivals","11":"product_tag-nordic-furniture","12":"product_tag-nordic-interior-design","13":"product_tag-nordic-style","14":"product_tag-spring-summer-2025","15":"pa_colour-nature","16":"pa_material-rubberwood","18":"first","19":"instock","20":"taxable","21":"shipping-taxable","22":"purchasable","23":"product-type-simple","24":"entry","25":"content-bg","26":"loop-entry"},"acf":[],"brands":[{"id":17,"name":"Bloomingville","slug":"bloomingville"}],"_links":{"self":[{"href":"https:\/\/yournordichome.com\/de\/wp-json\/wp\/v2\/product\/6978","targetHints":{"allow":["GET"]}}],"collection":[{"href":"https:\/\/yournordichome.com\/de\/wp-json\/wp\/v2\/product"}],"about":[{"href":"https:\/\/yournordichome.com\/de\/wp-json\/wp\/v2\/types\/product"}],"replies":[{"embeddable":true,"href":"https:\/\/yournordichome.com\/de\/wp-json\/wp\/v2\/comments?post=6978"}],"wp:featuredmedia":[{"embeddable":true,"href":"https:\/\/yournordichome.com\/de\/wp-json\/wp\/v2\/media\/6781"}],"wp:attachment":[{"href":"https:\/\/yournordichome.com\/de\/wp-json\/wp\/v2\/media?parent=6978"}],"wp:term":[{"taxonomy":"pwb-brand","embeddable":true,"href":"https:\/\/yournordichome.com\/de\/wp-json\/wp\/v2\/pwb-brand?post=6978"},{"taxonomy":"product_brand","embeddable":true,"href":"https:\/\/yournordichome.com\/de\/wp-json\/wp\/v2\/product_brand?post=6978"},{"taxonomy":"product_cat","embeddable":true,"href":"https:\/\/yournordichome.com\/de\/wp-json\/wp\/v2\/product_cat?post=6978"},{"taxonomy":"product_tag","embeddable":true,"href":"https:\/\/yournordichome.com\/de\/wp-json\/wp\/v2\/product_tag?post=6978"},{"taxonomy":"gyarto","embeddable":true,"href":"https:\/\/yournordichome.com\/de\/wp-json\/wp\/v2\/gyarto?post=6978"}],"curies":[{"name":"wp","href":"https:\/\/api.w.org\/{rel}","templated":true}]}}