{"id":6233,"date":"2024-07-24T14:48:46","date_gmt":"2024-07-24T14:48:46","guid":{"rendered":"https:\/\/yournordichome.com\/product\/black-office-chair-with-rattan-insert\/"},"modified":"2025-07-30T14:55:31","modified_gmt":"2025-07-30T14:55:31","slug":"schwarzer-burostuhl-mit-rattaneinsatz","status":"publish","type":"product","link":"https:\/\/yournordichome.com\/de\/product\/black-office-chair-with-rattan-insert\/","title":{"rendered":"Schwarzer B\u00fcrostuhl mit Rattaneinsatz"},"content":{"rendered":"<p>Schwarzer B\u00fcrostuhl mit Rattaneinsatz von Chic Antique. Der Kontrast von dunklen und hellen T\u00f6nen macht ihn elegant. Die monochrome \u00c4sthetik wird durch die elegante Maserung des Birkenholzes erg\u00e4nzt.<\/p>\n<p>Abmessungen des Produkts: H80\/L60\/B60 cm<br \/>\nSitz: H43 - 54 cm<br \/>\nMaterial: Birkenholz, Rattan<br \/>\nMax. Tragf\u00e4higkeit: 100 kg<\/p>","protected":false},"excerpt":{"rendered":"<p>B\u00fcrostuhl mit schwarzem Birkenholzrahmen und hellem Rattaneinsatz. Rollt auf R\u00e4dern, verstellbar.<\/p>","protected":false},"featured_media":6020,"comment_status":"closed","ping_status":"closed","template":"","meta":{"_acf_changed":false,"_kad_post_transparent":"default","_kad_post_title":"","_kad_post_layout":"default","_kad_post_sidebar_id":"","_kad_post_content_style":"default","_kad_post_vertical_padding":"default","_kad_post_feature":"","_kad_post_feature_position":"","_kad_post_header":false,"_kad_post_footer":false,"_kad_post_classname":""},"pwb-brand":[19],"product_brand":[],"product_cat":[152,153],"product_tag":[1069,334,398,206,397,34,396,1061,134],"gyarto":[],"class_list":{"0":"post-6233","1":"product","2":"type-product","3":"status-publish","4":"has-post-thumbnail","6":"pwb-brand-chic-antique","7":"product_cat-chair","8":"product_cat-lounge-chair","9":"product_tag-autumn-winter-2024","10":"product_tag-new-arrivals","11":"product_tag-nordic-design","12":"product_tag-nordic-furniture","13":"product_tag-nordic-home","14":"product_tag-nordic-interior-design","15":"product_tag-nordic-style","16":"product_tag-office-chair","17":"product_tag-rattan-furniture","18":"pa_colour-black","19":"pa_material-birch-wood","20":"pa_material-rattan","22":"first","23":"instock","24":"taxable","25":"shipping-taxable","26":"purchasable","27":"product-type-simple","28":"entry","29":"content-bg","30":"loop-entry"},"acf":[],"brands":[{"id":19,"name":"Schick antik","slug":"schicke-antiquitat"}],"_links":{"self":[{"href":"https:\/\/yournordichome.com\/de\/wp-json\/wp\/v2\/product\/6233","targetHints":{"allow":["GET"]}}],"collection":[{"href":"https:\/\/yournordichome.com\/de\/wp-json\/wp\/v2\/product"}],"about":[{"href":"https:\/\/yournordichome.com\/de\/wp-json\/wp\/v2\/types\/product"}],"replies":[{"embeddable":true,"href":"https:\/\/yournordichome.com\/de\/wp-json\/wp\/v2\/comments?post=6233"}],"wp:featuredmedia":[{"embeddable":true,"href":"https:\/\/yournordichome.com\/de\/wp-json\/wp\/v2\/media\/6020"}],"wp:attachment":[{"href":"https:\/\/yournordichome.com\/de\/wp-json\/wp\/v2\/media?parent=6233"}],"wp:term":[{"taxonomy":"pwb-brand","embeddable":true,"href":"https:\/\/yournordichome.com\/de\/wp-json\/wp\/v2\/pwb-brand?post=6233"},{"taxonomy":"product_brand","embeddable":true,"href":"https:\/\/yournordichome.com\/de\/wp-json\/wp\/v2\/product_brand?post=6233"},{"taxonomy":"product_cat","embeddable":true,"href":"https:\/\/yournordichome.com\/de\/wp-json\/wp\/v2\/product_cat?post=6233"},{"taxonomy":"product_tag","embeddable":true,"href":"https:\/\/yournordichome.com\/de\/wp-json\/wp\/v2\/product_tag?post=6233"},{"taxonomy":"gyarto","embeddable":true,"href":"https:\/\/yournordichome.com\/de\/wp-json\/wp\/v2\/gyarto?post=6233"}],"curies":[{"name":"wp","href":"https:\/\/api.w.org\/{rel}","templated":true}]}}