{"id":6199,"date":"2024-07-24T14:48:05","date_gmt":"2024-07-24T14:48:05","guid":{"rendered":"https:\/\/yournordichome.com\/product\/mango-wood-coffee-table-2\/"},"modified":"2025-10-26T07:47:53","modified_gmt":"2025-10-26T07:47:53","slug":"mangoholz-couchtisch-2","status":"publish","type":"product","link":"https:\/\/yournordichome.com\/de\/product\/mango-wood-coffee-table-2\/","title":{"rendered":"Couchtisch aus Mangoholz"},"content":{"rendered":"<p>Mangoholz-Couchtisch von Bloomingville mit einem einzigartigen Design. Er bietet reichlich Stauraum und wirkt dennoch anmutig und leicht. Der Tisch ist auch ideal als TV-St\u00e4nder oder zum Ausstellen von B\u00fcchern, Vasen und anderen dekorativen Gegenst\u00e4nden.<\/p>\n<p>Abmessungen des Produkts: L100xH40,5xW61 cm<br \/>\nFarbe: Natur<br \/>\nZusammensetzung: Mango-Holz<br \/>\nAusf\u00fchrung des Produkts: Lack<br \/>\nPflegeanleitung: Mit einem feuchten Tuch abwischen.<br \/>\nMaximale Tragf\u00e4higkeit: Oberteil 40 kg \/ Fachboden 40 kg<br \/>\nFarbabweichungen k\u00f6nnen aufgrund der Materialien auftreten<\/p>","protected":false},"excerpt":{"rendered":"<p>Couchtisch aus dunkel gebeiztem Mangoholz in dekorativem ovalem Design mit praktischer Ablagefl\u00e4che unter dem Tisch.<\/p>","protected":false},"featured_media":5864,"comment_status":"closed","ping_status":"closed","template":"","meta":{"_acf_changed":false,"_kad_post_transparent":"default","_kad_post_title":"","_kad_post_layout":"default","_kad_post_sidebar_id":"","_kad_post_content_style":"default","_kad_post_vertical_padding":"default","_kad_post_feature":"","_kad_post_feature_position":"","_kad_post_header":false,"_kad_post_footer":false,"_kad_post_classname":""},"pwb-brand":[17],"product_brand":[],"product_cat":[158,157],"product_tag":[1069,205,334,398,397,34,396],"gyarto":[],"class_list":{"0":"post-6199","1":"product","2":"type-product","3":"status-publish","4":"has-post-thumbnail","6":"pwb-brand-bloomingville","7":"product_cat-coffee-table","8":"product_cat-table","9":"product_tag-autumn-winter-2024","10":"product_tag-mango-wood-furniture","11":"product_tag-new-arrivals","12":"product_tag-nordic-design","13":"product_tag-nordic-home","14":"product_tag-nordic-interior-design","15":"product_tag-nordic-style","16":"pa_colour-nature","17":"pa_material-mango-wood","19":"first","20":"instock","21":"taxable","22":"shipping-taxable","23":"purchasable","24":"product-type-simple","25":"entry","26":"content-bg","27":"loop-entry"},"acf":[],"brands":[{"id":17,"name":"Bloomingville","slug":"bloomingville"}],"_links":{"self":[{"href":"https:\/\/yournordichome.com\/de\/wp-json\/wp\/v2\/product\/6199","targetHints":{"allow":["GET"]}}],"collection":[{"href":"https:\/\/yournordichome.com\/de\/wp-json\/wp\/v2\/product"}],"about":[{"href":"https:\/\/yournordichome.com\/de\/wp-json\/wp\/v2\/types\/product"}],"replies":[{"embeddable":true,"href":"https:\/\/yournordichome.com\/de\/wp-json\/wp\/v2\/comments?post=6199"}],"wp:featuredmedia":[{"embeddable":true,"href":"https:\/\/yournordichome.com\/de\/wp-json\/wp\/v2\/media\/5864"}],"wp:attachment":[{"href":"https:\/\/yournordichome.com\/de\/wp-json\/wp\/v2\/media?parent=6199"}],"wp:term":[{"taxonomy":"pwb-brand","embeddable":true,"href":"https:\/\/yournordichome.com\/de\/wp-json\/wp\/v2\/pwb-brand?post=6199"},{"taxonomy":"product_brand","embeddable":true,"href":"https:\/\/yournordichome.com\/de\/wp-json\/wp\/v2\/product_brand?post=6199"},{"taxonomy":"product_cat","embeddable":true,"href":"https:\/\/yournordichome.com\/de\/wp-json\/wp\/v2\/product_cat?post=6199"},{"taxonomy":"product_tag","embeddable":true,"href":"https:\/\/yournordichome.com\/de\/wp-json\/wp\/v2\/product_tag?post=6199"},{"taxonomy":"gyarto","embeddable":true,"href":"https:\/\/yournordichome.com\/de\/wp-json\/wp\/v2\/gyarto?post=6199"}],"curies":[{"name":"wp","href":"https:\/\/api.w.org\/{rel}","templated":true}]}}