{"id":6183,"date":"2024-07-24T14:47:45","date_gmt":"2024-07-24T14:47:45","guid":{"rendered":"https:\/\/yournordichome.com\/product\/bocca-lounge-chair\/"},"modified":"2025-12-18T10:06:53","modified_gmt":"2025-12-18T10:06:53","slug":"bocca-lounge-chair","status":"publish","type":"product","link":"https:\/\/yournordichome.com\/de\/product\/bocca-lounge-chair\/","title":{"rendered":"Bocca Lounge Stuhl"},"content":{"rendered":"<p>Der Bocca Lounge Chair von Bloomingville ist mit einer Drehfunktion ausgestattet, die dem M\u00f6bel eine praktische Dimension verleiht und es perfekt f\u00fcr ein Wohnzimmer macht, in dem Flexibilit\u00e4t das Schl\u00fcsselwort ist.<\/p>\n<p>Abmessungen des Produkts: L89xH73xB86 cm<br \/>\nSitzh\u00f6he: 40 cm<br \/>\nSitztiefe: 62 cm<br \/>\nFarbe: Natur<br \/>\nZusammensetzung: Polyester, Kiefernholz, Eisen<br \/>\nPflegehinweise: Fleckenreinigung &amp; Staubsaugen<br \/>\nMaximale Gewichtskapazit\u00e4t: 200 kg<\/p>","protected":false},"excerpt":{"rendered":"<p>Loungesessel in organischer Form mit weichem, strukturiertem Polyesterbezug in gedeckter Farbe, der einen modernen Look verleiht.<\/p>","protected":false},"featured_media":5700,"comment_status":"closed","ping_status":"closed","template":"","meta":{"_acf_changed":false,"_kad_post_transparent":"default","_kad_post_title":"","_kad_post_layout":"default","_kad_post_sidebar_id":"","_kad_post_content_style":"default","_kad_post_vertical_padding":"default","_kad_post_feature":"","_kad_post_feature_position":"","_kad_post_header":false,"_kad_post_footer":false,"_kad_post_classname":""},"pwb-brand":[17],"product_brand":[],"product_cat":[152,153],"product_tag":[154,1069,334,398,26,34,396],"gyarto":[],"class_list":{"0":"post-6183","1":"product","2":"type-product","3":"status-publish","4":"has-post-thumbnail","6":"pwb-brand-bloomingville","7":"product_cat-chair","8":"product_cat-lounge-chair","9":"product_tag-armchair","10":"product_tag-autumn-winter-2024","11":"product_tag-new-arrivals","12":"product_tag-nordic-design","13":"product_tag-nordic-home-decor","14":"product_tag-nordic-interior-design","15":"product_tag-nordic-style","16":"pa_colour-nature","17":"pa_material-polyester","19":"first","20":"instock","21":"taxable","22":"shipping-taxable","23":"purchasable","24":"product-type-simple","25":"entry","26":"content-bg","27":"loop-entry"},"acf":[],"brands":[{"id":17,"name":"Bloomingville","slug":"bloomingville"}],"_links":{"self":[{"href":"https:\/\/yournordichome.com\/de\/wp-json\/wp\/v2\/product\/6183","targetHints":{"allow":["GET"]}}],"collection":[{"href":"https:\/\/yournordichome.com\/de\/wp-json\/wp\/v2\/product"}],"about":[{"href":"https:\/\/yournordichome.com\/de\/wp-json\/wp\/v2\/types\/product"}],"replies":[{"embeddable":true,"href":"https:\/\/yournordichome.com\/de\/wp-json\/wp\/v2\/comments?post=6183"}],"wp:featuredmedia":[{"embeddable":true,"href":"https:\/\/yournordichome.com\/de\/wp-json\/wp\/v2\/media\/5700"}],"wp:attachment":[{"href":"https:\/\/yournordichome.com\/de\/wp-json\/wp\/v2\/media?parent=6183"}],"wp:term":[{"taxonomy":"pwb-brand","embeddable":true,"href":"https:\/\/yournordichome.com\/de\/wp-json\/wp\/v2\/pwb-brand?post=6183"},{"taxonomy":"product_brand","embeddable":true,"href":"https:\/\/yournordichome.com\/de\/wp-json\/wp\/v2\/product_brand?post=6183"},{"taxonomy":"product_cat","embeddable":true,"href":"https:\/\/yournordichome.com\/de\/wp-json\/wp\/v2\/product_cat?post=6183"},{"taxonomy":"product_tag","embeddable":true,"href":"https:\/\/yournordichome.com\/de\/wp-json\/wp\/v2\/product_tag?post=6183"},{"taxonomy":"gyarto","embeddable":true,"href":"https:\/\/yournordichome.com\/de\/wp-json\/wp\/v2\/gyarto?post=6183"}],"curies":[{"name":"wp","href":"https:\/\/api.w.org\/{rel}","templated":true}]}}