{"id":6182,"date":"2024-07-24T14:47:45","date_gmt":"2024-07-24T14:47:45","guid":{"rendered":"https:\/\/yournordichome.com\/product\/bocca-pouf\/"},"modified":"2025-08-12T15:29:00","modified_gmt":"2025-08-12T15:29:00","slug":"bocca-pouf","status":"publish","type":"product","link":"https:\/\/yournordichome.com\/de\/product\/bocca-pouf\/","title":{"rendered":"Bocca Hocker"},"content":{"rendered":"<p>Der Bocca Pouf von Bloomingville hat eine geschwungene Oberseite und eine abgerundete Basis, die dem traditionellen Pouf eine moderne Wendung geben. Ein M\u00f6belst\u00fcck, das f\u00fcr Gespr\u00e4chsstoff sorgt und gleichzeitig eine praktische Sitzgelegenheit darstellt. Der Pouf hat einen einfachen, aber charaktervollen Stil und bietet weichen Komfort.<\/p>\n<p>Abmessungen des Produkts: T46xH38 cm<br \/>\nFarbe: Natur<br \/>\nZusammensetzung: Polyester, Kiefernholz<br \/>\nPflegehinweise: Fleckenreinigung &amp; Staubsaugen<br \/>\nMaximale Gewichtskapazit\u00e4t: 140 kg<\/p>","protected":false},"excerpt":{"rendered":"<p>Von Pilzen aus der Natur inspirierter Hocker, der dem Raum ein verspieltes und organisches Element verleiht.<\/p>","protected":false},"featured_media":5706,"comment_status":"closed","ping_status":"closed","template":"","meta":{"_acf_changed":false,"_kad_post_transparent":"default","_kad_post_title":"","_kad_post_layout":"default","_kad_post_sidebar_id":"","_kad_post_content_style":"default","_kad_post_vertical_padding":"default","_kad_post_feature":"","_kad_post_feature_position":"","_kad_post_header":false,"_kad_post_footer":false,"_kad_post_classname":""},"pwb-brand":[17],"product_brand":[],"product_cat":[152,182],"product_tag":[1069,285,334,398,26,34,396],"gyarto":[],"class_list":{"0":"post-6182","1":"product","2":"type-product","3":"status-publish","4":"has-post-thumbnail","6":"pwb-brand-bloomingville","7":"product_cat-chair","8":"product_cat-sitting-pouf","9":"product_tag-autumn-winter-2024","10":"product_tag-minimalist-furniture","11":"product_tag-new-arrivals","12":"product_tag-nordic-design","13":"product_tag-nordic-home-decor","14":"product_tag-nordic-interior-design","15":"product_tag-nordic-style","16":"pa_colour-nature","17":"pa_material-polyester","19":"first","20":"instock","21":"taxable","22":"shipping-taxable","23":"purchasable","24":"product-type-simple","25":"entry","26":"content-bg","27":"loop-entry"},"acf":[],"brands":[{"id":17,"name":"Bloomingville","slug":"bloomingville"}],"_links":{"self":[{"href":"https:\/\/yournordichome.com\/de\/wp-json\/wp\/v2\/product\/6182","targetHints":{"allow":["GET"]}}],"collection":[{"href":"https:\/\/yournordichome.com\/de\/wp-json\/wp\/v2\/product"}],"about":[{"href":"https:\/\/yournordichome.com\/de\/wp-json\/wp\/v2\/types\/product"}],"replies":[{"embeddable":true,"href":"https:\/\/yournordichome.com\/de\/wp-json\/wp\/v2\/comments?post=6182"}],"wp:featuredmedia":[{"embeddable":true,"href":"https:\/\/yournordichome.com\/de\/wp-json\/wp\/v2\/media\/5706"}],"wp:attachment":[{"href":"https:\/\/yournordichome.com\/de\/wp-json\/wp\/v2\/media?parent=6182"}],"wp:term":[{"taxonomy":"pwb-brand","embeddable":true,"href":"https:\/\/yournordichome.com\/de\/wp-json\/wp\/v2\/pwb-brand?post=6182"},{"taxonomy":"product_brand","embeddable":true,"href":"https:\/\/yournordichome.com\/de\/wp-json\/wp\/v2\/product_brand?post=6182"},{"taxonomy":"product_cat","embeddable":true,"href":"https:\/\/yournordichome.com\/de\/wp-json\/wp\/v2\/product_cat?post=6182"},{"taxonomy":"product_tag","embeddable":true,"href":"https:\/\/yournordichome.com\/de\/wp-json\/wp\/v2\/product_tag?post=6182"},{"taxonomy":"gyarto","embeddable":true,"href":"https:\/\/yournordichome.com\/de\/wp-json\/wp\/v2\/gyarto?post=6182"}],"curies":[{"name":"wp","href":"https:\/\/api.w.org\/{rel}","templated":true}]}}