{"id":6179,"date":"2024-07-24T14:47:45","date_gmt":"2024-07-24T14:47:45","guid":{"rendered":"https:\/\/yournordichome.com\/product\/vester-drawers\/"},"modified":"2026-04-15T07:07:02","modified_gmt":"2026-04-15T07:07:02","slug":"vester-schubladen","status":"publish","type":"product","link":"https:\/\/yournordichome.com\/de\/product\/vester-drawers\/","title":{"rendered":"Vester Schubladen"},"content":{"rendered":"<p>Die Vester Drawers von Bloomingville ist ein kleines M\u00f6belst\u00fcck mit zwei Schubladen. Die Kommode hat eine nat\u00fcrliche, braune Farbe und kann im Wohnzimmer oder im Schlafzimmer als Nachttisch verwendet werden.<\/p>\n<p>Abmessungen des Produkts: L56xH61xB35 cm<br \/>\nFarbe: Braun<br \/>\nZusammensetzung: MDF, Tannenholz<br \/>\nAusf\u00fchrung des Produkts: Lack<br \/>\nMaterial und Farbe des Knopfes: Tannenholz, Braun<br \/>\nMaximale Belastbarkeit: Oberseite 3 kg \/ 5 kg pro Schublade<br \/>\nPflegeanleitung: Mit einem feuchten Tuch abwischen.<\/p>","protected":false},"excerpt":{"rendered":"<p>Schr\u00e4nkchen mit zwei Schubladen und geometrischem Effekt. Das M\u00f6bel kann auch als Nachttisch verwendet werden.<\/p>","protected":false},"featured_media":5954,"comment_status":"closed","ping_status":"closed","template":"","meta":{"_acf_changed":false,"_kad_post_transparent":"default","_kad_post_title":"","_kad_post_layout":"default","_kad_post_sidebar_id":"","_kad_post_content_style":"default","_kad_post_vertical_padding":"default","_kad_post_feature":"","_kad_post_feature_position":"","_kad_post_header":false,"_kad_post_footer":false,"_kad_post_classname":""},"pwb-brand":[17],"product_brand":[],"product_cat":[94,95],"product_tag":[325,1069,334,398,206,397,34],"gyarto":[],"class_list":{"0":"post-6179","1":"product","2":"type-product","3":"status-publish","4":"has-post-thumbnail","6":"pwb-brand-bloomingville","7":"product_cat-furniture","8":"product_cat-storage-unit","9":"product_tag-art-deco","10":"product_tag-autumn-winter-2024","11":"product_tag-new-arrivals","12":"product_tag-nordic-design","13":"product_tag-nordic-furniture","14":"product_tag-nordic-home","15":"product_tag-nordic-interior-design","16":"pa_colour-brown","17":"pa_material-mdf","19":"first","20":"instock","21":"taxable","22":"shipping-taxable","23":"purchasable","24":"product-type-simple","25":"entry","26":"content-bg","27":"loop-entry"},"acf":[],"brands":[{"id":17,"name":"Bloomingville","slug":"bloomingville"}],"_links":{"self":[{"href":"https:\/\/yournordichome.com\/de\/wp-json\/wp\/v2\/product\/6179","targetHints":{"allow":["GET"]}}],"collection":[{"href":"https:\/\/yournordichome.com\/de\/wp-json\/wp\/v2\/product"}],"about":[{"href":"https:\/\/yournordichome.com\/de\/wp-json\/wp\/v2\/types\/product"}],"replies":[{"embeddable":true,"href":"https:\/\/yournordichome.com\/de\/wp-json\/wp\/v2\/comments?post=6179"}],"wp:featuredmedia":[{"embeddable":true,"href":"https:\/\/yournordichome.com\/de\/wp-json\/wp\/v2\/media\/5954"}],"wp:attachment":[{"href":"https:\/\/yournordichome.com\/de\/wp-json\/wp\/v2\/media?parent=6179"}],"wp:term":[{"taxonomy":"pwb-brand","embeddable":true,"href":"https:\/\/yournordichome.com\/de\/wp-json\/wp\/v2\/pwb-brand?post=6179"},{"taxonomy":"product_brand","embeddable":true,"href":"https:\/\/yournordichome.com\/de\/wp-json\/wp\/v2\/product_brand?post=6179"},{"taxonomy":"product_cat","embeddable":true,"href":"https:\/\/yournordichome.com\/de\/wp-json\/wp\/v2\/product_cat?post=6179"},{"taxonomy":"product_tag","embeddable":true,"href":"https:\/\/yournordichome.com\/de\/wp-json\/wp\/v2\/product_tag?post=6179"},{"taxonomy":"gyarto","embeddable":true,"href":"https:\/\/yournordichome.com\/de\/wp-json\/wp\/v2\/gyarto?post=6179"}],"curies":[{"name":"wp","href":"https:\/\/api.w.org\/{rel}","templated":true}]}}