{"id":6147,"date":"2024-07-24T14:47:25","date_gmt":"2024-07-24T14:47:25","guid":{"rendered":"https:\/\/yournordichome.com\/product\/green-table-lamp-stoneware\/"},"modified":"2025-08-12T15:19:21","modified_gmt":"2025-08-12T15:19:21","slug":"grune-tischlampe-steinzeug","status":"publish","type":"product","link":"https:\/\/yournordichome.com\/de\/product\/green-table-lamp-stoneware\/","title":{"rendered":"Gr\u00fcne Tischlampe, Steingut"},"content":{"rendered":"<p>Die Sergio Tischleuchte von Bloomingville ist eine vielseitige Leuchte, die Sie auf dem Nachttisch, im Wohnzimmer oder auf einem einzelnen St\u00e4nder platzieren k\u00f6nnen. Aufgrund des Charakters der Glasur wird die Farbe von Lampe zu Lampe variieren. Einige sind dunkler und haben mehr Textur als andere.<\/p>\n<p>Abmessungen des Produkts: T21xH55 cm<br \/>\nGr\u00f6\u00dfe des Schirms: T20,5 x H24 cm<br \/>\nFarbe: Gr\u00fcn<br \/>\nZusammensetzung: Steingut, Leinen, Eisen<br \/>\nCE-gepr\u00fcft: Ja<br \/>\nEnergieklasse der Gl\u00fchbirne: Alle Klassen<br \/>\nGr\u00f6\u00dfe der Gl\u00fchbirne: E27<br \/>\nGl\u00fchbirnen-Typ: Gew\u00f6hnlich und LED<br \/>\nWattleistung der Gl\u00fchbirne: max. 40W \/ LED 5W \/ CFL 9W<br \/>\nGl\u00fchbirne nicht enthalten.<br \/>\nFarbe der Kordel: Klar<br \/>\nKordell\u00e4nge: 160 cm<br \/>\nMaterial der Kordel: PVC+CU<br \/>\nVerwendung im Freien: Nein<br \/>\nKabel einschalten.<\/p>","protected":false},"excerpt":{"rendered":"<p>Gr\u00fcne Tischleuchte aus Steingut mit minimalistischer, vom nordischen Stil inspirierter Form.<\/p>","protected":false},"featured_media":5826,"comment_status":"closed","ping_status":"closed","template":"","meta":{"_acf_changed":false,"_kad_post_transparent":"default","_kad_post_title":"","_kad_post_layout":"default","_kad_post_sidebar_id":"","_kad_post_content_style":"default","_kad_post_vertical_padding":"default","_kad_post_feature":"","_kad_post_feature_position":"","_kad_post_header":false,"_kad_post_footer":false,"_kad_post_classname":""},"pwb-brand":[17],"product_brand":[],"product_cat":[73,72],"product_tag":[1069,334,398,397,34,117,396],"gyarto":[],"class_list":{"0":"post-6147","1":"product","2":"type-product","3":"status-publish","4":"has-post-thumbnail","6":"pwb-brand-bloomingville","7":"product_cat-desk-and-table-lamp","8":"product_cat-lamp","9":"product_tag-autumn-winter-2024","10":"product_tag-new-arrivals","11":"product_tag-nordic-design","12":"product_tag-nordic-home","13":"product_tag-nordic-interior-design","14":"product_tag-nordic-lamp","15":"product_tag-nordic-style","16":"pa_colour-green","17":"pa_material-stoneware","19":"first","20":"instock","21":"taxable","22":"shipping-taxable","23":"purchasable","24":"product-type-simple","25":"entry","26":"content-bg","27":"loop-entry"},"acf":[],"brands":[{"id":17,"name":"Bloomingville","slug":"bloomingville"}],"_links":{"self":[{"href":"https:\/\/yournordichome.com\/de\/wp-json\/wp\/v2\/product\/6147","targetHints":{"allow":["GET"]}}],"collection":[{"href":"https:\/\/yournordichome.com\/de\/wp-json\/wp\/v2\/product"}],"about":[{"href":"https:\/\/yournordichome.com\/de\/wp-json\/wp\/v2\/types\/product"}],"replies":[{"embeddable":true,"href":"https:\/\/yournordichome.com\/de\/wp-json\/wp\/v2\/comments?post=6147"}],"wp:featuredmedia":[{"embeddable":true,"href":"https:\/\/yournordichome.com\/de\/wp-json\/wp\/v2\/media\/5826"}],"wp:attachment":[{"href":"https:\/\/yournordichome.com\/de\/wp-json\/wp\/v2\/media?parent=6147"}],"wp:term":[{"taxonomy":"pwb-brand","embeddable":true,"href":"https:\/\/yournordichome.com\/de\/wp-json\/wp\/v2\/pwb-brand?post=6147"},{"taxonomy":"product_brand","embeddable":true,"href":"https:\/\/yournordichome.com\/de\/wp-json\/wp\/v2\/product_brand?post=6147"},{"taxonomy":"product_cat","embeddable":true,"href":"https:\/\/yournordichome.com\/de\/wp-json\/wp\/v2\/product_cat?post=6147"},{"taxonomy":"product_tag","embeddable":true,"href":"https:\/\/yournordichome.com\/de\/wp-json\/wp\/v2\/product_tag?post=6147"},{"taxonomy":"gyarto","embeddable":true,"href":"https:\/\/yournordichome.com\/de\/wp-json\/wp\/v2\/gyarto?post=6147"}],"curies":[{"name":"wp","href":"https:\/\/api.w.org\/{rel}","templated":true}]}}