{"id":4966,"date":"2024-01-17T19:31:21","date_gmt":"2024-01-17T19:31:21","guid":{"rendered":"https:\/\/yournordichome.com\/product\/storage-unit-with-2-shelves\/"},"modified":"2025-07-30T16:31:14","modified_gmt":"2025-07-30T16:31:14","slug":"lagereinheit-mit-2-regalen","status":"publish","type":"product","link":"https:\/\/yournordichome.com\/de\/product\/storage-unit-with-2-shelves\/","title":{"rendered":"Aufbewahrungseinheit mit 2 Regalen"},"content":{"rendered":"<p><strong>Aufbewahrungseinheit mit 2 Regalen<\/strong> mit schwarzem Metallrahmen von Chic Antiqe. Praktische und dekorative Kleinm\u00f6bel.<\/p>\n<p>Abmessungen des Produkts: H65\/L49\/B36 cm<br \/>\nMaterial: Tannenholz, Metall, MDF, Glas<\/p>","protected":false},"excerpt":{"rendered":"<p>Kleines Schr\u00e4nkchen mit schwarzem Schn\u00fcrrahmen und Einlegeb\u00f6den aus nat\u00fcrlich hellem Tannenholz. Das kleine M\u00f6belst\u00fcck ist mit einem besonderen Spitzenmuster aus Metall verziert, seine zwei Einlegeb\u00f6den k\u00f6nnen praktisch als Stauraum genutzt werden und es l\u00e4sst sich mit einer Glast\u00fcr schlie\u00dfen.<\/p>","protected":false},"featured_media":4958,"comment_status":"closed","ping_status":"closed","template":"","meta":{"_acf_changed":false,"_kad_post_transparent":"default","_kad_post_title":"","_kad_post_layout":"default","_kad_post_sidebar_id":"","_kad_post_content_style":"default","_kad_post_vertical_padding":"default","_kad_post_feature":"","_kad_post_feature_position":"","_kad_post_header":false,"_kad_post_footer":false,"_kad_post_classname":""},"pwb-brand":[19],"product_brand":[],"product_cat":[94,95],"product_tag":[334,398,397,34,396,1059],"gyarto":[],"class_list":{"0":"post-4966","1":"product","2":"type-product","3":"status-publish","4":"has-post-thumbnail","6":"pwb-brand-chic-antique","7":"product_cat-furniture","8":"product_cat-storage-unit","9":"product_tag-new-arrivals","10":"product_tag-nordic-design","11":"product_tag-nordic-home","12":"product_tag-nordic-interior-design","13":"product_tag-nordic-style","14":"product_tag-spring-summer-2024","15":"pa_colour-antique-black","16":"pa_material-firwoodmetal","17":"pa_material-glass","19":"first","20":"instock","21":"taxable","22":"shipping-taxable","23":"purchasable","24":"product-type-simple","25":"entry","26":"content-bg","27":"loop-entry"},"acf":[],"brands":[{"id":19,"name":"Schick antik","slug":"schicke-antiquitat"}],"_links":{"self":[{"href":"https:\/\/yournordichome.com\/de\/wp-json\/wp\/v2\/product\/4966","targetHints":{"allow":["GET"]}}],"collection":[{"href":"https:\/\/yournordichome.com\/de\/wp-json\/wp\/v2\/product"}],"about":[{"href":"https:\/\/yournordichome.com\/de\/wp-json\/wp\/v2\/types\/product"}],"replies":[{"embeddable":true,"href":"https:\/\/yournordichome.com\/de\/wp-json\/wp\/v2\/comments?post=4966"}],"wp:featuredmedia":[{"embeddable":true,"href":"https:\/\/yournordichome.com\/de\/wp-json\/wp\/v2\/media\/4958"}],"wp:attachment":[{"href":"https:\/\/yournordichome.com\/de\/wp-json\/wp\/v2\/media?parent=4966"}],"wp:term":[{"taxonomy":"pwb-brand","embeddable":true,"href":"https:\/\/yournordichome.com\/de\/wp-json\/wp\/v2\/pwb-brand?post=4966"},{"taxonomy":"product_brand","embeddable":true,"href":"https:\/\/yournordichome.com\/de\/wp-json\/wp\/v2\/product_brand?post=4966"},{"taxonomy":"product_cat","embeddable":true,"href":"https:\/\/yournordichome.com\/de\/wp-json\/wp\/v2\/product_cat?post=4966"},{"taxonomy":"product_tag","embeddable":true,"href":"https:\/\/yournordichome.com\/de\/wp-json\/wp\/v2\/product_tag?post=4966"},{"taxonomy":"gyarto","embeddable":true,"href":"https:\/\/yournordichome.com\/de\/wp-json\/wp\/v2\/gyarto?post=4966"}],"curies":[{"name":"wp","href":"https:\/\/api.w.org\/{rel}","templated":true}]}}