{"id":4965,"date":"2024-01-17T19:31:21","date_gmt":"2024-01-17T19:31:21","guid":{"rendered":"https:\/\/yournordichome.com\/product\/shelving-unit-with-2-shelves\/"},"modified":"2026-04-15T07:20:44","modified_gmt":"2026-04-15T07:20:44","slug":"regal-mit-2-fachern","status":"publish","type":"product","link":"https:\/\/yournordichome.com\/de\/product\/shelving-unit-with-2-shelves\/","title":{"rendered":"Regalschrank mit 2 F\u00e4chern"},"content":{"rendered":"<p><strong>Regal mit zwei Einlegeb\u00f6den<\/strong> mit schwarzem Metallrahmen und nat\u00fcrlichen Tannenholzb\u00f6den von Chic Antique. Praktisches Regal mit gro\u00dfen Einlegeb\u00f6den. Sein besonderes Muster macht es zu einem einzigartigen Wohnaccessoire.<\/p>\n<p>Abmessungen des Produkts: H113\/L60\/W35<br \/>\nMaterial: Tannenholz, Metall<\/p>","protected":false},"excerpt":{"rendered":"<p>Regalschrank mit nat\u00fcrlichen, hellen Tannenholzbrettern und einem Rahmen aus antikschwarzem Metall mit einem Spitzenmuster. Die sch\u00f6ne Farbkombination und das Muster machen dieses M\u00f6belst\u00fcck einzigartig.<\/p>","protected":false},"featured_media":4952,"comment_status":"closed","ping_status":"closed","template":"","meta":{"_acf_changed":false,"_kad_post_transparent":"default","_kad_post_title":"","_kad_post_layout":"default","_kad_post_sidebar_id":"","_kad_post_content_style":"default","_kad_post_vertical_padding":"default","_kad_post_feature":"","_kad_post_feature_position":"","_kad_post_header":false,"_kad_post_footer":false,"_kad_post_classname":""},"pwb-brand":[19],"product_brand":[],"product_cat":[94,141],"product_tag":[334,398,397,34,396,1059],"gyarto":[],"class_list":{"0":"post-4965","1":"product","2":"type-product","3":"status-publish","4":"has-post-thumbnail","6":"pwb-brand-chic-antique","7":"product_cat-furniture","8":"product_cat-shelving-unit","9":"product_tag-new-arrivals","10":"product_tag-nordic-design","11":"product_tag-nordic-home","12":"product_tag-nordic-interior-design","13":"product_tag-nordic-style","14":"product_tag-spring-summer-2024","15":"pa_colour-antique-black","16":"pa_material-firwoodmetal","18":"first","19":"outofstock","20":"taxable","21":"shipping-taxable","22":"purchasable","23":"product-type-simple","24":"entry","25":"content-bg","26":"loop-entry"},"acf":[],"brands":[{"id":19,"name":"Schick antik","slug":"schicke-antiquitat"}],"_links":{"self":[{"href":"https:\/\/yournordichome.com\/de\/wp-json\/wp\/v2\/product\/4965","targetHints":{"allow":["GET"]}}],"collection":[{"href":"https:\/\/yournordichome.com\/de\/wp-json\/wp\/v2\/product"}],"about":[{"href":"https:\/\/yournordichome.com\/de\/wp-json\/wp\/v2\/types\/product"}],"replies":[{"embeddable":true,"href":"https:\/\/yournordichome.com\/de\/wp-json\/wp\/v2\/comments?post=4965"}],"wp:featuredmedia":[{"embeddable":true,"href":"https:\/\/yournordichome.com\/de\/wp-json\/wp\/v2\/media\/4952"}],"wp:attachment":[{"href":"https:\/\/yournordichome.com\/de\/wp-json\/wp\/v2\/media?parent=4965"}],"wp:term":[{"taxonomy":"pwb-brand","embeddable":true,"href":"https:\/\/yournordichome.com\/de\/wp-json\/wp\/v2\/pwb-brand?post=4965"},{"taxonomy":"product_brand","embeddable":true,"href":"https:\/\/yournordichome.com\/de\/wp-json\/wp\/v2\/product_brand?post=4965"},{"taxonomy":"product_cat","embeddable":true,"href":"https:\/\/yournordichome.com\/de\/wp-json\/wp\/v2\/product_cat?post=4965"},{"taxonomy":"product_tag","embeddable":true,"href":"https:\/\/yournordichome.com\/de\/wp-json\/wp\/v2\/product_tag?post=4965"},{"taxonomy":"gyarto","embeddable":true,"href":"https:\/\/yournordichome.com\/de\/wp-json\/wp\/v2\/gyarto?post=4965"}],"curies":[{"name":"wp","href":"https:\/\/api.w.org\/{rel}","templated":true}]}}