{"id":4924,"date":"2024-01-15T16:52:36","date_gmt":"2024-01-15T16:52:36","guid":{"rendered":"https:\/\/yournordichome.com\/product\/bar-cabinet-on-wheels\/"},"modified":"2025-07-30T16:32:54","modified_gmt":"2025-07-30T16:32:54","slug":"barschrank-auf-radern","status":"publish","type":"product","link":"https:\/\/yournordichome.com\/de\/product\/bar-cabinet-on-wheels\/","title":{"rendered":"Bar Kabinett auf R\u00e4dern"},"content":{"rendered":"<p><strong>Barschrank auf R\u00e4dern<\/strong> im industriellen Stil. Hinter den schwarzen Metallgittert\u00fcren mit Antik-Effekt befinden sich praktische Einlegeb\u00f6den. Das Regal mit drei Einlegeb\u00f6den wird durch einen Weinhalter und einen Glashalter erg\u00e4nzt. An der T\u00fcr befinden sich au\u00dferdem kleinere Einlegeb\u00f6den, so dass beim \u00d6ffnen des M\u00f6bels noch transparenter wird, was darin aufbewahrt wird.<\/p>\n<p>Sie k\u00f6nnen die Platte dekorieren oder sie beim Servieren verwenden. Seine R\u00e4der mit Industriecharakter machen sein Aussehen noch spektakul\u00e4rer. Das schwarze Metall in Antikoptik und der warme Farbton der Kiefer erg\u00e4nzen sich perfekt.<\/p>\n<p>Abmessungen des Produkts: H116,5\/L94,5\/B49,5 cm<br \/>\nMaterial: Eisen, Tannenholz<\/p>","protected":false},"excerpt":{"rendered":"<p>Barschrank im Industriestil, mit Metallgitterrahmen und praktischer Innenausstattung.<\/p>","protected":false},"featured_media":4903,"comment_status":"closed","ping_status":"closed","template":"","meta":{"_acf_changed":false,"_kad_post_transparent":"default","_kad_post_title":"","_kad_post_layout":"default","_kad_post_sidebar_id":"","_kad_post_content_style":"default","_kad_post_vertical_padding":"default","_kad_post_feature":"","_kad_post_feature_position":"","_kad_post_header":false,"_kad_post_footer":false,"_kad_post_classname":""},"pwb-brand":[19],"product_brand":[],"product_cat":[94,95],"product_tag":[231,177,334,398,397,34,396,1059],"gyarto":[],"class_list":{"0":"post-4924","1":"product","2":"type-product","3":"status-publish","4":"has-post-thumbnail","6":"pwb-brand-chic-antique","7":"product_cat-furniture","8":"product_cat-storage-unit","9":"product_tag-bar-table","10":"product_tag-industrial-style","11":"product_tag-new-arrivals","12":"product_tag-nordic-design","13":"product_tag-nordic-home","14":"product_tag-nordic-interior-design","15":"product_tag-nordic-style","16":"product_tag-spring-summer-2024","17":"pa_colour-antique-coal","18":"pa_material-firwood","19":"pa_material-metal","21":"first","22":"instock","23":"taxable","24":"shipping-taxable","25":"purchasable","26":"product-type-simple","27":"entry","28":"content-bg","29":"loop-entry"},"acf":[],"brands":[{"id":19,"name":"Schick antik","slug":"schicke-antiquitat"}],"_links":{"self":[{"href":"https:\/\/yournordichome.com\/de\/wp-json\/wp\/v2\/product\/4924","targetHints":{"allow":["GET"]}}],"collection":[{"href":"https:\/\/yournordichome.com\/de\/wp-json\/wp\/v2\/product"}],"about":[{"href":"https:\/\/yournordichome.com\/de\/wp-json\/wp\/v2\/types\/product"}],"replies":[{"embeddable":true,"href":"https:\/\/yournordichome.com\/de\/wp-json\/wp\/v2\/comments?post=4924"}],"wp:featuredmedia":[{"embeddable":true,"href":"https:\/\/yournordichome.com\/de\/wp-json\/wp\/v2\/media\/4903"}],"wp:attachment":[{"href":"https:\/\/yournordichome.com\/de\/wp-json\/wp\/v2\/media?parent=4924"}],"wp:term":[{"taxonomy":"pwb-brand","embeddable":true,"href":"https:\/\/yournordichome.com\/de\/wp-json\/wp\/v2\/pwb-brand?post=4924"},{"taxonomy":"product_brand","embeddable":true,"href":"https:\/\/yournordichome.com\/de\/wp-json\/wp\/v2\/product_brand?post=4924"},{"taxonomy":"product_cat","embeddable":true,"href":"https:\/\/yournordichome.com\/de\/wp-json\/wp\/v2\/product_cat?post=4924"},{"taxonomy":"product_tag","embeddable":true,"href":"https:\/\/yournordichome.com\/de\/wp-json\/wp\/v2\/product_tag?post=4924"},{"taxonomy":"gyarto","embeddable":true,"href":"https:\/\/yournordichome.com\/de\/wp-json\/wp\/v2\/gyarto?post=4924"}],"curies":[{"name":"wp","href":"https:\/\/api.w.org\/{rel}","templated":true}]}}