{"id":4922,"date":"2024-01-15T16:52:36","date_gmt":"2024-01-15T16:52:36","guid":{"rendered":"https:\/\/yournordichome.com\/product\/service-table-w-2-drawers\/"},"modified":"2025-08-07T08:47:26","modified_gmt":"2025-08-07T08:47:26","slug":"servicetisch-mit-2-schubladen","status":"publish","type":"product","link":"https:\/\/yournordichome.com\/de\/product\/service-table-w-2-drawers\/","title":{"rendered":"Servicetisch mit 2 Schubladen"},"content":{"rendered":"<p><strong>Servicetisch mit 2 Schubladen<\/strong> aus nat\u00fcrlichem, recyceltem Kiefernholz. Sein tiefbrauner Farbton bringt W\u00e4rme in Ihr Zuhause. Sie k\u00f6nnen ihn praktisch in der Diele, im Wohnzimmer und im Schlafzimmer verwenden. Seine breite Tischplatte l\u00e4sst sich gut dekorieren, und die zwei Schubladen bieten Stauraum.<\/p>\n<p>Abmessungen des Produkts: H85\/L150\/W40 cm<br \/>\nMaterial: Recyceltes Kiefernholz<\/p>","protected":false},"excerpt":{"rendered":"<p>Konsolentisch aus nat\u00fcrlichem recyceltem Kiefernholz, mit zwei Schubladen. Seine breite Tischplatte und die tiefen Schubladen bieten viel Stauraum.<\/p>","protected":false},"featured_media":4917,"comment_status":"closed","ping_status":"closed","template":"","meta":{"_acf_changed":false,"_kad_post_transparent":"default","_kad_post_title":"","_kad_post_layout":"default","_kad_post_sidebar_id":"","_kad_post_content_style":"default","_kad_post_vertical_padding":"default","_kad_post_feature":"","_kad_post_feature_position":"","_kad_post_header":false,"_kad_post_footer":false,"_kad_post_classname":""},"pwb-brand":[19],"product_brand":[],"product_cat":[200,157],"product_tag":[334,398,397,34,396,257,1059],"gyarto":[],"class_list":{"0":"post-4922","1":"product","2":"type-product","3":"status-publish","4":"has-post-thumbnail","6":"pwb-brand-chic-antique","7":"product_cat-console-table","8":"product_cat-table","9":"product_tag-new-arrivals","10":"product_tag-nordic-design","11":"product_tag-nordic-home","12":"product_tag-nordic-interior-design","13":"product_tag-nordic-style","14":"product_tag-pinewood-furniture","15":"product_tag-spring-summer-2024","16":"pa_colour-nature","17":"pa_material-pine-wood","19":"first","20":"instock","21":"taxable","22":"shipping-taxable","23":"purchasable","24":"product-type-simple","25":"entry","26":"content-bg","27":"loop-entry"},"acf":[],"brands":[{"id":19,"name":"Schick antik","slug":"schicke-antiquitat"}],"_links":{"self":[{"href":"https:\/\/yournordichome.com\/de\/wp-json\/wp\/v2\/product\/4922","targetHints":{"allow":["GET"]}}],"collection":[{"href":"https:\/\/yournordichome.com\/de\/wp-json\/wp\/v2\/product"}],"about":[{"href":"https:\/\/yournordichome.com\/de\/wp-json\/wp\/v2\/types\/product"}],"replies":[{"embeddable":true,"href":"https:\/\/yournordichome.com\/de\/wp-json\/wp\/v2\/comments?post=4922"}],"wp:featuredmedia":[{"embeddable":true,"href":"https:\/\/yournordichome.com\/de\/wp-json\/wp\/v2\/media\/4917"}],"wp:attachment":[{"href":"https:\/\/yournordichome.com\/de\/wp-json\/wp\/v2\/media?parent=4922"}],"wp:term":[{"taxonomy":"pwb-brand","embeddable":true,"href":"https:\/\/yournordichome.com\/de\/wp-json\/wp\/v2\/pwb-brand?post=4922"},{"taxonomy":"product_brand","embeddable":true,"href":"https:\/\/yournordichome.com\/de\/wp-json\/wp\/v2\/product_brand?post=4922"},{"taxonomy":"product_cat","embeddable":true,"href":"https:\/\/yournordichome.com\/de\/wp-json\/wp\/v2\/product_cat?post=4922"},{"taxonomy":"product_tag","embeddable":true,"href":"https:\/\/yournordichome.com\/de\/wp-json\/wp\/v2\/product_tag?post=4922"},{"taxonomy":"gyarto","embeddable":true,"href":"https:\/\/yournordichome.com\/de\/wp-json\/wp\/v2\/gyarto?post=4922"}],"curies":[{"name":"wp","href":"https:\/\/api.w.org\/{rel}","templated":true}]}}