{"id":4889,"date":"2024-01-14T16:24:26","date_gmt":"2024-01-14T16:24:26","guid":{"rendered":"https:\/\/yournordichome.com\/product\/grimaud-wall-shelf\/"},"modified":"2025-09-20T07:55:01","modified_gmt":"2025-09-20T07:55:01","slug":"grimaud-wandregal","status":"publish","type":"product","link":"https:\/\/yournordichome.com\/de\/product\/grimaud-wall-shelf\/","title":{"rendered":"Grimaud Wandregal"},"content":{"rendered":"<p><strong>Grimaud Wandregal<\/strong> von Chic Antique aus wiederverwertetem Holz.<\/p>\n<p>Die Grimaud-Kollektion besteht aus einer Auswahl einzigartiger St\u00fccke - alte Artefakte und Gegenst\u00e4nde aus sch\u00f6n patiniertem, recyceltem Holz. Sie tragen dazu bei, einem Zuhause W\u00e4rme, Seele und Geschichte zu verleihen.<\/p>\n<p>Die Kollektion umfasst sowohl sch\u00f6ne Dekorationsst\u00fccke als auch M\u00f6bel. Allen Grimauds gemeinsam sind die Spuren eines fr\u00fcheren Lebens und einer fr\u00fcheren Bestimmung.<\/p>\n<p>Die Philosophie von Chic Antique ist es, alten Sch\u00e4tzen neues Leben einzuhauchen, und die Kollektion Grimaud ist der Inbegriff daf\u00fcr.<\/p>\n<p>Bitte beachten Sie, dass alle Grimaud-St\u00fccke einzigartig sind und keine zwei gleich sind. Dies bedeutet, dass sie in Form, Gr\u00f6\u00dfe und Holzart variieren k\u00f6nnen.<\/p>\n<p>Abmessungen des Produkts: H55\/L70\/W12 cm<br \/>\nMaterial: Wiederaufbereitetes Holz<br \/>\nFarbe: Natur<br \/>\nKann tragen bis zu: 10 kg<\/p>","protected":false},"excerpt":{"rendered":"<p>Wandregal aus recyceltem Holz im Vintage-Look, das mit seinen vielen F\u00e4chern eine hervorragende Ablagefl\u00e4che bietet.<\/p>","protected":false},"featured_media":4845,"comment_status":"closed","ping_status":"closed","template":"","meta":{"_acf_changed":false,"_kad_post_transparent":"default","_kad_post_title":"","_kad_post_layout":"default","_kad_post_sidebar_id":"","_kad_post_content_style":"default","_kad_post_vertical_padding":"default","_kad_post_feature":"","_kad_post_feature_position":"","_kad_post_header":false,"_kad_post_footer":false,"_kad_post_classname":""},"pwb-brand":[19],"product_brand":[],"product_cat":[94,167],"product_tag":[398,397,34,396,318,136,98],"gyarto":[],"class_list":{"0":"post-4889","1":"product","2":"type-product","3":"status-publish","4":"has-post-thumbnail","6":"pwb-brand-chic-antique","7":"product_cat-furniture","8":"product_cat-wall-shelf","9":"product_tag-nordic-design","10":"product_tag-nordic-home","11":"product_tag-nordic-interior-design","12":"product_tag-nordic-style","13":"product_tag-reclaimed-wood-furniture","14":"product_tag-shelves","15":"product_tag-vintage-style","16":"pa_colour-nature","17":"pa_material-reclaimed-wood","19":"first","20":"instock","21":"taxable","22":"shipping-taxable","23":"purchasable","24":"product-type-simple","25":"entry","26":"content-bg","27":"loop-entry"},"acf":[],"brands":[{"id":19,"name":"Schick antik","slug":"schicke-antiquitat"}],"_links":{"self":[{"href":"https:\/\/yournordichome.com\/de\/wp-json\/wp\/v2\/product\/4889","targetHints":{"allow":["GET"]}}],"collection":[{"href":"https:\/\/yournordichome.com\/de\/wp-json\/wp\/v2\/product"}],"about":[{"href":"https:\/\/yournordichome.com\/de\/wp-json\/wp\/v2\/types\/product"}],"replies":[{"embeddable":true,"href":"https:\/\/yournordichome.com\/de\/wp-json\/wp\/v2\/comments?post=4889"}],"wp:featuredmedia":[{"embeddable":true,"href":"https:\/\/yournordichome.com\/de\/wp-json\/wp\/v2\/media\/4845"}],"wp:attachment":[{"href":"https:\/\/yournordichome.com\/de\/wp-json\/wp\/v2\/media?parent=4889"}],"wp:term":[{"taxonomy":"pwb-brand","embeddable":true,"href":"https:\/\/yournordichome.com\/de\/wp-json\/wp\/v2\/pwb-brand?post=4889"},{"taxonomy":"product_brand","embeddable":true,"href":"https:\/\/yournordichome.com\/de\/wp-json\/wp\/v2\/product_brand?post=4889"},{"taxonomy":"product_cat","embeddable":true,"href":"https:\/\/yournordichome.com\/de\/wp-json\/wp\/v2\/product_cat?post=4889"},{"taxonomy":"product_tag","embeddable":true,"href":"https:\/\/yournordichome.com\/de\/wp-json\/wp\/v2\/product_tag?post=4889"},{"taxonomy":"gyarto","embeddable":true,"href":"https:\/\/yournordichome.com\/de\/wp-json\/wp\/v2\/gyarto?post=4889"}],"curies":[{"name":"wp","href":"https:\/\/api.w.org\/{rel}","templated":true}]}}