{"id":4721,"date":"2024-01-09T18:26:49","date_gmt":"2024-01-09T18:26:49","guid":{"rendered":"https:\/\/yournordichome.com\/product\/french-office-chair-w-wicker-seat\/"},"modified":"2025-07-30T16:38:25","modified_gmt":"2025-07-30T16:38:25","slug":"franzosischer-burostuhl-mit-geflochtenem-sitz","status":"publish","type":"product","link":"https:\/\/yournordichome.com\/de\/product\/french-office-chair-w-wicker-seat\/","title":{"rendered":"Franz\u00f6sischer B\u00fcrostuhl mit Sitz aus Korbgeflecht"},"content":{"rendered":"<p><strong>Franz\u00f6sischer B\u00fcrostuhl mit Korbsitz<\/strong> von Chic Antique mit einer R\u00fccken- und Armlehne, die so geformt ist, dass sie hervorragenden Komfort bietet. Mit einem Handgriff k\u00f6nnen Sie ihn auf Ihre bevorzugte Sitzh\u00f6he einstellen. Die R\u00e4der erg\u00e4nzen das Design mit ihrem antik wirkenden Eisen perfekt.<\/p>\n<p>Das Design des Stuhls ist elegant und leicht und passt sowohl zu einem modernen als auch zu einem rustikalen und romantischen Einrichtungsstil. Neben dem Heimb\u00fcro wird der B\u00fcrostuhl auch das B\u00fcro, den Empfang oder den Konferenzraum versch\u00f6nern.<\/p>\n<p>Abmessungen des Produkts: H80 \/ L60 \/ B60 cm<br \/>\nSitzh\u00f6he: 43 - 54 cm<br \/>\nMaterial: Birkenholz, Rattan<br \/>\nMaximale Gewichtskapazit\u00e4t: 100 kg<\/p>","protected":false},"excerpt":{"rendered":"<p>Handgefertigter B\u00fcrostuhl aus massivem Birkenholz mit Details aus franz\u00f6sischem Korbgeflecht an der R\u00fcckenlehne und dem gepolsterten Sitz. Er vervollst\u00e4ndigt das Heimb\u00fcro perfekt.<\/p>","protected":false},"featured_media":4689,"comment_status":"closed","ping_status":"closed","template":"","meta":{"_acf_changed":false,"_kad_post_transparent":"default","_kad_post_title":"","_kad_post_layout":"default","_kad_post_sidebar_id":"","_kad_post_content_style":"default","_kad_post_vertical_padding":"default","_kad_post_feature":"","_kad_post_feature_position":"","_kad_post_header":false,"_kad_post_footer":false,"_kad_post_classname":""},"pwb-brand":[19],"product_brand":[],"product_cat":[152,153],"product_tag":[334,398,397,34,396,1061,1059],"gyarto":[],"class_list":{"0":"post-4721","1":"product","2":"type-product","3":"status-publish","4":"has-post-thumbnail","6":"pwb-brand-chic-antique","7":"product_cat-chair","8":"product_cat-lounge-chair","9":"product_tag-new-arrivals","10":"product_tag-nordic-design","11":"product_tag-nordic-home","12":"product_tag-nordic-interior-design","13":"product_tag-nordic-style","14":"product_tag-office-chair","15":"product_tag-spring-summer-2024","16":"pa_colour-nature","17":"pa_material-birch-wood","19":"first","20":"instock","21":"taxable","22":"shipping-taxable","23":"purchasable","24":"product-type-simple","25":"entry","26":"content-bg","27":"loop-entry"},"acf":[],"brands":[{"id":19,"name":"Schick antik","slug":"schicke-antiquitat"}],"_links":{"self":[{"href":"https:\/\/yournordichome.com\/de\/wp-json\/wp\/v2\/product\/4721","targetHints":{"allow":["GET"]}}],"collection":[{"href":"https:\/\/yournordichome.com\/de\/wp-json\/wp\/v2\/product"}],"about":[{"href":"https:\/\/yournordichome.com\/de\/wp-json\/wp\/v2\/types\/product"}],"replies":[{"embeddable":true,"href":"https:\/\/yournordichome.com\/de\/wp-json\/wp\/v2\/comments?post=4721"}],"wp:featuredmedia":[{"embeddable":true,"href":"https:\/\/yournordichome.com\/de\/wp-json\/wp\/v2\/media\/4689"}],"wp:attachment":[{"href":"https:\/\/yournordichome.com\/de\/wp-json\/wp\/v2\/media?parent=4721"}],"wp:term":[{"taxonomy":"pwb-brand","embeddable":true,"href":"https:\/\/yournordichome.com\/de\/wp-json\/wp\/v2\/pwb-brand?post=4721"},{"taxonomy":"product_brand","embeddable":true,"href":"https:\/\/yournordichome.com\/de\/wp-json\/wp\/v2\/product_brand?post=4721"},{"taxonomy":"product_cat","embeddable":true,"href":"https:\/\/yournordichome.com\/de\/wp-json\/wp\/v2\/product_cat?post=4721"},{"taxonomy":"product_tag","embeddable":true,"href":"https:\/\/yournordichome.com\/de\/wp-json\/wp\/v2\/product_tag?post=4721"},{"taxonomy":"gyarto","embeddable":true,"href":"https:\/\/yournordichome.com\/de\/wp-json\/wp\/v2\/gyarto?post=4721"}],"curies":[{"name":"wp","href":"https:\/\/api.w.org\/{rel}","templated":true}]}}