{"id":4653,"date":"2024-01-07T11:15:58","date_gmt":"2024-01-07T11:15:58","guid":{"rendered":"https:\/\/yournordichome.com\/product\/green-firwood-wall-shelf\/"},"modified":"2025-12-10T16:54:24","modified_gmt":"2025-12-10T16:54:24","slug":"wandregal-aus-grunem-tannenholz","status":"publish","type":"product","link":"https:\/\/yournordichome.com\/de\/product\/green-firwood-wall-shelf\/","title":{"rendered":"Wandregal aus gr\u00fcnem Tannenholz"},"content":{"rendered":"<p>Das Preston Regal von Bloomingville ist aus Tannenholz in einem staubigen Gr\u00fcn mit einem Used-Look gefertigt. Das Regal eignet sich perfekt f\u00fcr die Aufbewahrung von Tassen oder kleineren Gegenst\u00e4nden. Warum machen Sie Ihre Tassenablage nicht zu einem pers\u00f6nlichen und dekorativen Erlebnis?<\/p>\n<p>Abmessungen des Produkts: L67xH12xB41 cm<br \/>\nAbstand zwischen den Einlegeb\u00f6den: 12,5 cm<br \/>\nFarbe: Gr\u00fcn<br \/>\nZusammensetzung: Tannenholz<br \/>\nMaximale Gewichtskapazit\u00e4t: 0,6 kg pro Raum<br \/>\nWandbefestigungen nicht enthalten.<\/p>","protected":false},"excerpt":{"rendered":"<p>Wandregal in staubgr\u00fcner Farbe aus Tannenholz mit 15 Ablagefl\u00e4chen f\u00fcr Tassen oder kleine Dekorationen.<\/p>","protected":false},"featured_media":4642,"comment_status":"closed","ping_status":"closed","template":"","meta":{"_acf_changed":false,"_kad_post_transparent":"default","_kad_post_title":"","_kad_post_layout":"default","_kad_post_sidebar_id":"","_kad_post_content_style":"default","_kad_post_vertical_padding":"default","_kad_post_feature":"","_kad_post_feature_position":"","_kad_post_header":false,"_kad_post_footer":false,"_kad_post_classname":""},"pwb-brand":[17],"product_brand":[],"product_cat":[94,167],"product_tag":[334,398,397,34,396,1047,136,1059],"gyarto":[],"class_list":{"0":"post-4653","1":"product","2":"type-product","3":"status-publish","4":"has-post-thumbnail","6":"pwb-brand-bloomingville","7":"product_cat-furniture","8":"product_cat-wall-shelf","9":"product_tag-new-arrivals","10":"product_tag-nordic-design","11":"product_tag-nordic-home","12":"product_tag-nordic-interior-design","13":"product_tag-nordic-style","14":"product_tag-shelf","15":"product_tag-shelves","16":"product_tag-spring-summer-2024","17":"pa_colour-green","18":"pa_material-firwood","20":"first","21":"instock","22":"taxable","23":"shipping-taxable","24":"purchasable","25":"product-type-simple","26":"entry","27":"content-bg","28":"loop-entry"},"acf":[],"brands":[{"id":17,"name":"Bloomingville","slug":"bloomingville"}],"_links":{"self":[{"href":"https:\/\/yournordichome.com\/de\/wp-json\/wp\/v2\/product\/4653","targetHints":{"allow":["GET"]}}],"collection":[{"href":"https:\/\/yournordichome.com\/de\/wp-json\/wp\/v2\/product"}],"about":[{"href":"https:\/\/yournordichome.com\/de\/wp-json\/wp\/v2\/types\/product"}],"replies":[{"embeddable":true,"href":"https:\/\/yournordichome.com\/de\/wp-json\/wp\/v2\/comments?post=4653"}],"wp:featuredmedia":[{"embeddable":true,"href":"https:\/\/yournordichome.com\/de\/wp-json\/wp\/v2\/media\/4642"}],"wp:attachment":[{"href":"https:\/\/yournordichome.com\/de\/wp-json\/wp\/v2\/media?parent=4653"}],"wp:term":[{"taxonomy":"pwb-brand","embeddable":true,"href":"https:\/\/yournordichome.com\/de\/wp-json\/wp\/v2\/pwb-brand?post=4653"},{"taxonomy":"product_brand","embeddable":true,"href":"https:\/\/yournordichome.com\/de\/wp-json\/wp\/v2\/product_brand?post=4653"},{"taxonomy":"product_cat","embeddable":true,"href":"https:\/\/yournordichome.com\/de\/wp-json\/wp\/v2\/product_cat?post=4653"},{"taxonomy":"product_tag","embeddable":true,"href":"https:\/\/yournordichome.com\/de\/wp-json\/wp\/v2\/product_tag?post=4653"},{"taxonomy":"gyarto","embeddable":true,"href":"https:\/\/yournordichome.com\/de\/wp-json\/wp\/v2\/gyarto?post=4653"}],"curies":[{"name":"wp","href":"https:\/\/api.w.org\/{rel}","templated":true}]}}