{"id":4611,"date":"2024-01-06T14:27:33","date_gmt":"2024-01-06T14:27:33","guid":{"rendered":"https:\/\/yournordichome.com\/product\/shelf-brown-reclaimed-wood\/"},"modified":"2025-07-30T16:40:33","modified_gmt":"2025-07-30T16:40:33","slug":"regal-aus-braunem-altholz","status":"publish","type":"product","link":"https:\/\/yournordichome.com\/de\/product\/shelf-brown-reclaimed-wood\/","title":{"rendered":"Regal, Braun, Altholz"},"content":{"rendered":"<p>Das Tilo Regal von Bloomingville ist ein wundersch\u00f6nes Regal aus wiederverwertetem Holz. Verwenden Sie es als B\u00fccherregal, um Ihre Lieblingsb\u00fccher aufzubewahren oder als Regal, um Ihre Tassen, K\u00fcchenutensilien oder kleinere Gegenst\u00e4nde im Wohnzimmer zu pr\u00e4sentieren. Dieses vielseitige und stilvolle Regal wird einen Hauch von W\u00e4rme und Gem\u00fctlichkeit in Ihr Zuhause bringen.<\/p>\n<p>Abmessungen des Produkts: L70xH70xB10 cm<br \/>\nAbstand zwischen den Einlegeb\u00f6den: 16 cm<br \/>\nFarbe: Braun<br \/>\nZusammensetzung: Wiederaufbereitetes Holz<br \/>\nPflegeanleitung: Mit einem feuchten Tuch abwischen.<br \/>\nMaximale Gewichtskapazit\u00e4t: 1,5 kg pro Zimmer<br \/>\nInklusive Wandhalterungen.<\/p>","protected":false},"excerpt":{"rendered":"<p>Das Regal ist aus Altholz gefertigt und verleiht jedem Raum einen einzigartigen und rustikalen Charme.<\/p>","protected":false},"featured_media":3591,"comment_status":"closed","ping_status":"closed","template":"","meta":{"_acf_changed":false,"_kad_post_transparent":"default","_kad_post_title":"","_kad_post_layout":"default","_kad_post_sidebar_id":"","_kad_post_content_style":"default","_kad_post_vertical_padding":"default","_kad_post_feature":"","_kad_post_feature_position":"","_kad_post_header":false,"_kad_post_footer":false,"_kad_post_classname":""},"pwb-brand":[17],"product_brand":[],"product_cat":[94,167],"product_tag":[398,397,34,396,1047,136],"gyarto":[],"class_list":{"0":"post-4611","1":"product","2":"type-product","3":"status-publish","4":"has-post-thumbnail","6":"pwb-brand-bloomingville","7":"product_cat-furniture","8":"product_cat-wall-shelf","9":"product_tag-nordic-design","10":"product_tag-nordic-home","11":"product_tag-nordic-interior-design","12":"product_tag-nordic-style","13":"product_tag-shelf","14":"product_tag-shelves","15":"pa_colour-brown","16":"pa_material-reclaimed-wood","18":"first","19":"instock","20":"taxable","21":"shipping-taxable","22":"purchasable","23":"product-type-simple","24":"entry","25":"content-bg","26":"loop-entry"},"acf":[],"brands":[{"id":17,"name":"Bloomingville","slug":"bloomingville"}],"_links":{"self":[{"href":"https:\/\/yournordichome.com\/de\/wp-json\/wp\/v2\/product\/4611","targetHints":{"allow":["GET"]}}],"collection":[{"href":"https:\/\/yournordichome.com\/de\/wp-json\/wp\/v2\/product"}],"about":[{"href":"https:\/\/yournordichome.com\/de\/wp-json\/wp\/v2\/types\/product"}],"replies":[{"embeddable":true,"href":"https:\/\/yournordichome.com\/de\/wp-json\/wp\/v2\/comments?post=4611"}],"wp:featuredmedia":[{"embeddable":true,"href":"https:\/\/yournordichome.com\/de\/wp-json\/wp\/v2\/media\/3591"}],"wp:attachment":[{"href":"https:\/\/yournordichome.com\/de\/wp-json\/wp\/v2\/media?parent=4611"}],"wp:term":[{"taxonomy":"pwb-brand","embeddable":true,"href":"https:\/\/yournordichome.com\/de\/wp-json\/wp\/v2\/pwb-brand?post=4611"},{"taxonomy":"product_brand","embeddable":true,"href":"https:\/\/yournordichome.com\/de\/wp-json\/wp\/v2\/product_brand?post=4611"},{"taxonomy":"product_cat","embeddable":true,"href":"https:\/\/yournordichome.com\/de\/wp-json\/wp\/v2\/product_cat?post=4611"},{"taxonomy":"product_tag","embeddable":true,"href":"https:\/\/yournordichome.com\/de\/wp-json\/wp\/v2\/product_tag?post=4611"},{"taxonomy":"gyarto","embeddable":true,"href":"https:\/\/yournordichome.com\/de\/wp-json\/wp\/v2\/gyarto?post=4611"}],"curies":[{"name":"wp","href":"https:\/\/api.w.org\/{rel}","templated":true}]}}