{"id":4610,"date":"2024-01-06T14:27:33","date_gmt":"2024-01-06T14:27:33","guid":{"rendered":"https:\/\/yournordichome.com\/product\/lounge-chair-nature-rattan\/"},"modified":"2025-07-30T16:40:17","modified_gmt":"2025-07-30T16:40:17","slug":"loungesessel-natur-rattan","status":"publish","type":"product","link":"https:\/\/yournordichome.com\/de\/product\/lounge-chair-nature-rattan\/","title":{"rendered":"Loungesessel, Natur, Rattan"},"content":{"rendered":"<p>Der Baal Lounge Chair von Bloomingville ist ein sch\u00f6ner Loungesessel aus Rattan mit vielen sch\u00f6nen Details. Dieser Sessel ist perfekt f\u00fcr den Einsatz im Gew\u00e4chshaus oder im Wohnzimmer. Mit seinem einzigartigen Design und seiner detaillierten Konstruktion wird dieser Loungesessel jedem Raum in Ihrem Zuhause einen Hauch von Eleganz und Charme verleihen.<\/p>\n<p>Abmessungen des Produkts: L61xH75xB77 cm<br \/>\nSitztiefe: 50 cm<br \/>\nSitzh\u00f6he: 34 cm<br \/>\nArmh\u00f6he: 54 cm<br \/>\nFarbe: Natur<br \/>\nZusammensetzung: Rattan<br \/>\nPflegehinweise: Mit einem feuchten Tuch abwischen.<br \/>\nMaximale Gewichtskapazit\u00e4t: 110 kg<\/p>","protected":false},"excerpt":{"rendered":"<p>Sessel aus Rattan, der mit Kissen und \u00dcberw\u00fcrfen eine gem\u00fctliche und entspannte Atmosph\u00e4re schaffen kann.<\/p>","protected":false},"featured_media":3586,"comment_status":"closed","ping_status":"closed","template":"","meta":{"_acf_changed":false,"_kad_post_transparent":"default","_kad_post_title":"","_kad_post_layout":"default","_kad_post_sidebar_id":"","_kad_post_content_style":"default","_kad_post_vertical_padding":"default","_kad_post_feature":"","_kad_post_feature_position":"","_kad_post_header":false,"_kad_post_footer":false,"_kad_post_classname":""},"pwb-brand":[17],"product_brand":[],"product_cat":[152,153],"product_tag":[154,398,397,34,396],"gyarto":[],"class_list":{"0":"post-4610","1":"product","2":"type-product","3":"status-publish","4":"has-post-thumbnail","6":"pwb-brand-bloomingville","7":"product_cat-chair","8":"product_cat-lounge-chair","9":"product_tag-armchair","10":"product_tag-nordic-design","11":"product_tag-nordic-home","12":"product_tag-nordic-interior-design","13":"product_tag-nordic-style","14":"pa_colour-nature","15":"pa_material-rattan","17":"first","18":"instock","19":"taxable","20":"shipping-taxable","21":"purchasable","22":"product-type-simple","23":"entry","24":"content-bg","25":"loop-entry"},"acf":[],"brands":[{"id":17,"name":"Bloomingville","slug":"bloomingville"}],"_links":{"self":[{"href":"https:\/\/yournordichome.com\/de\/wp-json\/wp\/v2\/product\/4610","targetHints":{"allow":["GET"]}}],"collection":[{"href":"https:\/\/yournordichome.com\/de\/wp-json\/wp\/v2\/product"}],"about":[{"href":"https:\/\/yournordichome.com\/de\/wp-json\/wp\/v2\/types\/product"}],"replies":[{"embeddable":true,"href":"https:\/\/yournordichome.com\/de\/wp-json\/wp\/v2\/comments?post=4610"}],"wp:featuredmedia":[{"embeddable":true,"href":"https:\/\/yournordichome.com\/de\/wp-json\/wp\/v2\/media\/3586"}],"wp:attachment":[{"href":"https:\/\/yournordichome.com\/de\/wp-json\/wp\/v2\/media?parent=4610"}],"wp:term":[{"taxonomy":"pwb-brand","embeddable":true,"href":"https:\/\/yournordichome.com\/de\/wp-json\/wp\/v2\/pwb-brand?post=4610"},{"taxonomy":"product_brand","embeddable":true,"href":"https:\/\/yournordichome.com\/de\/wp-json\/wp\/v2\/product_brand?post=4610"},{"taxonomy":"product_cat","embeddable":true,"href":"https:\/\/yournordichome.com\/de\/wp-json\/wp\/v2\/product_cat?post=4610"},{"taxonomy":"product_tag","embeddable":true,"href":"https:\/\/yournordichome.com\/de\/wp-json\/wp\/v2\/product_tag?post=4610"},{"taxonomy":"gyarto","embeddable":true,"href":"https:\/\/yournordichome.com\/de\/wp-json\/wp\/v2\/gyarto?post=4610"}],"curies":[{"name":"wp","href":"https:\/\/api.w.org\/{rel}","templated":true}]}}