{"id":4606,"date":"2024-01-06T14:27:33","date_gmt":"2024-01-06T14:27:33","guid":{"rendered":"https:\/\/yournordichome.com\/product\/loft-dining-table\/"},"modified":"2025-04-04T07:46:27","modified_gmt":"2025-04-04T07:46:27","slug":"loft-esstisch","status":"publish","type":"product","link":"https:\/\/yournordichome.com\/de\/product\/loft-dining-table\/","title":{"rendered":"Loft-Esstisch"},"content":{"rendered":"<p>Der Loft Dining Table von Bloomingville hat einen rohen und nat\u00fcrlichen Look. Die Tischplatte ist aus wiederverwertetem Holz und das Gestell aus schwarzem Metall. Die Beine sind f\u00fcr eine einfache Lagerung zusammenklappbar. Versammeln Sie Ihre Freunde und Familie um diesen sch\u00f6nen gro\u00dfen Esstisch. Da die Tischplatte aus Altholz gefertigt ist, ist jeder Tisch ein Unikat.<\/p>\n<p>Abmessungen des Produkts: L190xH75xB85 cm<br \/>\nFarbe: Braun<br \/>\nZusammensetzung: Wiederaufbereitetes Holz, Eisen<br \/>\nPflegehinweise: Mit einem feuchten Tuch abwischen.<br \/>\nMaximale Gewichtskapazit\u00e4t: 150 kg<br \/>\nAbweichungen in Gr\u00f6\u00dfe, Form und Farbe k\u00f6nnen aufgrund der Materialien auftreten.<\/p>","protected":false},"excerpt":{"rendered":"<p>Loft Esstisch mit Tischplatte aus Altholz auf einem schwarzen Metallgestell.<\/p>","protected":false},"featured_media":4586,"comment_status":"closed","ping_status":"closed","template":"","meta":{"_acf_changed":false,"_kad_post_transparent":"default","_kad_post_title":"","_kad_post_layout":"default","_kad_post_sidebar_id":"","_kad_post_content_style":"default","_kad_post_vertical_padding":"default","_kad_post_feature":"","_kad_post_feature_position":"","_kad_post_header":false,"_kad_post_footer":false,"_kad_post_classname":""},"pwb-brand":[17],"product_brand":[],"product_cat":[240,157],"product_tag":[334,398,397,34,396,1059],"gyarto":[],"class_list":{"0":"post-4606","1":"product","2":"type-product","3":"status-publish","4":"has-post-thumbnail","6":"pwb-brand-bloomingville","7":"product_cat-dining-table","8":"product_cat-table","9":"product_tag-new-arrivals","10":"product_tag-nordic-design","11":"product_tag-nordic-home","12":"product_tag-nordic-interior-design","13":"product_tag-nordic-style","14":"product_tag-spring-summer-2024","15":"pa_colour-brown","16":"pa_material-reclaimed-wood","18":"first","19":"outofstock","20":"taxable","21":"shipping-taxable","22":"purchasable","23":"product-type-simple","24":"entry","25":"content-bg","26":"loop-entry"},"acf":[],"brands":[{"id":17,"name":"Bloomingville","slug":"bloomingville"}],"_links":{"self":[{"href":"https:\/\/yournordichome.com\/de\/wp-json\/wp\/v2\/product\/4606","targetHints":{"allow":["GET"]}}],"collection":[{"href":"https:\/\/yournordichome.com\/de\/wp-json\/wp\/v2\/product"}],"about":[{"href":"https:\/\/yournordichome.com\/de\/wp-json\/wp\/v2\/types\/product"}],"replies":[{"embeddable":true,"href":"https:\/\/yournordichome.com\/de\/wp-json\/wp\/v2\/comments?post=4606"}],"wp:featuredmedia":[{"embeddable":true,"href":"https:\/\/yournordichome.com\/de\/wp-json\/wp\/v2\/media\/4586"}],"wp:attachment":[{"href":"https:\/\/yournordichome.com\/de\/wp-json\/wp\/v2\/media?parent=4606"}],"wp:term":[{"taxonomy":"pwb-brand","embeddable":true,"href":"https:\/\/yournordichome.com\/de\/wp-json\/wp\/v2\/pwb-brand?post=4606"},{"taxonomy":"product_brand","embeddable":true,"href":"https:\/\/yournordichome.com\/de\/wp-json\/wp\/v2\/product_brand?post=4606"},{"taxonomy":"product_cat","embeddable":true,"href":"https:\/\/yournordichome.com\/de\/wp-json\/wp\/v2\/product_cat?post=4606"},{"taxonomy":"product_tag","embeddable":true,"href":"https:\/\/yournordichome.com\/de\/wp-json\/wp\/v2\/product_tag?post=4606"},{"taxonomy":"gyarto","embeddable":true,"href":"https:\/\/yournordichome.com\/de\/wp-json\/wp\/v2\/gyarto?post=4606"}],"curies":[{"name":"wp","href":"https:\/\/api.w.org\/{rel}","templated":true}]}}