{"id":4512,"date":"2023-12-19T10:16:54","date_gmt":"2023-12-19T10:16:54","guid":{"rendered":"https:\/\/yournordichome.com\/product\/table-lamp-nature-stoneware\/"},"modified":"2025-07-30T16:44:24","modified_gmt":"2025-07-30T16:44:24","slug":"tischlampe-natur-steinzeug","status":"publish","type":"product","link":"https:\/\/yournordichome.com\/de\/product\/table-lamp-nature-stoneware\/","title":{"rendered":"Tischlampe, Natur, Steingut"},"content":{"rendered":"<p>Die Natika Tischleuchte von Creative Collection hat ein auff\u00e4lliges Design. Der Lampenfu\u00df ist aus Terrakotta handgefertigt. Diese Lampe ist handgefertigt, was bedeutet, dass es eine kleine Variation in der Farbe und Form geben kann.<\/p>\n<p>Abmessungen des Produkts: T38xH64 cm<br \/>\nH\u00f6he des Lampenschirms: 25,5 cm<br \/>\nFarbe: Natur<br \/>\nZusammensetzung: Steingut, Leinen, Eisen<br \/>\nCE-gepr\u00fcft: Ja<br \/>\nEnergieklasse der Gl\u00fchbirne: Alle Klassen<br \/>\nInklusive Gl\u00fchbirne: Nein<br \/>\nForm der Gl\u00fchbirne: Gew\u00f6hnlich<br \/>\nGr\u00f6\u00dfe der Gl\u00fchbirne: E27<br \/>\nGl\u00fchbirnen-Typ: Gew\u00f6hnlich und LED<br \/>\nGl\u00fchbirnenleistung max. 40W \/ LED 5W \/ CFL 9W<br \/>\nFarbe der Kordel: Klar<br \/>\nKordell\u00e4nge: 160 cm<br \/>\nMaterial der Kordel: PVC+CU<br \/>\nKabel einschalten.<br \/>\nVerwendung im Freien: Nein<\/p>","protected":false},"excerpt":{"rendered":"<p>Handgefertigte Tischlampe aus Terrakotta in einer sch\u00f6nen, von Meereskorallen inspirierten Form, die in einem hellen Naturton lackiert ist. Perfekt begleitet von einem einfachen wei\u00dfen Lampenschirm aus Leinen.<\/p>","protected":false},"featured_media":4508,"comment_status":"closed","ping_status":"closed","template":"","meta":{"_acf_changed":false,"_kad_post_transparent":"default","_kad_post_title":"","_kad_post_layout":"default","_kad_post_sidebar_id":"","_kad_post_content_style":"default","_kad_post_vertical_padding":"default","_kad_post_feature":"","_kad_post_feature_position":"","_kad_post_header":false,"_kad_post_footer":false,"_kad_post_classname":""},"pwb-brand":[17],"product_brand":[],"product_cat":[73,72],"product_tag":[334,398,397,34,396,80,262,1059,89],"gyarto":[],"class_list":{"0":"post-4512","1":"product","2":"type-product","3":"status-publish","4":"has-post-thumbnail","6":"pwb-brand-bloomingville","7":"product_cat-desk-and-table-lamp","8":"product_cat-lamp","9":"product_tag-new-arrivals","10":"product_tag-nordic-design","11":"product_tag-nordic-home","12":"product_tag-nordic-interior-design","13":"product_tag-nordic-style","14":"product_tag-nordic-style-rug","15":"product_tag-runner-rug","16":"product_tag-spring-summer-2024","17":"product_tag-wool-rug","18":"pa_colour-nature","19":"pa_material-stoneware","21":"first","22":"instock","23":"taxable","24":"shipping-taxable","25":"purchasable","26":"product-type-simple","27":"entry","28":"content-bg","29":"loop-entry"},"acf":[],"brands":[{"id":17,"name":"Bloomingville","slug":"bloomingville"}],"_links":{"self":[{"href":"https:\/\/yournordichome.com\/de\/wp-json\/wp\/v2\/product\/4512","targetHints":{"allow":["GET"]}}],"collection":[{"href":"https:\/\/yournordichome.com\/de\/wp-json\/wp\/v2\/product"}],"about":[{"href":"https:\/\/yournordichome.com\/de\/wp-json\/wp\/v2\/types\/product"}],"replies":[{"embeddable":true,"href":"https:\/\/yournordichome.com\/de\/wp-json\/wp\/v2\/comments?post=4512"}],"wp:featuredmedia":[{"embeddable":true,"href":"https:\/\/yournordichome.com\/de\/wp-json\/wp\/v2\/media\/4508"}],"wp:attachment":[{"href":"https:\/\/yournordichome.com\/de\/wp-json\/wp\/v2\/media?parent=4512"}],"wp:term":[{"taxonomy":"pwb-brand","embeddable":true,"href":"https:\/\/yournordichome.com\/de\/wp-json\/wp\/v2\/pwb-brand?post=4512"},{"taxonomy":"product_brand","embeddable":true,"href":"https:\/\/yournordichome.com\/de\/wp-json\/wp\/v2\/product_brand?post=4512"},{"taxonomy":"product_cat","embeddable":true,"href":"https:\/\/yournordichome.com\/de\/wp-json\/wp\/v2\/product_cat?post=4512"},{"taxonomy":"product_tag","embeddable":true,"href":"https:\/\/yournordichome.com\/de\/wp-json\/wp\/v2\/product_tag?post=4512"},{"taxonomy":"gyarto","embeddable":true,"href":"https:\/\/yournordichome.com\/de\/wp-json\/wp\/v2\/gyarto?post=4512"}],"curies":[{"name":"wp","href":"https:\/\/api.w.org\/{rel}","templated":true}]}}