{"id":4449,"date":"2023-12-16T17:04:53","date_gmt":"2023-12-16T17:04:53","guid":{"rendered":"https:\/\/yournordichome.com\/product\/cream-table-lamp-stoneware\/"},"modified":"2025-07-30T16:49:13","modified_gmt":"2025-07-30T16:49:13","slug":"cremefarbene-tischlampe-aus-steingut","status":"publish","type":"product","link":"https:\/\/yournordichome.com\/de\/product\/cream-table-lamp-stoneware\/","title":{"rendered":"Cremefarbene Tischlampe, Steingut"},"content":{"rendered":"<p>Die Sergio Tischleuchte von Bloomingville ist eine sehr vielseitige Leuchte mit einer minimalistischen nordischen Form und einem weichen Ausdruck. Die Cremefarben des Keramiksockels und des Leinenschirms passen wunderbar Ton in Ton zusammen. Eine leichte und elegante Lampe.<\/p>\n<p>Abmessungen des Produkts: D20,5xH54,5 cm<br \/>\nH\u00f6he des Schirms: 24 cm<br \/>\nFarbe: Natur<br \/>\nZusammensetzung: Steingut, Leinen, Eisen<br \/>\nCE-gepr\u00fcft: Ja<br \/>\nEnergieklasse der Gl\u00fchbirne: Alle Klassen<br \/>\nInklusive Gl\u00fchbirne: Nein<br \/>\nForm der Gl\u00fchbirne: Gew\u00f6hnlich<br \/>\nGr\u00f6\u00dfe der Gl\u00fchbirne: E27<br \/>\nGl\u00fchbirnen-Typ: Gew\u00f6hnlich und LED<br \/>\nGl\u00fchbirnenleistung max. 40W \/ LED 5W \/ CFL 9W<br \/>\nFarbe der Kordel: Klar<br \/>\nKordell\u00e4nge: 160 cm<br \/>\nMaterial der Kordel: PVC+CU<br \/>\nKabel einschalten.<br \/>\nVerwendung im Freien: Nein<\/p>","protected":false},"excerpt":{"rendered":"<p>Cremefarbene Tischlampe mit einem naturfarbenen Leinenschirm. Minimalistisches und elegantes nordisches St\u00fcck.<\/p>","protected":false},"featured_media":4429,"comment_status":"closed","ping_status":"closed","template":"","meta":{"_acf_changed":false,"_kad_post_transparent":"default","_kad_post_title":"","_kad_post_layout":"default","_kad_post_sidebar_id":"","_kad_post_content_style":"default","_kad_post_vertical_padding":"default","_kad_post_feature":"","_kad_post_feature_position":"","_kad_post_header":false,"_kad_post_footer":false,"_kad_post_classname":""},"pwb-brand":[17],"product_brand":[],"product_cat":[73,72],"product_tag":[334,398,397,34,117,396,1059],"gyarto":[],"class_list":{"0":"post-4449","1":"product","2":"type-product","3":"status-publish","4":"has-post-thumbnail","6":"pwb-brand-bloomingville","7":"product_cat-desk-and-table-lamp","8":"product_cat-lamp","9":"product_tag-new-arrivals","10":"product_tag-nordic-design","11":"product_tag-nordic-home","12":"product_tag-nordic-interior-design","13":"product_tag-nordic-lamp","14":"product_tag-nordic-style","15":"product_tag-spring-summer-2024","16":"pa_colour-cream","17":"pa_material-stoneware","19":"first","20":"instock","21":"taxable","22":"shipping-taxable","23":"purchasable","24":"product-type-simple","25":"entry","26":"content-bg","27":"loop-entry"},"acf":[],"brands":[{"id":17,"name":"Bloomingville","slug":"bloomingville"}],"_links":{"self":[{"href":"https:\/\/yournordichome.com\/de\/wp-json\/wp\/v2\/product\/4449","targetHints":{"allow":["GET"]}}],"collection":[{"href":"https:\/\/yournordichome.com\/de\/wp-json\/wp\/v2\/product"}],"about":[{"href":"https:\/\/yournordichome.com\/de\/wp-json\/wp\/v2\/types\/product"}],"replies":[{"embeddable":true,"href":"https:\/\/yournordichome.com\/de\/wp-json\/wp\/v2\/comments?post=4449"}],"wp:featuredmedia":[{"embeddable":true,"href":"https:\/\/yournordichome.com\/de\/wp-json\/wp\/v2\/media\/4429"}],"wp:attachment":[{"href":"https:\/\/yournordichome.com\/de\/wp-json\/wp\/v2\/media?parent=4449"}],"wp:term":[{"taxonomy":"pwb-brand","embeddable":true,"href":"https:\/\/yournordichome.com\/de\/wp-json\/wp\/v2\/pwb-brand?post=4449"},{"taxonomy":"product_brand","embeddable":true,"href":"https:\/\/yournordichome.com\/de\/wp-json\/wp\/v2\/product_brand?post=4449"},{"taxonomy":"product_cat","embeddable":true,"href":"https:\/\/yournordichome.com\/de\/wp-json\/wp\/v2\/product_cat?post=4449"},{"taxonomy":"product_tag","embeddable":true,"href":"https:\/\/yournordichome.com\/de\/wp-json\/wp\/v2\/product_tag?post=4449"},{"taxonomy":"gyarto","embeddable":true,"href":"https:\/\/yournordichome.com\/de\/wp-json\/wp\/v2\/gyarto?post=4449"}],"curies":[{"name":"wp","href":"https:\/\/api.w.org\/{rel}","templated":true}]}}